{"id":1008,"date":"2020-05-22T01:25:39","date_gmt":"2020-05-21T23:25:39","guid":{"rendered":"http:\/\/www.astrouw.edu.pl\/knastr\/?page_id=1008"},"modified":"2020-05-24T02:11:18","modified_gmt":"2020-05-24T00:11:18","slug":"sesja-posterowa","status":"publish","type":"page","link":"https:\/\/www.astrouw.edu.pl\/knastr\/ksakn-2020\/sesja-posterowa\/","title":{"rendered":"KSAKN 2020 &#8211; Sesja posterowa"},"content":{"rendered":"<h4>Pawe\u0142 Drozda<\/h4>\n<p>&#8222;Z\u0142\u0105czenia BH-NS&#8221;<br \/>\n<a href=\"http:\/\/www.astrouw.edu.pl\/knastr\/wp-content\/uploads\/2020\/05\/poster_Pawel-Drozda_v2.pdf\">poster_Pawel-Drozda.pdf<\/a><br \/>\n<\/br><\/p>\n<h4>Magdalena Paw\u0142owska<\/h4>\n<p>&#8222;Marsja\u0144ska atmosfera&#8221;<br \/>\n<a href=\"http:\/\/www.astrouw.edu.pl\/knastr\/wp-content\/uploads\/2020\/05\/poster_Magdalena-Pawlowska.pdf\">poster_Magdalena-Pawlowska.pdf<\/a><br \/>\n<\/br><\/p>\n<h4>Monika Stangret<\/h4>\n<p>&#8222;Fe I oraz Fe II w atmosferze ultra-gor\u0105cego jowisza MASCARA-2b&#8221;<br \/>\n<a href=\"http:\/\/www.astrouw.edu.pl\/knastr\/wp-content\/uploads\/2020\/05\/poster_Monika-Stangret.pdf\">poster_Monika-Stangret.pdf<\/a><br \/>\n<\/br><\/p>\n<h4>Sara Str\u0105czek<\/h4>\n<p>&#8222;Mars Reconnaissance Orbiter \u2013 szukajcie, a b\u0119dzie wam dane&#8221;<br \/>\n<a href=\"http:\/\/www.astrouw.edu.pl\/knastr\/wp-content\/uploads\/2020\/05\/poster_Sara-Straczek.pdf\">poster_Sara-Straczek.pdf<\/a><\/p>\n","protected":false},"excerpt":{"rendered":"<p>Pawe\u0142 Drozda &#8222;Z\u0142\u0105czenia BH-NS&#8221; poster_Pawel-Drozda.pdf Magdalena Paw\u0142owska &#8222;Marsja\u0144ska atmosfera&#8221; poster_Magdalena-Pawlowska.pdf Monika Stangret &#8222;Fe I oraz Fe II w atmosferze ultra-gor\u0105cego jowisza MASCARA-2b&#8221; poster_Monika-Stangret.pdf Sara Str\u0105czek &#8222;Mars Reconnaissance Orbiter \u2013 szukajcie, a b\u0119dzie wam dane&#8221;&#46;&#46;&#46;<\/p>\n","protected":false},"author":6,"featured_media":0,"parent":741,"menu_order":0,"comment_status":"closed","ping_status":"closed","template":"","meta":{"footnotes":""},"_links":{"self":[{"href":"https:\/\/www.astrouw.edu.pl\/knastr\/wp-json\/wp\/v2\/pages\/1008"}],"collection":[{"href":"https:\/\/www.astrouw.edu.pl\/knastr\/wp-json\/wp\/v2\/pages"}],"about":[{"href":"https:\/\/www.astrouw.edu.pl\/knastr\/wp-json\/wp\/v2\/types\/page"}],"author":[{"embeddable":true,"href":"https:\/\/www.astrouw.edu.pl\/knastr\/wp-json\/wp\/v2\/users\/6"}],"replies":[{"embeddable":true,"href":"https:\/\/www.astrouw.edu.pl\/knastr\/wp-json\/wp\/v2\/comments?post=1008"}],"version-history":[{"count":13,"href":"https:\/\/www.astrouw.edu.pl\/knastr\/wp-json\/wp\/v2\/pages\/1008\/revisions"}],"predecessor-version":[{"id":1043,"href":"https:\/\/www.astrouw.edu.pl\/knastr\/wp-json\/wp\/v2\/pages\/1008\/revisions\/1043"}],"up":[{"embeddable":true,"href":"https:\/\/www.astrouw.edu.pl\/knastr\/wp-json\/wp\/v2\/pages\/741"}],"wp:attachment":[{"href":"https:\/\/www.astrouw.edu.pl\/knastr\/wp-json\/wp\/v2\/media?parent=1008"}],"curies":[{"name":"wp","href":"https:\/\/api.w.org\/{rel}","templated":true}]}}