{"id":1114,"date":"2022-10-14T01:14:57","date_gmt":"2022-10-13T23:14:57","guid":{"rendered":"https:\/\/www.astrouw.edu.pl\/knastr\/?page_id=1114"},"modified":"2023-03-07T17:30:32","modified_gmt":"2023-03-07T16:30:32","slug":"ksakn-2022","status":"publish","type":"page","link":"https:\/\/www.astrouw.edu.pl\/knastr\/ksakn-2022\/","title":{"rendered":"Konferencja Studenckich Astronomicznych K\u00f3\u0142 Naukowych 2022"},"content":{"rendered":"<p><img loading=\"lazy\" decoding=\"async\" class=\"wp-image-1116 aligncenter\" src=\"https:\/\/www.astrouw.edu.pl\/knastr\/wp-content\/uploads\/2022\/10\/623579f9a74d7aba3e16327caff48d3e.0.jpg\" alt=\"\" width=\"522\" height=\"478\" srcset=\"https:\/\/www.astrouw.edu.pl\/knastr\/wp-content\/uploads\/2022\/10\/623579f9a74d7aba3e16327caff48d3e.0.jpg 810w, https:\/\/www.astrouw.edu.pl\/knastr\/wp-content\/uploads\/2022\/10\/623579f9a74d7aba3e16327caff48d3e.0-300x274.jpg 300w, https:\/\/www.astrouw.edu.pl\/knastr\/wp-content\/uploads\/2022\/10\/623579f9a74d7aba3e16327caff48d3e.0-768x703.jpg 768w\" sizes=\"(max-width: 522px) 100vw, 522px\" \/><\/p>\n<p>&nbsp;<\/p>\n<ol>\n<li><strong><a href=\"https:\/\/drive.google.com\/file\/d\/18QCL1gUGgU6uOI91t2E5ii_8qcIuRkdP\/view?usp=sharing\">Plan Konferencji<\/a><\/strong><del><\/del><\/li>\n<li><strong><a href=\"https:\/\/www.astrouw.edu.pl\/knastr\/ksakn-2022\/lista-uczestnikow\/\">Lista uczestnik\u00f3w<\/a><\/strong><\/li>\n<li><strong><a href=\"https:\/\/drive.google.com\/file\/d\/16tKViAQwmRLX4azwhnhiQpilarGljsBP\/view?usp=sharing\">Ksi\u0105\u017cka abstrakt\u00f3w<\/a><br \/>\n<\/strong><\/li>\n<li><strong><a href=\"https:\/\/www.astrouw.edu.pl\/knastr\/ksakn-2022\/ksakn-2022-podsumowanie\/\">Podsumowanie<\/a><\/strong><\/li>\n<\/ol>\n<p><strong>Z przyjemno\u015bci\u0105 og\u0142aszamy jesienno-zimow\u0105 edycj\u0119 Konferencji Studenckich Astronomicznych K\u00f3\u0142 Naukowych KSAKN kt\u00f3ra odb\u0119dzie si\u0119 w dniach 9-11 grudnia 2022 r.<\/strong><\/p>\n<p>Je\u015bli masz do zaprezentowania wyniki swojej pracy lub chcesz dokona\u0107 przegl\u0105du bada\u0144 dotycz\u0105cych ciekawego zagadnienia astronomicznego to serdecznie Ci\u0119 zapraszamy! Konferencj\u0119 dedykujemy zw\u0142aszcza studentom oraz doktorantom astronomii, jednak zapraszamy r\u00f3wnie\u017c student\u00f3w innych dziedzin, powi\u0105zanych z astronomi\u0105.<\/p>\n<p><strong>Konferencja odb\u0119dzie si\u0119 stacjonarnie, w Warszawie.<\/strong> B\u0119dzie si\u0119 odbywa\u0142a w budynku <a href=\"https:\/\/www.astrouw.edu.pl\">Obserwatorium Astronomicznego UW<\/a>. Nie b\u0119dziemy zbiera\u0107 op\u0142aty konferencyjnej.<\/p>\n<p>Darmowy nocleg dla uczestnik\u00f3w czynnych b\u0119dzie mia\u0142 miejsce w DS 3 UW (Dom Studencki nr 3 UW), nie ma potrzeby w\u0142asnor\u0119cznej rezerwacji owych miejsc, szczeg\u00f3\u0142owe informacje organizacyjne dotycz\u0105ce noclegu prze\u015blemy uczestnikom do 4 grudnia.<\/p>\n<p>Niebawem na stronie zamie\u015bcimy tak\u017ce szczeg\u00f3\u0142owy plan Konferencji wraz z ksi\u0105\u017ck\u0105 abstrakt\u00f3w. Osoby, kt\u00f3re nie przys\u0142a\u0142y abstraktu w terminie proszone s\u0105 o jego jak najszybsze wys\u0142anie \ud83d\ude42<\/p>\n<p>Wszelkie pytanie prosimy zg\u0142asza\u0107 do prezesa KNAstr:<br \/>\nArkadiusz Hess<br \/>\na.hess@student.uw.edu.pl<br \/>\nknastr@astrouw.edu.pl<\/p>\n<p>Formularz rejestracyjny znajdziecie w zak\u0142adce KSAKN 2022 u g\u00f3ry strony b\u0105d\u017a pod linkiem: <a href=\"https:\/\/www.astrouw.edu.pl\/knastr\/ksakn-2022\/formularz-rejestracyjny\/\">https:\/\/www.astrouw.edu.pl\/knastr\/ksakn-2022\/formularz-rejestracyjny\/<\/a> . Rejestracj\u0119 prowadzimy do 20 listopada (w terminie podstawowym), w przypadku os\u00f3b referuj\u0105cych do tego te\u017c terminu na kt\u00f3ry\u015b z powy\u017cej podanych adres\u00f3w mailowych nale\u017cy wys\u0142a\u0107 abstrakt swojego referatu w formacie .docx.<\/p>\n<p><strong>UWAGA: Termin przed\u0142u\u017conej rejestracji up\u0142yn\u0105\u0142 25 listopada!<\/strong><\/p>\n<p>Uwaga: Formularz mo\u017ce nie dzia\u0142a\u0107 na niekt\u00f3rych przegl\u0105darkach, je\u015bli taki problem si\u0119 pojawi zalecamy korzystanie z Firefoxa.<\/p>\n<p>&nbsp;<\/p>\n<h3>Patroni honorowi:<\/h3>\n<p><a href=\"https:\/\/www.urania.edu.pl\/\"><img loading=\"lazy\" decoding=\"async\" class=\" wp-image-479 aligncenter\" src=\"http:\/\/www.astrouw.edu.pl\/knastr\/wp-content\/uploads\/2019\/09\/Urania-winieta-czarna.png\" alt=\"\" width=\"294\" height=\"108\" \/><\/a><br \/>\n<!--\n<a href=\"https:\/\/polsa.gov.pl\/\"><img loading=\"lazy\" decoding=\"async\" class=\"aligncenter wp-image-1264 size-medium\" src=\"https:\/\/www.astrouw.edu.pl\/knastr\/wp-content\/uploads\/2022\/12\/LOGO-POLSA-300x167.jpg\" alt=\"\" width=\"300\" height=\"167\" srcset=\"https:\/\/www.astrouw.edu.pl\/knastr\/wp-content\/uploads\/2022\/12\/LOGO-POLSA-300x167.jpg 300w, https:\/\/www.astrouw.edu.pl\/knastr\/wp-content\/uploads\/2022\/12\/LOGO-POLSA-1024x571.jpg 1024w, https:\/\/www.astrouw.edu.pl\/knastr\/wp-content\/uploads\/2022\/12\/LOGO-POLSA-768x428.jpg 768w, https:\/\/www.astrouw.edu.pl\/knastr\/wp-content\/uploads\/2022\/12\/LOGO-POLSA-1536x856.jpg 1536w, https:\/\/www.astrouw.edu.pl\/knastr\/wp-content\/uploads\/2022\/12\/LOGO-POLSA-2048x1141.jpg 2048w\" sizes=\"(max-width: 300px) 100vw, 300px\" \/><\/a> --> <a href=\"https:\/\/www.pta.edu.pl\/\"><img loading=\"lazy\" decoding=\"async\" class=\"aligncenter wp-image-479\" src=\"http:\/\/www.astrouw.edu.pl\/knastr\/wp-content\/uploads\/2020\/04\/logo_PTA_wariant_A.png\" alt=\"\" width=\"188\" height=\"188\" \/><\/a><\/p>\n","protected":false},"excerpt":{"rendered":"<p>&nbsp; Plan Konferencji Lista uczestnik\u00f3w Ksi\u0105\u017cka abstrakt\u00f3w Podsumowanie Z przyjemno\u015bci\u0105 og\u0142aszamy jesienno-zimow\u0105 edycj\u0119 Konferencji Studenckich Astronomicznych K\u00f3\u0142 Naukowych KSAKN kt\u00f3ra odb\u0119dzie si\u0119 w dniach 9-11 grudnia 2022 r. Je\u015bli masz do zaprezentowania wyniki swojej&#46;&#46;&#46;<\/p>\n","protected":false},"author":1,"featured_media":0,"parent":0,"menu_order":0,"comment_status":"closed","ping_status":"closed","template":"","meta":{"footnotes":""},"_links":{"self":[{"href":"https:\/\/www.astrouw.edu.pl\/knastr\/wp-json\/wp\/v2\/pages\/1114"}],"collection":[{"href":"https:\/\/www.astrouw.edu.pl\/knastr\/wp-json\/wp\/v2\/pages"}],"about":[{"href":"https:\/\/www.astrouw.edu.pl\/knastr\/wp-json\/wp\/v2\/types\/page"}],"author":[{"embeddable":true,"href":"https:\/\/www.astrouw.edu.pl\/knastr\/wp-json\/wp\/v2\/users\/1"}],"replies":[{"embeddable":true,"href":"https:\/\/www.astrouw.edu.pl\/knastr\/wp-json\/wp\/v2\/comments?post=1114"}],"version-history":[{"count":23,"href":"https:\/\/www.astrouw.edu.pl\/knastr\/wp-json\/wp\/v2\/pages\/1114\/revisions"}],"predecessor-version":[{"id":1278,"href":"https:\/\/www.astrouw.edu.pl\/knastr\/wp-json\/wp\/v2\/pages\/1114\/revisions\/1278"}],"wp:attachment":[{"href":"https:\/\/www.astrouw.edu.pl\/knastr\/wp-json\/wp\/v2\/media?parent=1114"}],"curies":[{"name":"wp","href":"https:\/\/api.w.org\/{rel}","templated":true}]}}