{"id":1170,"date":"2022-11-04T14:43:33","date_gmt":"2022-11-04T13:43:33","guid":{"rendered":"https:\/\/www.astrouw.edu.pl\/knastr\/?page_id=1170"},"modified":"2022-12-06T14:56:41","modified_gmt":"2022-12-06T13:56:41","slug":"lista-uczestnikow","status":"publish","type":"page","link":"https:\/\/www.astrouw.edu.pl\/knastr\/ksakn-2022\/lista-uczestnikow\/","title":{"rendered":"KSAKN 2022 &#8211; Lista uczestnik\u00f3w"},"content":{"rendered":"<p>&nbsp;<\/p>\n<h3>Delegowani studenci i pozostali go\u015bcie:<\/h3>\n<p>&nbsp;<\/p>\n<p><strong>Komitet organizacyjny:<\/strong><br \/>\nArkadiusz Hess<br \/>\nJurand Pr\u0105dzy\u0144ski<br \/>\nWojciech Knop<\/p>\n<p>&nbsp;<\/p>\n<div><strong>Uniwersytet im. Adama Mickiewicza w Poznaniu<\/strong><\/div>\n<ol>\n<li>Andrzej Barszczewski<\/li>\n<li>Zofia Budzik<\/li>\n<li>Jakub Derkowski<\/li>\n<li>Krzysztof Gozdal<\/li>\n<li>Julita Izydorczyk<\/li>\n<li>Cezary Kruszewski<\/li>\n<li>Micha\u0142 Kr\u00f3likiewicz<\/li>\n<li>Anna Krzy\u017caniak<\/li>\n<li>Micha\u0142 Ma\u0142kowski<\/li>\n<li>Tymoteusz Miciak<\/li>\n<li>Zofia Modli\u0144ska<\/li>\n<li>Marta Mino\u0142<\/li>\n<li>Justyna Olszewska<\/li>\n<li>Julia Per\u0142a<\/li>\n<li>Zuzanna Po\u017carycka<\/li>\n<li>Kornelia Rajchowiak<\/li>\n<li>\u0141ukasz Rogi\u0144ski<\/li>\n<li>Gabriela Strzy\u017cewska<\/li>\n<li>Dorian Smolski<\/li>\n<li>Maciej Sznajder<\/li>\n<li>Jakub Tokarek<\/li>\n<li>Aleksandra Trzaska<\/li>\n<li>Antoni Wilk<\/li>\n<\/ol>\n<p>&nbsp;<\/p>\n<div><strong>Uniwersytet Jagiello\u0144ski<\/strong><\/div>\n<ol>\n<li>Karolina Jarosik<\/li>\n<li>Wiktoria Kamieniarz<\/li>\n<li>Kamil Kasprzak<\/li>\n<li>Patryk Liniewicz<\/li>\n<li>Julia Ortyl<\/li>\n<li>Ala Pucek<\/li>\n<li>Adam Rokosz<\/li>\n<li>Kamil Rosi\u0144ski (Instytut Obserwatorium UJ)<\/li>\n<li>Mateusz Szczesny<\/li>\n<li>Katarzyna Wardzy\u0144ska<\/li>\n<li>Joanna \u017bak<\/li>\n<\/ol>\n<p>&nbsp;<\/p>\n<div><strong>Uniwersytet Miko\u0142aja Kopernika w Toruniu<\/strong><\/div>\n<ol>\n<li>Marta Cholewa<\/li>\n<li>Mateusz Golczyk<\/li>\n<li>Barbara Joachimczyk<\/li>\n<li>Jakub Lipi\u0144ski<\/li>\n<li>Mateusz Motyli\u0144ski<\/li>\n<li>Julia Sierzputowska<\/li>\n<li>Aleksandra \u015amiechowska<\/li>\n<\/ol>\n<p>&nbsp;<\/p>\n<div><strong>Uniwersytet Wroc\u0142awski<\/strong><\/div>\n<ol>\n<li>Karolina Antonik<\/li>\n<li>Aleksandra Freus<\/li>\n<li>Martyna Kucharska<\/li>\n<li>Micha\u0142 Marchewka<\/li>\n<li>Tomasz Mo\u015bcicki<\/li>\n<li>Ma\u0142gorzata Matuszek<\/li>\n<li>Alicja Muzyk<\/li>\n<li>Wojciech Niewiadomski<\/li>\n<li>Irena Palczewska<\/li>\n<li>Natalia Pasek<\/li>\n<li>Jakub Podemski<\/li>\n<li>R\u00f3\u017ca Pucha\u0142a<\/li>\n<li>Agata Prz\u0105dka<\/li>\n<li>Paulina Strycharska<\/li>\n<li>Mateusz Wojtasik<\/li>\n<\/ol>\n<p>&nbsp;<\/p>\n<div><strong>Uniwersytet Warszawski<\/strong><\/div>\n<ol>\n<li>Marta Bujalska<\/li>\n<li>Maksymilian Celi\u0144ski<\/li>\n<li>Jan Gers<\/li>\n<li>Konrad Grzesiak<\/li>\n<li>Arkadiusz Hess<\/li>\n<li>Kornel Howil<\/li>\n<li>Bartosz Kaczmarek<\/li>\n<li>Wojciech Knop<\/li>\n<li>Maksymilian Kruk<\/li>\n<li>Szymon Krysa<\/li>\n<li>Piotr P\u0142onka<\/li>\n<li>Jurand Pr\u0105dzy\u0144ski<\/li>\n<li>Marysia Puciata-Mroczy\u0144ska<\/li>\n<li>Uliana Pylypenko<\/li>\n<li>Jakub Szyndler<\/li>\n<li>Piotr Trzcionkowski<\/li>\n<\/ol>\n<p>&nbsp;<\/p>\n<p><strong>Politechnika Wroc\u0142awska<br \/>\n<\/strong><\/p>\n<ol>\n<li>Oliwia Bronisz<\/li>\n<li>Zuzanna Jankowska<\/li>\n<\/ol>\n<p>&nbsp;<\/p>\n<p><strong>Narodowe Centrum Bada\u0144 J\u0105drowych<br \/>\n<\/strong><\/p>\n<ol>\n<li>Krzysztof Lisiecki<\/li>\n<\/ol>\n","protected":false},"excerpt":{"rendered":"<p>&nbsp; Delegowani studenci i pozostali go\u015bcie: &nbsp; Komitet organizacyjny: Arkadiusz Hess Jurand Pr\u0105dzy\u0144ski Wojciech Knop &nbsp; Uniwersytet im. Adama Mickiewicza w Poznaniu Andrzej Barszczewski Zofia Budzik Jakub Derkowski Krzysztof Gozdal Julita Izydorczyk Cezary Kruszewski&#46;&#46;&#46;<\/p>\n","protected":false},"author":1,"featured_media":0,"parent":1114,"menu_order":0,"comment_status":"closed","ping_status":"closed","template":"","meta":{"footnotes":""},"_links":{"self":[{"href":"https:\/\/www.astrouw.edu.pl\/knastr\/wp-json\/wp\/v2\/pages\/1170"}],"collection":[{"href":"https:\/\/www.astrouw.edu.pl\/knastr\/wp-json\/wp\/v2\/pages"}],"about":[{"href":"https:\/\/www.astrouw.edu.pl\/knastr\/wp-json\/wp\/v2\/types\/page"}],"author":[{"embeddable":true,"href":"https:\/\/www.astrouw.edu.pl\/knastr\/wp-json\/wp\/v2\/users\/1"}],"replies":[{"embeddable":true,"href":"https:\/\/www.astrouw.edu.pl\/knastr\/wp-json\/wp\/v2\/comments?post=1170"}],"version-history":[{"count":14,"href":"https:\/\/www.astrouw.edu.pl\/knastr\/wp-json\/wp\/v2\/pages\/1170\/revisions"}],"predecessor-version":[{"id":1268,"href":"https:\/\/www.astrouw.edu.pl\/knastr\/wp-json\/wp\/v2\/pages\/1170\/revisions\/1268"}],"up":[{"embeddable":true,"href":"https:\/\/www.astrouw.edu.pl\/knastr\/wp-json\/wp\/v2\/pages\/1114"}],"wp:attachment":[{"href":"https:\/\/www.astrouw.edu.pl\/knastr\/wp-json\/wp\/v2\/media?parent=1170"}],"curies":[{"name":"wp","href":"https:\/\/api.w.org\/{rel}","templated":true}]}}