{"id":1275,"date":"2023-03-07T17:29:22","date_gmt":"2023-03-07T16:29:22","guid":{"rendered":"https:\/\/www.astrouw.edu.pl\/knastr\/?page_id=1275"},"modified":"2023-03-18T14:25:25","modified_gmt":"2023-03-18T13:25:25","slug":"ksakn-2022-podsumowanie","status":"publish","type":"page","link":"https:\/\/www.astrouw.edu.pl\/knastr\/ksakn-2022\/ksakn-2022-podsumowanie\/","title":{"rendered":"KSAKN 2022 &#8211; Podsumowanie i galeria zdj\u0119\u0107"},"content":{"rendered":"<p>Cieszymy si\u0119, \u017ce ostatni KSAKN, organizowany przez nasze Ko\u0142o m\u00f3g\u0142 cieszy\u0107 si\u0119 tak du\u017c\u0105 frekwencj\u0105 &#8211; na li\u015bcie obecno\u015bci odnotowa\u0142o si\u0119 67 os\u00f3b!<\/p>\n<p>Uczestnicy &#8211; g\u0142\u00f3wnie studenci astronomii z Krakowa, Torunia,\u00a0 Wroc\u0142awia, Poznania oraz Warszawy mieli okazj\u0119 do zaprezentowania swoich osi\u0105gni\u0119\u0107 naukowych lub przegl\u0105du wybranego zagadnienia astronomicznego w formie referatu lub plakatu. Wa\u017cnym elementem ka\u017cdego KSAKNu jest r\u00f3wnie\u017c integracja studenckiej spo\u0142eczno\u015bci astronomicznej, tote\u017c nie zabrak\u0142o r\u00f3wnie\u017c ciekawych rozm\u00f3w oraz integracji mi\u0119dzy uczestnikami.<\/p>\n<p>Tradycyjnie, nie zabrak\u0142o wyk\u0142ad\u00f3w go\u015bcinnych, kt\u00f3re w tym roku zaprezentowali naukowcy z Obserwatorium Astronomicznego UW &#8211; b\u0119d\u0105cy opiekunem naszego Ko\u0142a prof. \u0141ukasz Wyrzykowski\u00a0 przedstawi\u0142 prelekcj\u0119 pt. \u201eMisja kosmiczna Gaia i poszukiwanie zaginionych czarnych dziur w Galaktyce\u201d oraz dr hab. Rados\u0142aw Poleski, kt\u00f3ry wyg\u0142osi\u0142 wyk\u0142ad zatytu\u0142owany: &#8222;Co wiemy o mikrosoczewkowych planetach pozas\u0142onecznych?\u201d.<\/p>\n<p>Nast\u0119pny KSAKN, w edycji letniej, zorganizuje Ko\u0142o Naukowe Student\u00f3w Astronomii Uniwersytetu Jagiello\u0144skiego w maju. Ju\u017c teraz gor\u0105co zapraszamy!<\/p>\n<p>&nbsp;<\/p>\n<div id=\"attachment_1276\" style=\"width: 900px\" class=\"wp-caption aligncenter\"><img loading=\"lazy\" decoding=\"async\" aria-describedby=\"caption-attachment-1276\" class=\"wp-image-1276\" src=\"https:\/\/www.astrouw.edu.pl\/knastr\/wp-content\/uploads\/2023\/03\/ZDJ_CAL-scaled.jpg\" alt=\"\" width=\"890\" height=\"593\" srcset=\"https:\/\/www.astrouw.edu.pl\/knastr\/wp-content\/uploads\/2023\/03\/ZDJ_CAL-scaled.jpg 2560w, https:\/\/www.astrouw.edu.pl\/knastr\/wp-content\/uploads\/2023\/03\/ZDJ_CAL-300x200.jpg 300w, https:\/\/www.astrouw.edu.pl\/knastr\/wp-content\/uploads\/2023\/03\/ZDJ_CAL-1024x683.jpg 1024w, https:\/\/www.astrouw.edu.pl\/knastr\/wp-content\/uploads\/2023\/03\/ZDJ_CAL-768x512.jpg 768w, https:\/\/www.astrouw.edu.pl\/knastr\/wp-content\/uploads\/2023\/03\/ZDJ_CAL-1536x1024.jpg 1536w, https:\/\/www.astrouw.edu.pl\/knastr\/wp-content\/uploads\/2023\/03\/ZDJ_CAL-2048x1365.jpg 2048w\" sizes=\"(max-width: 890px) 100vw, 890px\" \/><p id=\"caption-attachment-1276\" class=\"wp-caption-text\">Pami\u0105tkowe zdj\u0119cie uczestnik\u00f3w<\/p><\/div>\n<p>&nbsp;<\/p>\n<p>Wi\u0119cej zdj\u0119\u0107 z wydarzenia:<\/p>\n\n\t\t<style type=\"text\/css\">\n\t\t\t#gallery-1 {\n\t\t\t\tmargin: auto;\n\t\t\t}\n\t\t\t#gallery-1 .gallery-item {\n\t\t\t\tfloat: left;\n\t\t\t\tmargin-top: 10px;\n\t\t\t\ttext-align: center;\n\t\t\t\twidth: 33%;\n\t\t\t}\n\t\t\t#gallery-1 img {\n\t\t\t\tborder: 2px solid #cfcfcf;\n\t\t\t}\n\t\t\t#gallery-1 .gallery-caption {\n\t\t\t\tmargin-left: 0;\n\t\t\t}\n\t\t\t\/* see gallery_shortcode() in wp-includes\/media.php *\/\n\t\t<\/style>\n\t\t<div id='gallery-1' class='gallery galleryid-1275 gallery-columns-3 gallery-size-medium'><dl class='gallery-item'>\n\t\t\t<dt class='gallery-icon landscape'>\n\t\t\t\t<a href='https:\/\/www.astrouw.edu.pl\/knastr\/wp-content\/uploads\/2023\/03\/ZDJ_CAL-1-scaled.jpg'><img loading=\"lazy\" decoding=\"async\" width=\"300\" height=\"200\" src=\"https:\/\/www.astrouw.edu.pl\/knastr\/wp-content\/uploads\/2023\/03\/ZDJ_CAL-1-300x200.jpg\" class=\"attachment-medium size-medium\" alt=\"\" aria-describedby=\"gallery-1-1295\" srcset=\"https:\/\/www.astrouw.edu.pl\/knastr\/wp-content\/uploads\/2023\/03\/ZDJ_CAL-1-300x200.jpg 300w, https:\/\/www.astrouw.edu.pl\/knastr\/wp-content\/uploads\/2023\/03\/ZDJ_CAL-1-1024x683.jpg 1024w, https:\/\/www.astrouw.edu.pl\/knastr\/wp-content\/uploads\/2023\/03\/ZDJ_CAL-1-768x512.jpg 768w, https:\/\/www.astrouw.edu.pl\/knastr\/wp-content\/uploads\/2023\/03\/ZDJ_CAL-1-1536x1024.jpg 1536w, https:\/\/www.astrouw.edu.pl\/knastr\/wp-content\/uploads\/2023\/03\/ZDJ_CAL-1-2048x1365.jpg 2048w\" sizes=\"(max-width: 300px) 100vw, 300px\" \/><\/a>\n\t\t\t<\/dt>\n\t\t\t\t<dd class='wp-caption-text gallery-caption' id='gallery-1-1295'>\n\t\t\t\tZdj\u0119cie pami\u0105tkowe\n\t\t\t\t<\/dd><\/dl><dl class='gallery-item'>\n\t\t\t<dt class='gallery-icon landscape'>\n\t\t\t\t<a href='https:\/\/www.astrouw.edu.pl\/knastr\/wp-content\/uploads\/2023\/03\/Wyklad-09-12-22-scaled.jpg'><img loading=\"lazy\" decoding=\"async\" width=\"300\" height=\"157\" src=\"https:\/\/www.astrouw.edu.pl\/knastr\/wp-content\/uploads\/2023\/03\/Wyklad-09-12-22-300x157.jpg\" class=\"attachment-medium size-medium\" alt=\"\" aria-describedby=\"gallery-1-1294\" srcset=\"https:\/\/www.astrouw.edu.pl\/knastr\/wp-content\/uploads\/2023\/03\/Wyklad-09-12-22-300x157.jpg 300w, https:\/\/www.astrouw.edu.pl\/knastr\/wp-content\/uploads\/2023\/03\/Wyklad-09-12-22-1024x536.jpg 1024w, https:\/\/www.astrouw.edu.pl\/knastr\/wp-content\/uploads\/2023\/03\/Wyklad-09-12-22-768x402.jpg 768w, https:\/\/www.astrouw.edu.pl\/knastr\/wp-content\/uploads\/2023\/03\/Wyklad-09-12-22-1536x804.jpg 1536w, https:\/\/www.astrouw.edu.pl\/knastr\/wp-content\/uploads\/2023\/03\/Wyklad-09-12-22-2048x1072.jpg 2048w\" sizes=\"(max-width: 300px) 100vw, 300px\" \/><\/a>\n\t\t\t<\/dt>\n\t\t\t\t<dd class='wp-caption-text gallery-caption' id='gallery-1-1294'>\n\t\t\t\tWyk\u0142ad prof. \u0141ukasza Wyrzykowskiego\n\t\t\t\t<\/dd><\/dl><dl class='gallery-item'>\n\t\t\t<dt class='gallery-icon landscape'>\n\t\t\t\t<a href='https:\/\/www.astrouw.edu.pl\/knastr\/wp-content\/uploads\/2023\/03\/11-12-22-scaled.jpg'><img loading=\"lazy\" decoding=\"async\" width=\"300\" height=\"225\" src=\"https:\/\/www.astrouw.edu.pl\/knastr\/wp-content\/uploads\/2023\/03\/11-12-22-300x225.jpg\" class=\"attachment-medium size-medium\" alt=\"\" aria-describedby=\"gallery-1-1282\" srcset=\"https:\/\/www.astrouw.edu.pl\/knastr\/wp-content\/uploads\/2023\/03\/11-12-22-300x225.jpg 300w, https:\/\/www.astrouw.edu.pl\/knastr\/wp-content\/uploads\/2023\/03\/11-12-22-1024x768.jpg 1024w, https:\/\/www.astrouw.edu.pl\/knastr\/wp-content\/uploads\/2023\/03\/11-12-22-768x576.jpg 768w, https:\/\/www.astrouw.edu.pl\/knastr\/wp-content\/uploads\/2023\/03\/11-12-22-1536x1152.jpg 1536w, https:\/\/www.astrouw.edu.pl\/knastr\/wp-content\/uploads\/2023\/03\/11-12-22-2048x1536.jpg 2048w\" sizes=\"(max-width: 300px) 100vw, 300px\" \/><\/a>\n\t\t\t<\/dt>\n\t\t\t\t<dd class='wp-caption-text gallery-caption' id='gallery-1-1282'>\n\t\t\t\tW trakcie referat\u00f3w\n\t\t\t\t<\/dd><\/dl><br style=\"clear: both\" \/><dl class='gallery-item'>\n\t\t\t<dt class='gallery-icon landscape'>\n\t\t\t\t<a href='https:\/\/www.astrouw.edu.pl\/knastr\/wp-content\/uploads\/2023\/03\/C-10-12-22-scaled.jpg'><img loading=\"lazy\" decoding=\"async\" width=\"300\" height=\"225\" src=\"https:\/\/www.astrouw.edu.pl\/knastr\/wp-content\/uploads\/2023\/03\/C-10-12-22-300x225.jpg\" class=\"attachment-medium size-medium\" alt=\"\" aria-describedby=\"gallery-1-1283\" srcset=\"https:\/\/www.astrouw.edu.pl\/knastr\/wp-content\/uploads\/2023\/03\/C-10-12-22-300x225.jpg 300w, https:\/\/www.astrouw.edu.pl\/knastr\/wp-content\/uploads\/2023\/03\/C-10-12-22-1024x768.jpg 1024w, https:\/\/www.astrouw.edu.pl\/knastr\/wp-content\/uploads\/2023\/03\/C-10-12-22-768x576.jpg 768w, https:\/\/www.astrouw.edu.pl\/knastr\/wp-content\/uploads\/2023\/03\/C-10-12-22-1536x1152.jpg 1536w, https:\/\/www.astrouw.edu.pl\/knastr\/wp-content\/uploads\/2023\/03\/C-10-12-22-2048x1536.jpg 2048w\" sizes=\"(max-width: 300px) 100vw, 300px\" \/><\/a>\n\t\t\t<\/dt>\n\t\t\t\t<dd class='wp-caption-text gallery-caption' id='gallery-1-1283'>\n\t\t\t\tW trakcie referat\u00f3w\n\t\t\t\t<\/dd><\/dl><dl class='gallery-item'>\n\t\t\t<dt class='gallery-icon landscape'>\n\t\t\t\t<a href='https:\/\/www.astrouw.edu.pl\/knastr\/wp-content\/uploads\/2023\/03\/Pr-11-12-2022-scaled.jpg'><img loading=\"lazy\" decoding=\"async\" width=\"300\" height=\"200\" src=\"https:\/\/www.astrouw.edu.pl\/knastr\/wp-content\/uploads\/2023\/03\/Pr-11-12-2022-300x200.jpg\" class=\"attachment-medium size-medium\" alt=\"\" aria-describedby=\"gallery-1-1293\" srcset=\"https:\/\/www.astrouw.edu.pl\/knastr\/wp-content\/uploads\/2023\/03\/Pr-11-12-2022-300x200.jpg 300w, https:\/\/www.astrouw.edu.pl\/knastr\/wp-content\/uploads\/2023\/03\/Pr-11-12-2022-1024x683.jpg 1024w, https:\/\/www.astrouw.edu.pl\/knastr\/wp-content\/uploads\/2023\/03\/Pr-11-12-2022-768x512.jpg 768w, https:\/\/www.astrouw.edu.pl\/knastr\/wp-content\/uploads\/2023\/03\/Pr-11-12-2022-1536x1024.jpg 1536w, https:\/\/www.astrouw.edu.pl\/knastr\/wp-content\/uploads\/2023\/03\/Pr-11-12-2022-2048x1365.jpg 2048w\" sizes=\"(max-width: 300px) 100vw, 300px\" \/><\/a>\n\t\t\t<\/dt>\n\t\t\t\t<dd class='wp-caption-text gallery-caption' id='gallery-1-1293'>\n\t\t\t\tW trakcie referat\u00f3w\n\t\t\t\t<\/dd><\/dl><dl class='gallery-item'>\n\t\t\t<dt class='gallery-icon landscape'>\n\t\t\t\t<a href='https:\/\/www.astrouw.edu.pl\/knastr\/wp-content\/uploads\/2023\/03\/Pr-10-12-22-scaled.jpg'><img loading=\"lazy\" decoding=\"async\" width=\"300\" height=\"225\" src=\"https:\/\/www.astrouw.edu.pl\/knastr\/wp-content\/uploads\/2023\/03\/Pr-10-12-22-300x225.jpg\" class=\"attachment-medium size-medium\" alt=\"\" aria-describedby=\"gallery-1-1292\" srcset=\"https:\/\/www.astrouw.edu.pl\/knastr\/wp-content\/uploads\/2023\/03\/Pr-10-12-22-300x225.jpg 300w, https:\/\/www.astrouw.edu.pl\/knastr\/wp-content\/uploads\/2023\/03\/Pr-10-12-22-1024x768.jpg 1024w, https:\/\/www.astrouw.edu.pl\/knastr\/wp-content\/uploads\/2023\/03\/Pr-10-12-22-768x576.jpg 768w, https:\/\/www.astrouw.edu.pl\/knastr\/wp-content\/uploads\/2023\/03\/Pr-10-12-22-1536x1152.jpg 1536w, https:\/\/www.astrouw.edu.pl\/knastr\/wp-content\/uploads\/2023\/03\/Pr-10-12-22-2048x1536.jpg 2048w\" sizes=\"(max-width: 300px) 100vw, 300px\" \/><\/a>\n\t\t\t<\/dt>\n\t\t\t\t<dd class='wp-caption-text gallery-caption' id='gallery-1-1292'>\n\t\t\t\tW trakcie referat\u00f3w\n\t\t\t\t<\/dd><\/dl><br style=\"clear: both\" \/><dl class='gallery-item'>\n\t\t\t<dt class='gallery-icon landscape'>\n\t\t\t\t<a href='https:\/\/www.astrouw.edu.pl\/knastr\/wp-content\/uploads\/2023\/03\/J-10-12-22-scaled.jpg'><img loading=\"lazy\" decoding=\"async\" width=\"300\" height=\"225\" src=\"https:\/\/www.astrouw.edu.pl\/knastr\/wp-content\/uploads\/2023\/03\/J-10-12-22-300x225.jpg\" class=\"attachment-medium size-medium\" alt=\"\" aria-describedby=\"gallery-1-1285\" srcset=\"https:\/\/www.astrouw.edu.pl\/knastr\/wp-content\/uploads\/2023\/03\/J-10-12-22-300x225.jpg 300w, https:\/\/www.astrouw.edu.pl\/knastr\/wp-content\/uploads\/2023\/03\/J-10-12-22-1024x768.jpg 1024w, https:\/\/www.astrouw.edu.pl\/knastr\/wp-content\/uploads\/2023\/03\/J-10-12-22-768x576.jpg 768w, https:\/\/www.astrouw.edu.pl\/knastr\/wp-content\/uploads\/2023\/03\/J-10-12-22-1536x1152.jpg 1536w, https:\/\/www.astrouw.edu.pl\/knastr\/wp-content\/uploads\/2023\/03\/J-10-12-22-2048x1536.jpg 2048w\" sizes=\"(max-width: 300px) 100vw, 300px\" \/><\/a>\n\t\t\t<\/dt>\n\t\t\t\t<dd class='wp-caption-text gallery-caption' id='gallery-1-1285'>\n\t\t\t\tJedzenie \ud83d\ude42\n\t\t\t\t<\/dd><\/dl><dl class='gallery-item'>\n\t\t\t<dt class='gallery-icon landscape'>\n\t\t\t\t<a href='https:\/\/www.astrouw.edu.pl\/knastr\/wp-content\/uploads\/2023\/03\/PL2-10-12-22-scaled.jpg'><img loading=\"lazy\" decoding=\"async\" width=\"300\" height=\"225\" src=\"https:\/\/www.astrouw.edu.pl\/knastr\/wp-content\/uploads\/2023\/03\/PL2-10-12-22-300x225.jpg\" class=\"attachment-medium size-medium\" alt=\"\" aria-describedby=\"gallery-1-1288\" srcset=\"https:\/\/www.astrouw.edu.pl\/knastr\/wp-content\/uploads\/2023\/03\/PL2-10-12-22-300x225.jpg 300w, https:\/\/www.astrouw.edu.pl\/knastr\/wp-content\/uploads\/2023\/03\/PL2-10-12-22-1024x768.jpg 1024w, https:\/\/www.astrouw.edu.pl\/knastr\/wp-content\/uploads\/2023\/03\/PL2-10-12-22-768x576.jpg 768w, https:\/\/www.astrouw.edu.pl\/knastr\/wp-content\/uploads\/2023\/03\/PL2-10-12-22-1536x1152.jpg 1536w, https:\/\/www.astrouw.edu.pl\/knastr\/wp-content\/uploads\/2023\/03\/PL2-10-12-22-2048x1536.jpg 2048w\" sizes=\"(max-width: 300px) 100vw, 300px\" \/><\/a>\n\t\t\t<\/dt>\n\t\t\t\t<dd class='wp-caption-text gallery-caption' id='gallery-1-1288'>\n\t\t\t\tSesja posterowa\n\t\t\t\t<\/dd><\/dl><dl class='gallery-item'>\n\t\t\t<dt class='gallery-icon landscape'>\n\t\t\t\t<a href='https:\/\/www.astrouw.edu.pl\/knastr\/wp-content\/uploads\/2023\/03\/PL-10-12-22-scaled.jpg'><img loading=\"lazy\" decoding=\"async\" width=\"300\" height=\"225\" src=\"https:\/\/www.astrouw.edu.pl\/knastr\/wp-content\/uploads\/2023\/03\/PL-10-12-22-300x225.jpg\" class=\"attachment-medium size-medium\" alt=\"\" aria-describedby=\"gallery-1-1289\" srcset=\"https:\/\/www.astrouw.edu.pl\/knastr\/wp-content\/uploads\/2023\/03\/PL-10-12-22-300x225.jpg 300w, https:\/\/www.astrouw.edu.pl\/knastr\/wp-content\/uploads\/2023\/03\/PL-10-12-22-1024x768.jpg 1024w, https:\/\/www.astrouw.edu.pl\/knastr\/wp-content\/uploads\/2023\/03\/PL-10-12-22-768x576.jpg 768w, https:\/\/www.astrouw.edu.pl\/knastr\/wp-content\/uploads\/2023\/03\/PL-10-12-22-1536x1152.jpg 1536w, https:\/\/www.astrouw.edu.pl\/knastr\/wp-content\/uploads\/2023\/03\/PL-10-12-22-2048x1536.jpg 2048w\" sizes=\"(max-width: 300px) 100vw, 300px\" \/><\/a>\n\t\t\t<\/dt>\n\t\t\t\t<dd class='wp-caption-text gallery-caption' id='gallery-1-1289'>\n\t\t\t\tSesja posterowa\n\t\t\t\t<\/dd><\/dl><br style=\"clear: both\" \/><dl class='gallery-item'>\n\t\t\t<dt class='gallery-icon landscape'>\n\t\t\t\t<a href='https:\/\/www.astrouw.edu.pl\/knastr\/wp-content\/uploads\/2023\/03\/Je2-11-12-22-scaled.jpg'><img loading=\"lazy\" decoding=\"async\" width=\"300\" height=\"225\" src=\"https:\/\/www.astrouw.edu.pl\/knastr\/wp-content\/uploads\/2023\/03\/Je2-11-12-22-300x225.jpg\" class=\"attachment-medium size-medium\" alt=\"\" aria-describedby=\"gallery-1-1286\" srcset=\"https:\/\/www.astrouw.edu.pl\/knastr\/wp-content\/uploads\/2023\/03\/Je2-11-12-22-300x225.jpg 300w, https:\/\/www.astrouw.edu.pl\/knastr\/wp-content\/uploads\/2023\/03\/Je2-11-12-22-1024x768.jpg 1024w, https:\/\/www.astrouw.edu.pl\/knastr\/wp-content\/uploads\/2023\/03\/Je2-11-12-22-768x576.jpg 768w, https:\/\/www.astrouw.edu.pl\/knastr\/wp-content\/uploads\/2023\/03\/Je2-11-12-22-1536x1152.jpg 1536w, https:\/\/www.astrouw.edu.pl\/knastr\/wp-content\/uploads\/2023\/03\/Je2-11-12-22-2048x1536.jpg 2048w\" sizes=\"(max-width: 300px) 100vw, 300px\" \/><\/a>\n\t\t\t<\/dt>\n\t\t\t\t<dd class='wp-caption-text gallery-caption' id='gallery-1-1286'>\n\t\t\t\tJedzenie \ud83d\ude42\n\t\t\t\t<\/dd><\/dl><dl class='gallery-item'>\n\t\t\t<dt class='gallery-icon portrait'>\n\t\t\t\t<a href='https:\/\/www.astrouw.edu.pl\/knastr\/wp-content\/uploads\/2023\/03\/Mikros.gif'><img loading=\"lazy\" decoding=\"async\" width=\"200\" height=\"300\" src=\"https:\/\/www.astrouw.edu.pl\/knastr\/wp-content\/uploads\/2023\/03\/Mikros-200x300.gif\" class=\"attachment-medium size-medium\" alt=\"\" aria-describedby=\"gallery-1-1287\" srcset=\"https:\/\/www.astrouw.edu.pl\/knastr\/wp-content\/uploads\/2023\/03\/Mikros-200x300.gif 200w, https:\/\/www.astrouw.edu.pl\/knastr\/wp-content\/uploads\/2023\/03\/Mikros-683x1024.gif 683w, https:\/\/www.astrouw.edu.pl\/knastr\/wp-content\/uploads\/2023\/03\/Mikros-768x1152.gif 768w\" sizes=\"(max-width: 200px) 100vw, 200px\" \/><\/a>\n\t\t\t<\/dt>\n\t\t\t\t<dd class='wp-caption-text gallery-caption' id='gallery-1-1287'>\n\t\t\t\tPokaz ilustruj\u0105cy zachowanie \u015bwiat\u0142a w soczewce grawitacyjnej\n\t\t\t\t<\/dd><\/dl><dl class='gallery-item'>\n\t\t\t<dt class='gallery-icon landscape'>\n\t\t\t\t<a href='https:\/\/www.astrouw.edu.pl\/knastr\/wp-content\/uploads\/2023\/03\/Pod-11-12-22-scaled.jpg'><img loading=\"lazy\" decoding=\"async\" width=\"300\" height=\"200\" src=\"https:\/\/www.astrouw.edu.pl\/knastr\/wp-content\/uploads\/2023\/03\/Pod-11-12-22-300x200.jpg\" class=\"attachment-medium size-medium\" alt=\"\" aria-describedby=\"gallery-1-1291\" srcset=\"https:\/\/www.astrouw.edu.pl\/knastr\/wp-content\/uploads\/2023\/03\/Pod-11-12-22-300x200.jpg 300w, https:\/\/www.astrouw.edu.pl\/knastr\/wp-content\/uploads\/2023\/03\/Pod-11-12-22-1024x683.jpg 1024w, https:\/\/www.astrouw.edu.pl\/knastr\/wp-content\/uploads\/2023\/03\/Pod-11-12-22-768x512.jpg 768w, https:\/\/www.astrouw.edu.pl\/knastr\/wp-content\/uploads\/2023\/03\/Pod-11-12-22-1536x1024.jpg 1536w, https:\/\/www.astrouw.edu.pl\/knastr\/wp-content\/uploads\/2023\/03\/Pod-11-12-22-2048x1365.jpg 2048w\" sizes=\"(max-width: 300px) 100vw, 300px\" \/><\/a>\n\t\t\t<\/dt>\n\t\t\t\t<dd class='wp-caption-text gallery-caption' id='gallery-1-1291'>\n\t\t\t\tWr\u0119czenie nagr\u00f3d\n\t\t\t\t<\/dd><\/dl><br style=\"clear: both\" \/><dl class='gallery-item'>\n\t\t\t<dt class='gallery-icon portrait'>\n\t\t\t\t<a href='https:\/\/www.astrouw.edu.pl\/knastr\/wp-content\/uploads\/2023\/03\/D-11-12-22-scaled.jpg'><img loading=\"lazy\" decoding=\"async\" width=\"225\" height=\"300\" src=\"https:\/\/www.astrouw.edu.pl\/knastr\/wp-content\/uploads\/2023\/03\/D-11-12-22-225x300.jpg\" class=\"attachment-medium size-medium\" alt=\"\" aria-describedby=\"gallery-1-1284\" srcset=\"https:\/\/www.astrouw.edu.pl\/knastr\/wp-content\/uploads\/2023\/03\/D-11-12-22-225x300.jpg 225w, https:\/\/www.astrouw.edu.pl\/knastr\/wp-content\/uploads\/2023\/03\/D-11-12-22-768x1024.jpg 768w, https:\/\/www.astrouw.edu.pl\/knastr\/wp-content\/uploads\/2023\/03\/D-11-12-22-1152x1536.jpg 1152w, https:\/\/www.astrouw.edu.pl\/knastr\/wp-content\/uploads\/2023\/03\/D-11-12-22-1536x2048.jpg 1536w, https:\/\/www.astrouw.edu.pl\/knastr\/wp-content\/uploads\/2023\/03\/D-11-12-22-scaled.jpg 1920w\" sizes=\"(max-width: 225px) 100vw, 225px\" \/><\/a>\n\t\t\t<\/dt>\n\t\t\t\t<dd class='wp-caption-text gallery-caption' id='gallery-1-1284'>\n\t\t\t\tWidzimy si\u0119 na kolejnym KSAKNie \ud83d\ude09\n\t\t\t\t<\/dd><\/dl><dl class='gallery-item'>\n\t\t\t<dt class='gallery-icon portrait'>\n\t\t\t\t<a href='https:\/\/www.astrouw.edu.pl\/knastr\/wp-content\/uploads\/2023\/03\/Plakat.png'><img loading=\"lazy\" decoding=\"async\" width=\"212\" height=\"300\" src=\"https:\/\/www.astrouw.edu.pl\/knastr\/wp-content\/uploads\/2023\/03\/Plakat-212x300.png\" class=\"attachment-medium size-medium\" alt=\"\" aria-describedby=\"gallery-1-1290\" srcset=\"https:\/\/www.astrouw.edu.pl\/knastr\/wp-content\/uploads\/2023\/03\/Plakat-212x300.png 212w, https:\/\/www.astrouw.edu.pl\/knastr\/wp-content\/uploads\/2023\/03\/Plakat-724x1024.png 724w, https:\/\/www.astrouw.edu.pl\/knastr\/wp-content\/uploads\/2023\/03\/Plakat-768x1086.png 768w, https:\/\/www.astrouw.edu.pl\/knastr\/wp-content\/uploads\/2023\/03\/Plakat-1086x1536.png 1086w, https:\/\/www.astrouw.edu.pl\/knastr\/wp-content\/uploads\/2023\/03\/Plakat-1448x2048.png 1448w\" sizes=\"(max-width: 212px) 100vw, 212px\" \/><\/a>\n\t\t\t<\/dt>\n\t\t\t\t<dd class='wp-caption-text gallery-caption' id='gallery-1-1290'>\n\t\t\t\tKSAKNowy plakat\n\t\t\t\t<\/dd><\/dl>\n\t\t\t<br style='clear: both' \/>\n\t\t<\/div>\n\n","protected":false},"excerpt":{"rendered":"<p>Cieszymy si\u0119, \u017ce ostatni KSAKN, organizowany przez nasze Ko\u0142o m\u00f3g\u0142 cieszy\u0107 si\u0119 tak du\u017c\u0105 frekwencj\u0105 &#8211; na li\u015bcie obecno\u015bci odnotowa\u0142o si\u0119 67 os\u00f3b! Uczestnicy &#8211; g\u0142\u00f3wnie studenci astronomii z Krakowa, Torunia,\u00a0 Wroc\u0142awia, Poznania oraz&#46;&#46;&#46;<\/p>\n","protected":false},"author":8,"featured_media":0,"parent":1114,"menu_order":0,"comment_status":"closed","ping_status":"closed","template":"","meta":{"footnotes":""},"_links":{"self":[{"href":"https:\/\/www.astrouw.edu.pl\/knastr\/wp-json\/wp\/v2\/pages\/1275"}],"collection":[{"href":"https:\/\/www.astrouw.edu.pl\/knastr\/wp-json\/wp\/v2\/pages"}],"about":[{"href":"https:\/\/www.astrouw.edu.pl\/knastr\/wp-json\/wp\/v2\/types\/page"}],"author":[{"embeddable":true,"href":"https:\/\/www.astrouw.edu.pl\/knastr\/wp-json\/wp\/v2\/users\/8"}],"replies":[{"embeddable":true,"href":"https:\/\/www.astrouw.edu.pl\/knastr\/wp-json\/wp\/v2\/comments?post=1275"}],"version-history":[{"count":9,"href":"https:\/\/www.astrouw.edu.pl\/knastr\/wp-json\/wp\/v2\/pages\/1275\/revisions"}],"predecessor-version":[{"id":1301,"href":"https:\/\/www.astrouw.edu.pl\/knastr\/wp-json\/wp\/v2\/pages\/1275\/revisions\/1301"}],"up":[{"embeddable":true,"href":"https:\/\/www.astrouw.edu.pl\/knastr\/wp-json\/wp\/v2\/pages\/1114"}],"wp:attachment":[{"href":"https:\/\/www.astrouw.edu.pl\/knastr\/wp-json\/wp\/v2\/media?parent=1275"}],"curies":[{"name":"wp","href":"https:\/\/api.w.org\/{rel}","templated":true}]}}