{"id":1357,"date":"2025-10-30T08:30:41","date_gmt":"2025-10-30T07:30:41","guid":{"rendered":"https:\/\/www.astrouw.edu.pl\/knastr\/?page_id=1357"},"modified":"2025-11-27T11:30:46","modified_gmt":"2025-11-27T10:30:46","slug":"ossa25-info","status":"publish","type":"page","link":"https:\/\/www.astrouw.edu.pl\/knastr\/ossa25-info\/","title":{"rendered":"OSSA 2025 &#8211; informacje"},"content":{"rendered":"<p dir=\"ltr\">Cze\u015b\u0107! Serdecznie zapraszamy na <strong>Og\u00f3lnopolskie Seminarium Student\u00f3w Astronomii<\/strong> (OSSA), kt\u00f3re odb\u0119dzie si\u0119 <strong>28-30 Listopada w Warszawie<\/strong> w Obserwatorium Astronomicznym oraz na Wydziale Fizyki Uniwersytetu Warszawskiego.<\/p>\n<p dir=\"ltr\"><strong>OSSA rozpocznie si\u0119 o godzinie 14 w budynku Obserwatorium Astronomicznego,\u00a0 w pozosta\u0142e dni widzimy si\u0119 na Wydziale Fizyki.<\/strong><\/p>\n<p dir=\"ltr\">Czym r\u00f3\u017cni si\u0119 OSSA od KSAKNu? OSSA jest konferencj\u0105, gdzie studenci mog\u0105 nie tylko si\u0119 zaprezentowa\u0107, ale i pozna\u0107 najnowsze osi\u0105gni\u0119cia z dziedziny astronomii.\u00a0 Dla aktywnych uczestnik\u00f3w b\u0119d\u0105 zapewnione darmowy nocleg, wy\u017cywienie oraz gad\u017cety.<\/p>\n<p dir=\"ltr\">Najwi\u0119ksz\u0105 r\u00f3\u017cnic\u0105 jest fakt, \u017ce na 15-minutowy referat (prezentacje) mog\u0105 si\u0119 zg\u0142osi\u0107 jedynie osoby ze swoimi badaniami (np. licencjatem, magisterk\u0105, b\u0105d\u017a projektem badawczym). Pozosta\u0142e osoby natomiast b\u0119d\u0105 mog\u0142y si\u0119 zaprezentowa\u0107 z posterem na dowolny astronomiczny temat :D.<\/p>\n<p dir=\"ltr\">Ka\u017cda sesja referatowa b\u0119dzie sk\u0142ada\u0142a si\u0119 z 30-minutowego wyst\u0105pienia zaproszonego go\u015bcia, nast\u0119pnie 15-minutowego referatu doktoranta, a na koniec referat\u00f3w student\u00f3w. Dzi\u0119ki temu b\u0119dzie mo\u017cna nie tylko zdoby\u0107 wiedz\u0119 i zaprezentowa\u0107 wyniki swojej pracy, lecz nawi\u0105za\u0107 nowe znajomo\u015bci oraz zapocz\u0105tkowa\u0107 nowe projekty!<\/p>\n<p dir=\"ltr\">Informacje w pigu\u0142ce:<br \/>\nAdres: Ludwika Pasteura 5, 02-093 Warszawa (w pi\u0105tek ul. Alei Ujazdowskich 4, 00-478 Warsawa)<br \/>\nKontakt: ossa2025warszawa@gmail.com<br \/>\nJ\u0119zyk: Polski \/ Angielski<\/p>\n<p dir=\"ltr\">Zg\u0142oszenia i abstrakty przyjmujemy do <strong>16 Listopada<\/strong>!<\/p>\n<p dir=\"ltr\">Je\u015bli macie jakie\u015b pytania \u015bmia\u0142o kontaktujcie si\u0119, na wszystkie odpiszemy \ud83d\ude00<\/p>\n<p>&nbsp;<\/p>\n","protected":false},"excerpt":{"rendered":"<p>Cze\u015b\u0107! Serdecznie zapraszamy na Og\u00f3lnopolskie Seminarium Student\u00f3w Astronomii (OSSA), kt\u00f3re odb\u0119dzie si\u0119 28-30 Listopada w Warszawie w Obserwatorium Astronomicznym oraz na Wydziale Fizyki Uniwersytetu Warszawskiego. OSSA rozpocznie si\u0119 o godzinie 14 w budynku Obserwatorium&#46;&#46;&#46;<\/p>\n","protected":false},"author":10,"featured_media":0,"parent":0,"menu_order":0,"comment_status":"closed","ping_status":"closed","template":"","meta":{"footnotes":""},"_links":{"self":[{"href":"https:\/\/www.astrouw.edu.pl\/knastr\/wp-json\/wp\/v2\/pages\/1357"}],"collection":[{"href":"https:\/\/www.astrouw.edu.pl\/knastr\/wp-json\/wp\/v2\/pages"}],"about":[{"href":"https:\/\/www.astrouw.edu.pl\/knastr\/wp-json\/wp\/v2\/types\/page"}],"author":[{"embeddable":true,"href":"https:\/\/www.astrouw.edu.pl\/knastr\/wp-json\/wp\/v2\/users\/10"}],"replies":[{"embeddable":true,"href":"https:\/\/www.astrouw.edu.pl\/knastr\/wp-json\/wp\/v2\/comments?post=1357"}],"version-history":[{"count":8,"href":"https:\/\/www.astrouw.edu.pl\/knastr\/wp-json\/wp\/v2\/pages\/1357\/revisions"}],"predecessor-version":[{"id":1426,"href":"https:\/\/www.astrouw.edu.pl\/knastr\/wp-json\/wp\/v2\/pages\/1357\/revisions\/1426"}],"wp:attachment":[{"href":"https:\/\/www.astrouw.edu.pl\/knastr\/wp-json\/wp\/v2\/media?parent=1357"}],"curies":[{"name":"wp","href":"https:\/\/api.w.org\/{rel}","templated":true}]}}