{"id":1380,"date":"2025-10-30T10:10:24","date_gmt":"2025-10-30T09:10:24","guid":{"rendered":"https:\/\/www.astrouw.edu.pl\/knastr\/?page_id=1380"},"modified":"2025-12-09T13:41:29","modified_gmt":"2025-12-09T12:41:29","slug":"ossa25","status":"publish","type":"page","link":"https:\/\/www.astrouw.edu.pl\/knastr\/ossa25\/","title":{"rendered":"OSSA 2025"},"content":{"rendered":"<p><a href=\"https:\/\/www.astrouw.edu.pl\/knastr\/ossa25-info\/\">Informacje og\u00f3lne<\/a><\/p>\n<p><a href=\"https:\/\/docs.google.com\/forms\/d\/e\/1FAIpQLSfSgVLTukgtL7RgqohA-_qMDApRhuGV_zV1gunwZGR8MYYTAA\/viewform?usp=dialog\">Rejestracja<\/a><\/p>\n<p><a href=\"https:\/\/www.astrouw.edu.pl\/knastr\/ossa25-uczestnicy\/\">Lista uczestnik\u00f3w<\/a><\/p>\n<p><a href=\"https:\/\/drive.google.com\/file\/d\/1jnX_om3wolHoIleMYF2XQmXImBBcn-XZ\/view?usp=sharing\">Ramowy plan<\/a><\/p>\n<p><a href=\"https:\/\/drive.google.com\/file\/d\/1DEoaJ-E3Hv1kwC2N8Fp2q7FuTbq4ce-y\/view?usp=sharing\">Ksi\u0105\u017cka abstrakt\u00f3w<\/a><\/p>\n<p><a href=\"https:\/\/www.astrouw.edu.pl\/knastr\/podsumowanie-ogolnopolskiego-seminarium-studentow-astronomii-2025\/\">Podsumowanie<\/a><\/p>\n","protected":false},"excerpt":{"rendered":"<p>Informacje og\u00f3lne Rejestracja Lista uczestnik\u00f3w Ramowy plan Ksi\u0105\u017cka abstrakt\u00f3w Podsumowanie<\/p>\n","protected":false},"author":10,"featured_media":0,"parent":0,"menu_order":0,"comment_status":"closed","ping_status":"closed","template":"","meta":{"footnotes":""},"_links":{"self":[{"href":"https:\/\/www.astrouw.edu.pl\/knastr\/wp-json\/wp\/v2\/pages\/1380"}],"collection":[{"href":"https:\/\/www.astrouw.edu.pl\/knastr\/wp-json\/wp\/v2\/pages"}],"about":[{"href":"https:\/\/www.astrouw.edu.pl\/knastr\/wp-json\/wp\/v2\/types\/page"}],"author":[{"embeddable":true,"href":"https:\/\/www.astrouw.edu.pl\/knastr\/wp-json\/wp\/v2\/users\/10"}],"replies":[{"embeddable":true,"href":"https:\/\/www.astrouw.edu.pl\/knastr\/wp-json\/wp\/v2\/comments?post=1380"}],"version-history":[{"count":9,"href":"https:\/\/www.astrouw.edu.pl\/knastr\/wp-json\/wp\/v2\/pages\/1380\/revisions"}],"predecessor-version":[{"id":1462,"href":"https:\/\/www.astrouw.edu.pl\/knastr\/wp-json\/wp\/v2\/pages\/1380\/revisions\/1462"}],"wp:attachment":[{"href":"https:\/\/www.astrouw.edu.pl\/knastr\/wp-json\/wp\/v2\/media?parent=1380"}],"curies":[{"name":"wp","href":"https:\/\/api.w.org\/{rel}","templated":true}]}}