{"id":1382,"date":"2025-10-30T10:10:10","date_gmt":"2025-10-30T09:10:10","guid":{"rendered":"https:\/\/www.astrouw.edu.pl\/knastr\/?page_id=1382"},"modified":"2025-11-28T11:48:32","modified_gmt":"2025-11-28T10:48:32","slug":"ossa25-uczestnicy","status":"publish","type":"page","link":"https:\/\/www.astrouw.edu.pl\/knastr\/ossa25-uczestnicy\/","title":{"rendered":"OSSA 2025 &#8211; uczestnicy"},"content":{"rendered":"<p><strong>Wyk\u0142ady eksperckie<\/strong><\/p>\n<ol>\n<li>Tomasz Bulik &#8211; Obserwatorium Astronomiczne Uniwersytetu Warszawskiego<\/li>\n<li>Wojciech Hellwing &#8211; Centrum Fizyki Teoretycznej PAN<\/li>\n<li>Izabela Kowalska-Leszczy\u0144ska &#8211; Centrum Bada\u0144 Kosmicznych PAN<\/li>\n<li>Krzysztof Lisiecki &#8211; Narodowe Centrum Bada\u0144 J\u0105drowych<\/li>\n<li>Milena Ratajczak &#8211; Obserwatorium Astronomiczne Uniwersytetu Warszawskiego<\/li>\n<li>Dorota Gondek-Rosi\u0144ska &#8211; Obserwatorium Astronomiczne Uniwersytetu Warszawskiego<\/li>\n<li>Piotr Wielg\u00f3rski &#8211; Centrum Astronomiczne im. Miko\u0142aja Kopernika w Warszawie PAN<\/li>\n<\/ol>\n<p><strong>Fundacja Antares<\/strong><\/p>\n<ol>\n<li>Paulina Choroma\u0144ska<\/li>\n<li>Weronika Skrobacz<\/li>\n<\/ol>\n<p><strong>Uniwersytet im. Adama Mickiewicza w Poznaniu\u00a0<\/strong><\/p>\n<ol>\n<li>Maciej B\u0105czkowski<\/li>\n<li>Feliks Dawgia\u0142o<\/li>\n<li>Marek Gadzi\u0144ski<\/li>\n<li>Weronika Grabka<\/li>\n<li>Zofia Harasimowicz<\/li>\n<li>Filip Kalita<\/li>\n<li>Cezary Kruszewski<\/li>\n<li>Witold Lewandowski<\/li>\n<li>Mateusz Nestorowicz<\/li>\n<li>Asia Pietrucha<\/li>\n<li>Zuzanna Piwowarczyk<\/li>\n<li>Artur P\u0142o\u0144ski<\/li>\n<li>Wiktoria Stefanowska<\/li>\n<li>Maciej Sznajder<\/li>\n<li>Jakub Tokarek<\/li>\n<li>Aleksandra Trzaska<\/li>\n<li>Ola Wenda<\/li>\n<li>Mateusz Witczak<\/li>\n<\/ol>\n<p><strong>Uniwersytet im. Miko\u0142aja Kopernika w Toruniu<\/strong><\/p>\n<ol>\n<li>Micha\u0142 Durjasz &#8211; Uniwersytet im. Miko\u0142aja Kopernika w Toruniu<\/li>\n<li>Dawid Jankowski<\/li>\n<\/ol>\n<p><strong>Uniwersytet Jagielo\u0144ski<\/strong><\/p>\n<ol>\n<li>Gabrielas Ejdys<\/li>\n<li>Karolina Kinal<\/li>\n<li>Joanna Kocierz<\/li>\n<li>Amelia Kostyra<\/li>\n<li>Aleksandra Kowalska<\/li>\n<li>Igor Lecyk<\/li>\n<li>Patryk Liniewicz<\/li>\n<li>Kornelia Nikiel<\/li>\n<li>Zuzanna Po\u017carycka<\/li>\n<li>Jagoda Wilk<\/li>\n<\/ol>\n<p><strong>Uniwersytet Warszawski<\/strong><\/p>\n<ol>\n<li>Antoni Adamowicz<\/li>\n<li>Zofia Budzik<\/li>\n<li>Maksymilian Celi\u0144ski<\/li>\n<li>Aleksander Grabowicz<\/li>\n<li>Arkadiusz Hess<\/li>\n<li>Antoni Kaczmarek<\/li>\n<li>Wojtek Knop<\/li>\n<li>Kajetan Komar<\/li>\n<li>Krzysztof Kr\u00f3l<\/li>\n<li>Igor Kumela<\/li>\n<li>Micha\u0142 Ma\u0142kowski<\/li>\n<li>Mateusz Mr\u00f3z<\/li>\n<li>Zofia Piszczek<\/li>\n<li>Aleksandra Pusz<\/li>\n<li>Joanna Pusz<\/li>\n<li>Adam Regi\u0144ski<\/li>\n<li>Kajetan Siennicki<\/li>\n<li>Alicja Sklepik<\/li>\n<li>Ada Smuczy\u0144ska<\/li>\n<li>Hanna Str\u00f3\u017cyk<\/li>\n<li>Jakub Szyndler<\/li>\n<li>Piotr Trzcionkowski<\/li>\n<li>Natalia Z\u0142otowska<\/li>\n<li>Karolina \u017belewska<\/li>\n<\/ol>\n<p><strong>Uniwersytet Wroc\u0142awski<\/strong><\/p>\n<ol>\n<li>Maciej Bichaj\u0142o<\/li>\n<li>Amanda Kapka<\/li>\n<li>Irmina Kotusz<\/li>\n<li>Julia Krawczy\u0144ska<\/li>\n<li>Ma\u0142gorzata Matuszek<\/li>\n<li>Natalia Pasek<\/li>\n<li>Jakub Podemski<\/li>\n<li>Marika Polus<\/li>\n<li>Oliwia Zieli\u0144ska<\/li>\n<\/ol>\n<p><strong>Uniwersytet Zielonog\u00f3rski<\/strong><\/p>\n<ol>\n<li>Hubert Chomiak<\/li>\n<li>Nikola Nowicka<\/li>\n<li>Karolina Prucnal<\/li>\n<li>Patryk Rudnicki<\/li>\n<li>Karolina Soko\u0142owska<\/li>\n<li>Agata Wo\u017aniak<\/li>\n<li>Wiktor Yeremenko<\/li>\n<\/ol>\n<p><strong>Inne afiliacje<\/strong><\/p>\n<ol>\n<li>Emilia Czelu\u015bniak &#8211; Uniwersytet Rolniczy w Krakowie<\/li>\n<li>Marta Czupaj\u0142o &#8211; Liceum Og\u00f3lnokszta\u0142c\u0105ce im. W\u0142adys\u0142awa \u0141okietka w Radziejowie<\/li>\n<li>Jadwiga Dargacz &#8211; Uniwersytet Gda\u0144ski<\/li>\n<li>Piotr \u0141ubis &#8211; Klub Astronomiczny Almukantarat<\/li>\n<li>Piotr P\u0142onka &#8211; Centrum Fizyki Teoretycznej PAN<\/li>\n<\/ol>\n<p>&nbsp;<\/p>\n","protected":false},"excerpt":{"rendered":"<p>Wyk\u0142ady eksperckie Tomasz Bulik &#8211; Obserwatorium Astronomiczne Uniwersytetu Warszawskiego Wojciech Hellwing &#8211; Centrum Fizyki Teoretycznej PAN Izabela Kowalska-Leszczy\u0144ska &#8211; Centrum Bada\u0144 Kosmicznych PAN Krzysztof Lisiecki &#8211; Narodowe Centrum Bada\u0144 J\u0105drowych Milena Ratajczak &#8211; Obserwatorium&#46;&#46;&#46;<\/p>\n","protected":false},"author":10,"featured_media":0,"parent":0,"menu_order":0,"comment_status":"closed","ping_status":"closed","template":"","meta":{"footnotes":""},"_links":{"self":[{"href":"https:\/\/www.astrouw.edu.pl\/knastr\/wp-json\/wp\/v2\/pages\/1382"}],"collection":[{"href":"https:\/\/www.astrouw.edu.pl\/knastr\/wp-json\/wp\/v2\/pages"}],"about":[{"href":"https:\/\/www.astrouw.edu.pl\/knastr\/wp-json\/wp\/v2\/types\/page"}],"author":[{"embeddable":true,"href":"https:\/\/www.astrouw.edu.pl\/knastr\/wp-json\/wp\/v2\/users\/10"}],"replies":[{"embeddable":true,"href":"https:\/\/www.astrouw.edu.pl\/knastr\/wp-json\/wp\/v2\/comments?post=1382"}],"version-history":[{"count":12,"href":"https:\/\/www.astrouw.edu.pl\/knastr\/wp-json\/wp\/v2\/pages\/1382\/revisions"}],"predecessor-version":[{"id":1429,"href":"https:\/\/www.astrouw.edu.pl\/knastr\/wp-json\/wp\/v2\/pages\/1382\/revisions\/1429"}],"wp:attachment":[{"href":"https:\/\/www.astrouw.edu.pl\/knastr\/wp-json\/wp\/v2\/media?parent=1382"}],"curies":[{"name":"wp","href":"https:\/\/api.w.org\/{rel}","templated":true}]}}