{"id":14,"date":"2016-11-11T16:36:01","date_gmt":"2016-11-11T15:36:01","guid":{"rendered":"http:\/\/www.astrouw.edu.pl\/knastr\/beta\/?page_id=14"},"modified":"2017-02-26T16:28:14","modified_gmt":"2017-02-26T15:28:14","slug":"jak-dolaczyc","status":"publish","type":"page","link":"https:\/\/www.astrouw.edu.pl\/knastr\/jak-dolaczyc\/","title":{"rendered":"Jak do\u0142\u0105czy\u0107 do ko\u0142a ?"},"content":{"rendered":"<p>Regulamin naszej organizacji przewiduje dwa rodzaje formalnej przynale\u017cno\u015bci do niej &#8211; cz\u0142onka zwyczajnego oraz sympatyka.<\/p>\n<p>Pierwszy z nich jest skierowany do os\u00f3b, kt\u00f3re s\u0105 studentami Uniwersytetu Warszawskiego i chc\u0105 czynnie uczestniczy\u0107 w dzia\u0142alno\u015bci KNAstr. W tym przypadku wymagane jest z\u0142o\u017cenie pisemnej deklaracji i pozytywna ocena zarz\u0105du. Cz\u0142onek zwyczajny poza mo\u017cliwo\u015bci\u0105 dzia\u0142alno\u015bci w kole, otrzymuje te\u017c prawo g\u0142osu w wyborach jego w\u0142adz oraz zg\u0142aszania w nich w\u0142asnej kandydatury.<\/p>\n<p>Sympatykiem mo\u017ce zosta\u0107 dowolna osoba, kt\u00f3ra pragnie poszerzy\u0107 swoj\u0105 wiedz<span class=\"_5yl5\">\u0119<\/span> na temat astronomii, interesuje si<span class=\"_5yl5\">\u0119<\/span> odbywaj\u0105cymi u nas wydarzeniami czy chcia\u0142aby biernie zaanga\u017cowa\u0107 si<span class=\"_5yl5\">\u0119<\/span> w nasz\u0105 prac<span class=\"_5yl5\">\u0119<\/span>. Status ten umo\u017cliwia r\u00f3wnie\u017c korzystanie z urz\u0105dze\u0144 lub innych obiekt\u00f3w, kt\u00f3rymi dysponuje ko\u0142o. Ta forma ma charakter uznaniowy i nie wymaga szczeg\u00f3lnych krok\u00f3w formalnych, a jedynie og\u00f3lnej aprobaty zarz\u0105du.<\/p>\n<p>W obydwu przypadkach mile widziane jest obecno\u015b\u0107 na naszych spotkaniach (kt\u00f3re s\u0105 zawsze otwarte dla ka\u017cdego s\u0142uchacza), co jest najlepsz\u0105 oznak\u0105 faktycznej ch<span class=\"_5yl5\">\u0119<\/span>ci wsp\u00f3\u0142pracy z nami.<\/p>\n","protected":false},"excerpt":{"rendered":"<p>Regulamin naszej organizacji przewiduje dwa rodzaje formalnej przynale\u017cno\u015bci do niej &#8211; cz\u0142onka zwyczajnego oraz sympatyka. Pierwszy z nich jest skierowany do os\u00f3b, kt\u00f3re s\u0105 studentami Uniwersytetu Warszawskiego i chc\u0105 czynnie uczestniczy\u0107 w dzia\u0142alno\u015bci KNAstr.&#46;&#46;&#46;<\/p>\n","protected":false},"author":1,"featured_media":0,"parent":0,"menu_order":0,"comment_status":"closed","ping_status":"closed","template":"","meta":{"footnotes":""},"_links":{"self":[{"href":"https:\/\/www.astrouw.edu.pl\/knastr\/wp-json\/wp\/v2\/pages\/14"}],"collection":[{"href":"https:\/\/www.astrouw.edu.pl\/knastr\/wp-json\/wp\/v2\/pages"}],"about":[{"href":"https:\/\/www.astrouw.edu.pl\/knastr\/wp-json\/wp\/v2\/types\/page"}],"author":[{"embeddable":true,"href":"https:\/\/www.astrouw.edu.pl\/knastr\/wp-json\/wp\/v2\/users\/1"}],"replies":[{"embeddable":true,"href":"https:\/\/www.astrouw.edu.pl\/knastr\/wp-json\/wp\/v2\/comments?post=14"}],"version-history":[{"count":5,"href":"https:\/\/www.astrouw.edu.pl\/knastr\/wp-json\/wp\/v2\/pages\/14\/revisions"}],"predecessor-version":[{"id":114,"href":"https:\/\/www.astrouw.edu.pl\/knastr\/wp-json\/wp\/v2\/pages\/14\/revisions\/114"}],"wp:attachment":[{"href":"https:\/\/www.astrouw.edu.pl\/knastr\/wp-json\/wp\/v2\/media?parent=14"}],"curies":[{"name":"wp","href":"https:\/\/api.w.org\/{rel}","templated":true}]}}