{"id":1464,"date":"2026-01-05T14:29:01","date_gmt":"2026-01-05T13:29:01","guid":{"rendered":"https:\/\/www.astrouw.edu.pl\/knastr\/?page_id=1464"},"modified":"2026-03-02T16:23:42","modified_gmt":"2026-03-02T15:23:42","slug":"dzialalnosc-kola-2025-2026","status":"publish","type":"page","link":"https:\/\/www.astrouw.edu.pl\/knastr\/dzialalnosc-kola-2025-2026\/","title":{"rendered":"Dzia\u0142alno\u015b\u0107 ko\u0142a 2025\/2026"},"content":{"rendered":"<p><strong>15 pa\u017adziernika 2025<\/strong><\/p>\n<p>Spotkanie organizacyjne na kt\u00f3rym wybrano nowe w\u0142adze ko\u0142a w sk\u0142adzie:<\/p>\n<p>Prezes: Patryk Matera<br \/>\nVice-prezes: Maksymilian Celi\u0144ski<br \/>\nSkarbnik: Wojciech Knop<br \/>\nSekretarz: Kajetan Komar<\/p>\n<p><img loading=\"lazy\" decoding=\"async\" class=\"alignnone wp-image-1477 size-large\" src=\"https:\/\/www.astrouw.edu.pl\/knastr\/wp-content\/uploads\/2026\/03\/fe4bfa56-459b-494e-83be-b424ecfa42ee-1024x768.jpeg\" alt=\"\" width=\"1024\" height=\"768\" srcset=\"https:\/\/www.astrouw.edu.pl\/knastr\/wp-content\/uploads\/2026\/03\/fe4bfa56-459b-494e-83be-b424ecfa42ee-1024x768.jpeg 1024w, https:\/\/www.astrouw.edu.pl\/knastr\/wp-content\/uploads\/2026\/03\/fe4bfa56-459b-494e-83be-b424ecfa42ee-300x225.jpeg 300w, https:\/\/www.astrouw.edu.pl\/knastr\/wp-content\/uploads\/2026\/03\/fe4bfa56-459b-494e-83be-b424ecfa42ee-768x576.jpeg 768w, https:\/\/www.astrouw.edu.pl\/knastr\/wp-content\/uploads\/2026\/03\/fe4bfa56-459b-494e-83be-b424ecfa42ee-1536x1152.jpeg 1536w, https:\/\/www.astrouw.edu.pl\/knastr\/wp-content\/uploads\/2026\/03\/fe4bfa56-459b-494e-83be-b424ecfa42ee.jpeg 2048w\" sizes=\"(max-width: 1024px) 100vw, 1024px\" \/><\/p>\n<p><strong>27 pa\u017adziernika 2025<\/strong><\/p>\n<p>Targi K\u00f3\u0142 Naukowych i Grup Badawczych na Wydziale Fizyki<\/p>\n<div id=\"attachment_1407\" style=\"width: 1034px\" class=\"wp-caption alignnone\"><img loading=\"lazy\" decoding=\"async\" aria-describedby=\"caption-attachment-1407\" class=\"wp-image-1407 size-large\" src=\"https:\/\/www.astrouw.edu.pl\/knastr\/wp-content\/uploads\/2025\/10\/IMG_20251027_123948-1024x768.jpg\" alt=\"\" width=\"1024\" height=\"768\" srcset=\"https:\/\/www.astrouw.edu.pl\/knastr\/wp-content\/uploads\/2025\/10\/IMG_20251027_123948-1024x768.jpg 1024w, https:\/\/www.astrouw.edu.pl\/knastr\/wp-content\/uploads\/2025\/10\/IMG_20251027_123948-300x225.jpg 300w, https:\/\/www.astrouw.edu.pl\/knastr\/wp-content\/uploads\/2025\/10\/IMG_20251027_123948-768x576.jpg 768w, https:\/\/www.astrouw.edu.pl\/knastr\/wp-content\/uploads\/2025\/10\/IMG_20251027_123948-1536x1152.jpg 1536w, https:\/\/www.astrouw.edu.pl\/knastr\/wp-content\/uploads\/2025\/10\/IMG_20251027_123948-2048x1536.jpg 2048w\" sizes=\"(max-width: 1024px) 100vw, 1024px\" \/><p id=\"caption-attachment-1407\" class=\"wp-caption-text\">Stoisko ko\u0142a<\/p><\/div>\n<p><a href=\"https:\/\/www.astrouw.edu.pl\/knastr\/targi-kol-naukowych-i-grup-badawczych-na-wydziale-fizyki\/\">wi\u0119cej informacji<\/a><\/p>\n<p><strong>28 pa\u017adziernika 2025<\/strong><\/p>\n<p>Spotkanie z doktorantami Obserwatorium, kt\u00f3rzy opowiedzieli o swojej pracy<\/p>\n<p><strong>4 listopada 2025<\/strong><\/p>\n<p>Wyk\u0142ad go\u015bcinny Willa Pearsona z Narodowego Centrum Bada\u0144 J\u0105drowych na temat \u0142\u0105czenia si\u0119 galaktyk<\/p>\n<p><img loading=\"lazy\" decoding=\"async\" class=\"alignnone wp-image-1469 size-large\" src=\"https:\/\/www.astrouw.edu.pl\/knastr\/wp-content\/uploads\/2026\/01\/zdjecie_will-1024x768.jpg\" alt=\"\" width=\"1024\" height=\"768\" srcset=\"https:\/\/www.astrouw.edu.pl\/knastr\/wp-content\/uploads\/2026\/01\/zdjecie_will-1024x768.jpg 1024w, https:\/\/www.astrouw.edu.pl\/knastr\/wp-content\/uploads\/2026\/01\/zdjecie_will-300x225.jpg 300w, https:\/\/www.astrouw.edu.pl\/knastr\/wp-content\/uploads\/2026\/01\/zdjecie_will-768x576.jpg 768w, https:\/\/www.astrouw.edu.pl\/knastr\/wp-content\/uploads\/2026\/01\/zdjecie_will-1536x1152.jpg 1536w, https:\/\/www.astrouw.edu.pl\/knastr\/wp-content\/uploads\/2026\/01\/zdjecie_will.jpg 2048w\" sizes=\"(max-width: 1024px) 100vw, 1024px\" \/><\/p>\n<p><strong>28-30 listopada 2025<\/strong><\/p>\n<p>Og\u00f3lnopolskie Seminarium Student\u00f3w Astronomii<\/p>\n<div id=\"attachment_1453\" style=\"width: 1034px\" class=\"wp-caption alignnone\"><img loading=\"lazy\" decoding=\"async\" aria-describedby=\"caption-attachment-1453\" class=\"wp-image-1453 size-large\" src=\"https:\/\/www.astrouw.edu.pl\/knastr\/wp-content\/uploads\/2025\/12\/DSC04045-1024x683.jpg\" alt=\"Wsp\u00f3lne zdj\u0119cie uczestnik\u00f3w w Sali Kopernika\u0144skiej\" width=\"1024\" height=\"683\" srcset=\"https:\/\/www.astrouw.edu.pl\/knastr\/wp-content\/uploads\/2025\/12\/DSC04045-1024x683.jpg 1024w, https:\/\/www.astrouw.edu.pl\/knastr\/wp-content\/uploads\/2025\/12\/DSC04045-300x200.jpg 300w, https:\/\/www.astrouw.edu.pl\/knastr\/wp-content\/uploads\/2025\/12\/DSC04045-768x512.jpg 768w, https:\/\/www.astrouw.edu.pl\/knastr\/wp-content\/uploads\/2025\/12\/DSC04045-1536x1024.jpg 1536w, https:\/\/www.astrouw.edu.pl\/knastr\/wp-content\/uploads\/2025\/12\/DSC04045-2048x1365.jpg 2048w\" sizes=\"(max-width: 1024px) 100vw, 1024px\" \/><p id=\"caption-attachment-1453\" class=\"wp-caption-text\">Wsp\u00f3lne zdj\u0119cie uczestnik\u00f3w w Sali Kopernika\u0144skiej<\/p><\/div>\n<p><a href=\"https:\/\/www.astrouw.edu.pl\/knastr\/podsumowanie-ogolnopolskiego-seminarium-studentow-astronomii-2025\/\">wi\u0119cej informacji<\/a><\/p>\n<p><strong>17 grudnia 2025<\/strong><\/p>\n<p>Wyk\u0142ad go\u015bcinny profesor Kasi Ma\u0142ek z Narodowego Centrum Bada\u0144 J\u0105drowych pod tytu\u0142em 'Galaktyki o niskiej jasno\u015bci powierzchniowej, klucz do zrozumienia Wszech\u015bwiata&#8217;<\/p>\n<p><img loading=\"lazy\" decoding=\"async\" class=\"alignnone wp-image-1473 size-large\" src=\"https:\/\/www.astrouw.edu.pl\/knastr\/wp-content\/uploads\/2026\/01\/zdjecie_kasia-1024x768.jpg\" alt=\"\" width=\"1024\" height=\"768\" srcset=\"https:\/\/www.astrouw.edu.pl\/knastr\/wp-content\/uploads\/2026\/01\/zdjecie_kasia-1024x768.jpg 1024w, https:\/\/www.astrouw.edu.pl\/knastr\/wp-content\/uploads\/2026\/01\/zdjecie_kasia-300x225.jpg 300w, https:\/\/www.astrouw.edu.pl\/knastr\/wp-content\/uploads\/2026\/01\/zdjecie_kasia-768x576.jpg 768w, https:\/\/www.astrouw.edu.pl\/knastr\/wp-content\/uploads\/2026\/01\/zdjecie_kasia-1536x1152.jpg 1536w, https:\/\/www.astrouw.edu.pl\/knastr\/wp-content\/uploads\/2026\/01\/zdjecie_kasia.jpg 2048w\" sizes=\"(max-width: 1024px) 100vw, 1024px\" \/><\/p>\n<p><strong>19 grudnia 2025<\/strong><\/p>\n<p>Pokaz stoiska naszego ko\u0142a z okazji wizyty astronauty S\u0142awosza Uzna\u0144skiego-Wi\u015bniewskiego na naszym Uniwersytecie<\/p>\n<p><img loading=\"lazy\" decoding=\"async\" class=\"alignnone wp-image-1472 size-large\" src=\"https:\/\/www.astrouw.edu.pl\/knastr\/wp-content\/uploads\/2026\/01\/20251219_UW_ASUW_0601_fot_MK_2048pix-1024x683.jpg\" alt=\"\" width=\"1024\" height=\"683\" srcset=\"https:\/\/www.astrouw.edu.pl\/knastr\/wp-content\/uploads\/2026\/01\/20251219_UW_ASUW_0601_fot_MK_2048pix-1024x683.jpg 1024w, https:\/\/www.astrouw.edu.pl\/knastr\/wp-content\/uploads\/2026\/01\/20251219_UW_ASUW_0601_fot_MK_2048pix-300x200.jpg 300w, https:\/\/www.astrouw.edu.pl\/knastr\/wp-content\/uploads\/2026\/01\/20251219_UW_ASUW_0601_fot_MK_2048pix-768x512.jpg 768w, https:\/\/www.astrouw.edu.pl\/knastr\/wp-content\/uploads\/2026\/01\/20251219_UW_ASUW_0601_fot_MK_2048pix-1536x1024.jpg 1536w, https:\/\/www.astrouw.edu.pl\/knastr\/wp-content\/uploads\/2026\/01\/20251219_UW_ASUW_0601_fot_MK_2048pix.jpg 2048w\" sizes=\"(max-width: 1024px) 100vw, 1024px\" \/><\/p>\n<p><strong>7 stycznia 2026<\/strong><\/p>\n<p>Wyk\u0142ad go\u015bcinny dr Mariusza Gromadzkiego na temat supernowych i innych zjawisk przej\u015bciowych<\/p>\n<p><img loading=\"lazy\" decoding=\"async\" class=\"alignnone wp-image-1478 size-large\" src=\"https:\/\/www.astrouw.edu.pl\/knastr\/wp-content\/uploads\/2026\/03\/615148341_1534828895040473_2361485151176104062_n-1024x768.jpg\" alt=\"\" width=\"1024\" height=\"768\" srcset=\"https:\/\/www.astrouw.edu.pl\/knastr\/wp-content\/uploads\/2026\/03\/615148341_1534828895040473_2361485151176104062_n-1024x768.jpg 1024w, https:\/\/www.astrouw.edu.pl\/knastr\/wp-content\/uploads\/2026\/03\/615148341_1534828895040473_2361485151176104062_n-300x225.jpg 300w, https:\/\/www.astrouw.edu.pl\/knastr\/wp-content\/uploads\/2026\/03\/615148341_1534828895040473_2361485151176104062_n-768x576.jpg 768w, https:\/\/www.astrouw.edu.pl\/knastr\/wp-content\/uploads\/2026\/03\/615148341_1534828895040473_2361485151176104062_n-1536x1152.jpg 1536w, https:\/\/www.astrouw.edu.pl\/knastr\/wp-content\/uploads\/2026\/03\/615148341_1534828895040473_2361485151176104062_n.jpg 2048w\" sizes=\"(max-width: 1024px) 100vw, 1024px\" \/><\/p>\n<p><strong>13 stycznia 2026<\/strong><\/p>\n<p>Spotkanie inauguruj\u0105ce i przedstawiaj\u0105ce cel projektu POGLE<\/p>\n<p><img loading=\"lazy\" decoding=\"async\" class=\"alignnone wp-image-1481 size-large\" src=\"https:\/\/www.astrouw.edu.pl\/knastr\/wp-content\/uploads\/2026\/03\/615349668_1535709658285730_4541679618786660433_n-1024x768.jpg\" alt=\"\" width=\"1024\" height=\"768\" srcset=\"https:\/\/www.astrouw.edu.pl\/knastr\/wp-content\/uploads\/2026\/03\/615349668_1535709658285730_4541679618786660433_n-1024x768.jpg 1024w, https:\/\/www.astrouw.edu.pl\/knastr\/wp-content\/uploads\/2026\/03\/615349668_1535709658285730_4541679618786660433_n-300x225.jpg 300w, https:\/\/www.astrouw.edu.pl\/knastr\/wp-content\/uploads\/2026\/03\/615349668_1535709658285730_4541679618786660433_n-768x576.jpg 768w, https:\/\/www.astrouw.edu.pl\/knastr\/wp-content\/uploads\/2026\/03\/615349668_1535709658285730_4541679618786660433_n-1536x1152.jpg 1536w, https:\/\/www.astrouw.edu.pl\/knastr\/wp-content\/uploads\/2026\/03\/615349668_1535709658285730_4541679618786660433_n.jpg 2048w\" sizes=\"(max-width: 1024px) 100vw, 1024px\" \/><\/p>\n<p><strong>20 stycznia 2026<\/strong><\/p>\n<p>Spotkanie inauguruj\u0105ce projekt klasyfikacji galaktyk o ma\u0142ej jasno\u015bci powierzchniowej we wsp\u00f3\u0142pracy z Narodowym Centrum Bada\u0144 J\u0105drowych<\/p>\n<p><strong><img loading=\"lazy\" decoding=\"async\" class=\"alignnone wp-image-1480 size-large\" src=\"https:\/\/www.astrouw.edu.pl\/knastr\/wp-content\/uploads\/2026\/03\/619117138_1545909983932364_2133337997023893297_n-1024x768.jpg\" alt=\"\" width=\"1024\" height=\"768\" srcset=\"https:\/\/www.astrouw.edu.pl\/knastr\/wp-content\/uploads\/2026\/03\/619117138_1545909983932364_2133337997023893297_n-1024x768.jpg 1024w, https:\/\/www.astrouw.edu.pl\/knastr\/wp-content\/uploads\/2026\/03\/619117138_1545909983932364_2133337997023893297_n-300x225.jpg 300w, https:\/\/www.astrouw.edu.pl\/knastr\/wp-content\/uploads\/2026\/03\/619117138_1545909983932364_2133337997023893297_n-768x576.jpg 768w, https:\/\/www.astrouw.edu.pl\/knastr\/wp-content\/uploads\/2026\/03\/619117138_1545909983932364_2133337997023893297_n-1536x1152.jpg 1536w, https:\/\/www.astrouw.edu.pl\/knastr\/wp-content\/uploads\/2026\/03\/619117138_1545909983932364_2133337997023893297_n.jpg 2048w\" sizes=\"(max-width: 1024px) 100vw, 1024px\" \/><\/strong><\/p>\n","protected":false},"excerpt":{"rendered":"<p>15 pa\u017adziernika 2025 Spotkanie organizacyjne na kt\u00f3rym wybrano nowe w\u0142adze ko\u0142a w sk\u0142adzie: Prezes: Patryk Matera Vice-prezes: Maksymilian Celi\u0144ski Skarbnik: Wojciech Knop Sekretarz: Kajetan Komar 27 pa\u017adziernika 2025 Targi K\u00f3\u0142 Naukowych i Grup Badawczych&#46;&#46;&#46;<\/p>\n","protected":false},"author":10,"featured_media":0,"parent":0,"menu_order":0,"comment_status":"closed","ping_status":"closed","template":"","meta":{"footnotes":""},"_links":{"self":[{"href":"https:\/\/www.astrouw.edu.pl\/knastr\/wp-json\/wp\/v2\/pages\/1464"}],"collection":[{"href":"https:\/\/www.astrouw.edu.pl\/knastr\/wp-json\/wp\/v2\/pages"}],"about":[{"href":"https:\/\/www.astrouw.edu.pl\/knastr\/wp-json\/wp\/v2\/types\/page"}],"author":[{"embeddable":true,"href":"https:\/\/www.astrouw.edu.pl\/knastr\/wp-json\/wp\/v2\/users\/10"}],"replies":[{"embeddable":true,"href":"https:\/\/www.astrouw.edu.pl\/knastr\/wp-json\/wp\/v2\/comments?post=1464"}],"version-history":[{"count":6,"href":"https:\/\/www.astrouw.edu.pl\/knastr\/wp-json\/wp\/v2\/pages\/1464\/revisions"}],"predecessor-version":[{"id":1482,"href":"https:\/\/www.astrouw.edu.pl\/knastr\/wp-json\/wp\/v2\/pages\/1464\/revisions\/1482"}],"wp:attachment":[{"href":"https:\/\/www.astrouw.edu.pl\/knastr\/wp-json\/wp\/v2\/media?parent=1464"}],"curies":[{"name":"wp","href":"https:\/\/api.w.org\/{rel}","templated":true}]}}