{"id":178,"date":"2017-09-14T01:09:11","date_gmt":"2017-09-13T23:09:11","guid":{"rendered":"http:\/\/www.astrouw.edu.pl\/knastr\/?page_id=178"},"modified":"2017-11-13T22:27:52","modified_gmt":"2017-11-13T21:27:52","slug":"lista-uczestnikow","status":"publish","type":"page","link":"https:\/\/www.astrouw.edu.pl\/knastr\/ksakn-2017\/lista-uczestnikow\/","title":{"rendered":"KSAKN 2017 &#8211; Lista uczestnik\u00f3w"},"content":{"rendered":"<h3>Wyk\u0142ady eksperckie<\/h3>\n<p>mgr Anna Jacyszyn-Dobrzeniecka &#8211; <em>Obserwatorium Astronomiczne Uniwersytetu Warszawskiego<\/em><br \/>\nmgr Katarzyna Kruszy\u0144ska &#8211; <em>Obserwatorium Astronomiczne Uniwersytetu Warszawskiego<\/em><br \/>\ndr in\u017c. Stanis\u0142aw Koz\u0142owski &#8211; <em>Cilium Engineering<\/em><\/p>\n<h3>Delegowani studenci<\/h3>\n<p><strong>Uniwersytet Jagiello\u0144ski<\/strong><br \/>\nMagdalena Bochnak<br \/>\nAgnieszka Janiec<br \/>\nKarolina Jarosik<br \/>\nKamil Kasprzak<br \/>\nAgnieszka Mirocha<br \/>\nJulia Piotrowska<br \/>\nMaciej St\u0119pie\u0144<br \/>\nSara Str\u0105czek<br \/>\nJakub Tokarek<\/p>\n<p><strong>Uniwersytet im. Adama Mickiewicza w Poznaniu<\/strong><br \/>\nKarolina Dziadura<br \/>\nIgor Grze\u015bkowiak<br \/>\nJoachim Kr\u00fcger<br \/>\nAleksandra Le\u015bniewska<br \/>\nJ\u0119drzej Skrzypek<br \/>\nRita Wysocza\u0144ska<br \/>\nPaul \u017bukowski<\/p>\n<p><strong>Uniwersytet Miko\u0142aja Kopernika w Toruniu<\/strong><br \/>\nJustyna Borkowska<br \/>\nKatarzyna Dutkowska<br \/>\nDominika Itrich<br \/>\nHubert J\u00f3\u017awiak<br \/>\nAgnieszka Kobak<br \/>\nKrzysztof Lisiecki<br \/>\nMateusz Naro\u017cnik<br \/>\nMonika Stangret<br \/>\nJaros\u0142aw Stephan<br \/>\nKatarzyna Wardzy\u0144ska<br \/>\nOerd Xhemollari<br \/>\nBeata Zjawin<br \/>\nMicha\u0142 \u017b\u00f3\u0142towski<br \/>\nSzymon \u017bywica<\/p>\n<p><strong>Uniwersytet Warszawski<\/strong><br \/>\nWeronika Brzezi\u0144ska<br \/>\nPaulina Dobies<br \/>\nPawe\u0142 Drozda<br \/>\nPiotr Ko\u0142odziejski<br \/>\nEwelina Kucal<br \/>\nPatryk Kula<br \/>\nPiotr \u0141ubis<br \/>\nMicha\u0142 Nowak<br \/>\nDaniel Pie\u0144kowski<br \/>\nJakub Suchecki<br \/>\nMarzena \u015aniegowska<br \/>\nCezary Turski<br \/>\nR\u00f3\u017ca Wadowska<br \/>\nKatarzyna Wojczuk<br \/>\nStefania Wolf<br \/>\nMarcin Wrona<br \/>\nMateusz Zieli\u0144ski<\/p>\n<p><strong>Uniwersytet Wroc\u0142awski<\/strong><br \/>\nTomasz Antonik<br \/>\nPiotr Ko\u0142aczek-Szyma\u0144ski<br \/>\nKrzysztof Kotysz<br \/>\nKatarzyna Kowalska<br \/>\nWojciech Niewiadomski<br \/>\nMa\u0142gorzata Pietras<br \/>\nRobert Przy\u0142uski<br \/>\nSebastian Strzelecki<br \/>\nPaulina Szwarz<\/p>\n<p><strong>Centrum Astronomiczne im. Miko\u0142aja Kopernika PAN<\/strong><br \/>\nMarta Dzie\u0142ak<\/p>\n<p><strong>2 Spo\u0142eczne Liceum Og\u00f3lnokszta\u0142c\u0105ce im. Paw\u0142a Jasienicy<\/strong><br \/>\nAnna Olechowska<\/p>\n","protected":false},"excerpt":{"rendered":"<p>Wyk\u0142ady eksperckie mgr Anna Jacyszyn-Dobrzeniecka &#8211; Obserwatorium Astronomiczne Uniwersytetu Warszawskiego mgr Katarzyna Kruszy\u0144ska &#8211; Obserwatorium Astronomiczne Uniwersytetu Warszawskiego dr in\u017c. Stanis\u0142aw Koz\u0142owski &#8211; Cilium Engineering Delegowani studenci Uniwersytet Jagiello\u0144ski Magdalena Bochnak Agnieszka Janiec Karolina&#46;&#46;&#46;<\/p>\n","protected":false},"author":1,"featured_media":0,"parent":161,"menu_order":0,"comment_status":"closed","ping_status":"closed","template":"","meta":{"footnotes":""},"_links":{"self":[{"href":"https:\/\/www.astrouw.edu.pl\/knastr\/wp-json\/wp\/v2\/pages\/178"}],"collection":[{"href":"https:\/\/www.astrouw.edu.pl\/knastr\/wp-json\/wp\/v2\/pages"}],"about":[{"href":"https:\/\/www.astrouw.edu.pl\/knastr\/wp-json\/wp\/v2\/types\/page"}],"author":[{"embeddable":true,"href":"https:\/\/www.astrouw.edu.pl\/knastr\/wp-json\/wp\/v2\/users\/1"}],"replies":[{"embeddable":true,"href":"https:\/\/www.astrouw.edu.pl\/knastr\/wp-json\/wp\/v2\/comments?post=178"}],"version-history":[{"count":43,"href":"https:\/\/www.astrouw.edu.pl\/knastr\/wp-json\/wp\/v2\/pages\/178\/revisions"}],"predecessor-version":[{"id":309,"href":"https:\/\/www.astrouw.edu.pl\/knastr\/wp-json\/wp\/v2\/pages\/178\/revisions\/309"}],"up":[{"embeddable":true,"href":"https:\/\/www.astrouw.edu.pl\/knastr\/wp-json\/wp\/v2\/pages\/161"}],"wp:attachment":[{"href":"https:\/\/www.astrouw.edu.pl\/knastr\/wp-json\/wp\/v2\/media?parent=178"}],"curies":[{"name":"wp","href":"https:\/\/api.w.org\/{rel}","templated":true}]}}