{"id":25,"date":"2016-11-11T17:19:55","date_gmt":"2016-11-11T16:19:55","guid":{"rendered":"http:\/\/www.astrouw.edu.pl\/knastr\/beta\/?page_id=25"},"modified":"2022-02-14T01:09:54","modified_gmt":"2022-02-14T00:09:54","slug":"stacja-bolidowa","status":"publish","type":"page","link":"https:\/\/www.astrouw.edu.pl\/knastr\/projekty-naukowe\/stacja-bolidowa\/","title":{"rendered":"Stacja bolidowa"},"content":{"rendered":"<p>Stacja bolidowa to zesp\u00f3\u0142 urz\u0105dze\u0144 pozwalaj\u0105cych na automatyczn\u0105 obserwacj\u0119 nocnego nieba w poszukiwaniu bolid\u00f3w, czyli meteor\u00f3w o jasno\u015bci przewy\u017cszaj\u0105cej Wenus (czyli mniej ni\u017c -4 mag). Zebrane dane pozwalaj\u0105 na ustalenie pierwotnej orbity meteoroidu, a tak\u017ce okre\u015blenia potencjalnego obszaru jego spadku. W najbardziej optymistycznym przypadku mo\u017cna odnale\u017a\u0107 le\u017c\u0105cy na ziemi meteoryt, analiza jego sk\u0142adu chemicznego pozwala na uzyskanie wielu cennych informacji o historii naszego Uk\u0142adu S\u0142onecznego.<\/p>\n<p>W 2016 roku r\u00f3wnie\u017c nasze ko\u0142o postanowi\u0142o wnie\u015b\u0107 sw\u00f3j wk\u0142ad do Polskiej Sieci Bolidowej &#8211; projektu zbiorowej obserwacji meteor\u00f3w prowadzonego przez <a href=\"http:\/\/www.pkim.org\">Pracowni\u0119 Komet i Meteor\u00f3w<\/a>. Dzi\u0119ki uprzejmo\u015bci jej cz\u0142onk\u00f3w &#8211; Przemys\u0142awa \u017bo\u0142\u0105dka i Macieja Myszkiewicza uzyskali\u015bmy niezb\u0119dny sprz\u0119t i pomoc techniczn\u0105. Pierwsz\u0105 testow\u0105 obserwacje rozpocz\u0119li\u015bmy w nocy z 10 na 11 maja 2016, kamera zosta\u0142a umieszczona w oknie przedsionka jednej z kopu\u0142 Obserwatorium Astronomicznego UW w Alejach Ujazdowskich. Mimo niezbyt sprzyjaj\u0105cych warunk\u00f3w &#8211; du\u017cego za\u015bwietlenia nieba i nieobfituj\u0105cej w roje pory roku, uda\u0142o nam si\u0119 w\u00f3wczas zarejestrowa\u0107 a\u017c dwa obiekty.<\/p>\n<p>Projekt przeszed\u0142 we w\u0142a\u015bciw\u0105 faz\u0119 10 grudnia tego samego roku, kiedy stacja zosta\u0142a ulokowana na tarasie obserwatorium p\u00f3\u0142nocnego w Ostrowiku (ze wzgl\u0119du na lokalizacj\u0119 otrzyma\u0142a historyczne oznaczenie PFN01, czym przej\u0119\u0142a sukcesj\u0119 od pierwszej stacji PFN pracuj\u0105cej tam w okolicach 2004 roku). Dwa dni p\u00f3\u017aniej pogoda pozwoli\u0142a na pierwszy monitoring nieba, dzi\u0119ki obecnemu w tym okresie rojowi Geminid\u00f3w sfotografowano a\u017c 71 meteor\u00f3w.<\/p>\n<p>Od grudnia 2016 do pa\u017adziernika 2021 roku w sk\u0142ad stacji wchodzi\u0142 komputer PC z procesorem Intel Core 2 Quad Q6600 (2.40 GHz) i 2 GB pami\u0119ci RAM, wyposa\u017cony dodatkowo w kart\u0119 PCI Matrox Meteor, ca\u0142o\u015b\u0107 pracowa\u0142a pod kontrol\u0105 systemu Windows XP i aplikacji MetRec, kt\u00f3ra analizowa\u0142a przesy\u0142any strumieniowo obraz w poszukiwaniu zmian jasno\u015bci. Drugim elementem by\u0142a umieszczona na tarasie analogowa kamera CCTV zamkni<span data-ft=\"{&quot;tn&quot;:&quot;K&quot;}\"><span class=\"UFICommentBody\">\u0119<\/span><\/span>ta w obudowie kumuluj\u0105cej ciep\u0142o i chroni\u0105cej przed innymi szkodliwymi warunkami atmosferycznymi.<\/p>\n<p>W lutym 2022 uruchomiona zosta\u0142a nowa generacja stacji, kt\u00f3rej sercem sta\u0142 si\u0119 komputer z procesorem Intel Core i5-10505 oraz 16 GB RAM. Akwizycji obrazu s\u0142u\u017cy megapikselowa kamera IP The Imaging Source DMK 33GX236. Pierwsze detekcje zebrano w nocy z 13 na 14 lutego.<\/p>\n<div id=\"attachment_69\" style=\"width: 4138px\" class=\"wp-caption aligncenter\"><img loading=\"lazy\" decoding=\"async\" aria-describedby=\"caption-attachment-69\" class=\"wp-image-69 size-full\" src=\"http:\/\/www.astrouw.edu.pl\/knastr\/wp-content\/uploads\/2016\/12\/20161211_122202.jpg\" width=\"4128\" height=\"3096\" srcset=\"https:\/\/www.astrouw.edu.pl\/knastr\/wp-content\/uploads\/2016\/12\/20161211_122202.jpg 4128w, https:\/\/www.astrouw.edu.pl\/knastr\/wp-content\/uploads\/2016\/12\/20161211_122202-300x225.jpg 300w, https:\/\/www.astrouw.edu.pl\/knastr\/wp-content\/uploads\/2016\/12\/20161211_122202-768x576.jpg 768w, https:\/\/www.astrouw.edu.pl\/knastr\/wp-content\/uploads\/2016\/12\/20161211_122202-1024x768.jpg 1024w\" sizes=\"(max-width: 4128px) 100vw, 4128px\" \/><p id=\"caption-attachment-69\" class=\"wp-caption-text\">Kamera CCTV na tarasie obserwatorium. Zdj. Piotr Ko\u0142odziejski<\/p><\/div>\n<p>Zainteresowanych efektami naszej pracy zapraszamy do przejrzenia <a href=\"https:\/\/goo.gl\/photos\/uhRmQAWqSt8jkTDy5\">galerii<\/a> zdj\u0119\u0107 meteor\u00f3w wykrytych przez nasz\u0105 stacj\u0119.<\/p>\n<p>&nbsp;<\/p>\n<p>&nbsp;<\/p>\n","protected":false},"excerpt":{"rendered":"<p>Stacja bolidowa to zesp\u00f3\u0142 urz\u0105dze\u0144 pozwalaj\u0105cych na automatyczn\u0105 obserwacj\u0119 nocnego nieba w poszukiwaniu bolid\u00f3w, czyli meteor\u00f3w o jasno\u015bci przewy\u017cszaj\u0105cej Wenus (czyli mniej ni\u017c -4 mag). Zebrane dane pozwalaj\u0105 na ustalenie pierwotnej orbity meteoroidu, a&#46;&#46;&#46;<\/p>\n","protected":false},"author":1,"featured_media":0,"parent":23,"menu_order":0,"comment_status":"closed","ping_status":"closed","template":"","meta":{"footnotes":""},"_links":{"self":[{"href":"https:\/\/www.astrouw.edu.pl\/knastr\/wp-json\/wp\/v2\/pages\/25"}],"collection":[{"href":"https:\/\/www.astrouw.edu.pl\/knastr\/wp-json\/wp\/v2\/pages"}],"about":[{"href":"https:\/\/www.astrouw.edu.pl\/knastr\/wp-json\/wp\/v2\/types\/page"}],"author":[{"embeddable":true,"href":"https:\/\/www.astrouw.edu.pl\/knastr\/wp-json\/wp\/v2\/users\/1"}],"replies":[{"embeddable":true,"href":"https:\/\/www.astrouw.edu.pl\/knastr\/wp-json\/wp\/v2\/comments?post=25"}],"version-history":[{"count":13,"href":"https:\/\/www.astrouw.edu.pl\/knastr\/wp-json\/wp\/v2\/pages\/25\/revisions"}],"predecessor-version":[{"id":1106,"href":"https:\/\/www.astrouw.edu.pl\/knastr\/wp-json\/wp\/v2\/pages\/25\/revisions\/1106"}],"up":[{"embeddable":true,"href":"https:\/\/www.astrouw.edu.pl\/knastr\/wp-json\/wp\/v2\/pages\/23"}],"wp:attachment":[{"href":"https:\/\/www.astrouw.edu.pl\/knastr\/wp-json\/wp\/v2\/media?parent=25"}],"curies":[{"name":"wp","href":"https:\/\/api.w.org\/{rel}","templated":true}]}}