{"id":27,"date":"2016-11-11T17:20:44","date_gmt":"2016-11-11T16:20:44","guid":{"rendered":"http:\/\/www.astrouw.edu.pl\/knastr\/beta\/?page_id=27"},"modified":"2025-10-21T22:36:51","modified_gmt":"2025-10-21T20:36:51","slug":"zarzad","status":"publish","type":"page","link":"https:\/\/www.astrouw.edu.pl\/knastr\/zarzad\/","title":{"rendered":"Zarz\u0105d"},"content":{"rendered":"<p style=\"text-align: center;\"><strong>Opiekun naukowy KNAstr<\/strong><\/p>\n<p>dr hab. Rados\u0142aw Poleski<\/p>\n<p style=\"text-align: center;\"><strong>Sk\u0142ad zarz\u0105du w roku akademickim 2025\/2026<\/strong><\/p>\n<p>Prezes: Patryk Matera<span class=\"tojvnm2t a6sixzi8 abs2jz4q a8s20v7p t1p8iaqh k5wvi7nf q3lfd5jv pk4s997a bipmatt0 cebpdrjk qowsmv63 owwhemhu dp1hu0rb dhp61c6y iyyx5f41\"><br \/>\nWiceprezes:\u00a0 Maks Celi\u0144ski<br \/>\n<\/span><span class=\"tojvnm2t a6sixzi8 abs2jz4q a8s20v7p t1p8iaqh k5wvi7nf q3lfd5jv pk4s997a bipmatt0 cebpdrjk qowsmv63 owwhemhu dp1hu0rb dhp61c6y iyyx5f41\">Skarbnik: Wojtek Knop<br \/>\nSekretarz: Kajetan Komar<\/span><\/p>\n","protected":false},"excerpt":{"rendered":"<p>Opiekun naukowy KNAstr dr hab. Rados\u0142aw Poleski Sk\u0142ad zarz\u0105du w roku akademickim 2025\/2026 Prezes: Patryk Matera Wiceprezes:\u00a0 Maks Celi\u0144ski Skarbnik: Wojtek Knop Sekretarz: Kajetan Komar<\/p>\n","protected":false},"author":1,"featured_media":0,"parent":0,"menu_order":0,"comment_status":"closed","ping_status":"closed","template":"","meta":{"footnotes":""},"_links":{"self":[{"href":"https:\/\/www.astrouw.edu.pl\/knastr\/wp-json\/wp\/v2\/pages\/27"}],"collection":[{"href":"https:\/\/www.astrouw.edu.pl\/knastr\/wp-json\/wp\/v2\/pages"}],"about":[{"href":"https:\/\/www.astrouw.edu.pl\/knastr\/wp-json\/wp\/v2\/types\/page"}],"author":[{"embeddable":true,"href":"https:\/\/www.astrouw.edu.pl\/knastr\/wp-json\/wp\/v2\/users\/1"}],"replies":[{"embeddable":true,"href":"https:\/\/www.astrouw.edu.pl\/knastr\/wp-json\/wp\/v2\/comments?post=27"}],"version-history":[{"count":18,"href":"https:\/\/www.astrouw.edu.pl\/knastr\/wp-json\/wp\/v2\/pages\/27\/revisions"}],"predecessor-version":[{"id":1352,"href":"https:\/\/www.astrouw.edu.pl\/knastr\/wp-json\/wp\/v2\/pages\/27\/revisions\/1352"}],"wp:attachment":[{"href":"https:\/\/www.astrouw.edu.pl\/knastr\/wp-json\/wp\/v2\/media?parent=27"}],"curies":[{"name":"wp","href":"https:\/\/api.w.org\/{rel}","templated":true}]}}