{"id":29,"date":"2016-11-11T17:21:38","date_gmt":"2016-11-11T16:21:38","guid":{"rendered":"http:\/\/www.astrouw.edu.pl\/knastr\/beta\/?page_id=29"},"modified":"2017-01-11T23:23:11","modified_gmt":"2017-01-11T22:23:11","slug":"regulamin","status":"publish","type":"page","link":"https:\/\/www.astrouw.edu.pl\/knastr\/zarzad\/regulamin\/","title":{"rendered":"Regulamin"},"content":{"rendered":"<h1 style=\"text-align: center;\">Regulamin Ko\u0142a Naukowego Astronom\u00f3w Uniwersytetu Warszawskiego<\/h1>\n<p class=\"sekcja\" style=\"text-align: center;\"><strong>Nazwa i siedziba Organizacji<\/strong><\/p>\n<p class=\"paragraf\" style=\"text-align: center;\"><a name=\"1\"><\/a><strong>\u00a0\u00a71<\/strong><\/p>\n<ol start=\"1\" type=\"1\">\n<li style=\"text-align: left;\">Ko\u0142o Naukowe Astronom\u00f3w Uniwersytetu Warszawskiego, zwane dalej Organizacj\u0105, dzia\u0142a na podstawie ustawy o szkolnictwie wy\u017cszym, Statutu Uniwersytetu Warszawskiego oraz niniejszego Regulaminu.<\/li>\n<li style=\"text-align: left;\">Siedzib\u0105 Organizacji jest Wydzia\u0142 Fizyki.<\/li>\n<\/ol>\n<p class=\"sekcja\" style=\"text-align: center;\"><strong>Cele Organizacji i sposoby ich realizacji<\/strong><\/p>\n<p class=\"paragraf\" style=\"text-align: center;\"><strong><a name=\"2\"><\/a>\u00a0\u00a72<\/strong><\/p>\n<p>Celem Organizacji jest:<\/p>\n<ul type=\"disc\">\n<li>popularyzacja osi\u0105gni\u0119\u0107 astronomii<\/li>\n<li>patronat nad dzia\u0142alno\u015bci\u0105 naukow\u0105 student\u00f3w w zakresie astronomii<\/li>\n<li>wsp\u00f3\u0142praca z osobami i instytucjami w zakresie zbierania informacji i wymiany do\u015bwiadcze\u0144 w dziedzinie astronomii<\/li>\n<li>promocja kierunku Astronomia<\/li>\n<\/ul>\n<p class=\"paragraf\" style=\"text-align: center;\"><strong><a name=\"3\"><\/a>\u00a0\u00a73<\/strong><\/p>\n<p>Organizacja realizuje swoje cele poprzez:<\/p>\n<ul type=\"disc\">\n<li>regularne spotkania organizacyjno &#8211; techniczne<\/li>\n<li>warsztaty w terenie<\/li>\n<li>seminaria tematyczne<\/li>\n<li>spotkania z zaproszonymi pracownikami naukowymi<\/li>\n<li>inne dzia\u0142ania sprzyjaj\u0105ce rozwojowi statutowych cel\u00f3w ko\u0142a.<\/li>\n<\/ul>\n<p class=\"sekcja\" style=\"text-align: center;\"><strong>Cz\u0142onkostwo<\/strong><\/p>\n<p class=\"paragraf\" style=\"text-align: center;\"><strong><a name=\"4\"><\/a>\u00a0\u00a74<\/strong><\/p>\n<p>Cz\u0142onkowie Organizacji dziel\u0105 si\u0119 na zwyczajnych i sympatyk\u00f3w<\/p>\n<p class=\"paragraf\" style=\"text-align: center;\"><a name=\"5\"><\/a><strong>\u00a0\u00a75<\/strong><\/p>\n<p>Cz\u0142onkiem zwyczajnym Organizacji mo\u017ce by\u0107 ka\u017cdy student Uniwersytetu Warszawskiego, kt\u00f3ry jednocze\u015bnie popiera cele naukowe Organizacji.<\/p>\n<p class=\"paragraf\" style=\"text-align: center;\"><a name=\"6\"><\/a><strong>\u00a0\u00a76<\/strong><\/p>\n<p>Sympatykiem Organizacji mo\u017ce by\u0107 osoba zainteresowana biernym udzia\u0142em w pracach Organizacji, a chc\u0105ca poszerzy\u0107 swoj\u0105 wiedz\u0119 z zakresu dzia\u0142alno\u015bci Organizacji.<\/p>\n<p class=\"paragraf\" style=\"text-align: center;\"><a name=\"7\"><\/a><strong>\u00a0\u00a77<\/strong><\/p>\n<ol start=\"1\" type=\"1\">\n<li>Nabycie cz\u0142onkostwa Organizacji nast\u0119puje wskutek uchwa\u0142y Zarz\u0105du Organizacji akceptuj\u0105cej pisemn\u0105 deklaracj\u0119 cz\u0142onkowsk\u0105.<\/li>\n<li>Utrata cz\u0142onkostwa nast\u0119puje: na skutek uchwa\u0142y Zarz\u0105du Organizacji; na skutek o\u015bwiadczenia woli wyst\u0105pienia z Organizacji, podanego do wiadomo\u015bci Zarz\u0105du; z powodu skre\u015blenia z listy student\u00f3w.<\/li>\n<li>Od decyzji Zarz\u0105du o wykluczeniu z Organizacji cz\u0142onek mo\u017ce si\u0119 odwo\u0142a\u0107 do Walnego Zgromadzenia Cz\u0142onk\u00f3w.<\/li>\n<\/ol>\n<p class=\"paragraf\" style=\"text-align: center;\"><a name=\"8\"><\/a><strong>\u00a0\u00a78<\/strong><\/p>\n<p>Cz\u0142onek zwyczajny Organizacji ma prawo do:<\/p>\n<ul>\n<li>czynnego i biernego prawa wyborczego do w\u0142adz Organizacji,<\/li>\n<li>udzia\u0142u w pracach Organizacji, korzystania ze wszystkich urz\u0105dze\u0144, obiekt\u00f3w i stwarzanych przez Organizacj\u0119 mo\u017cliwo\u015bci,<\/li>\n<li>u\u017cywania odznak i znak\u00f3w Organizacji, a tak\u017ce jej reprezentowania na wszelkich imprezach i spotkaniach o charakterze nie koliduj\u0105cym z celami i filozofi\u0105 dzia\u0142ania Organizacji,<\/li>\n<li>zg\u0142aszania opinii, wniosk\u00f3w i postulat\u00f3w pod adresem w\u0142adz Organizacji.<\/li>\n<\/ul>\n<p class=\"paragraf\" style=\"text-align: center;\"><a name=\"9\"><\/a><strong>\u00a0\u00a79<\/strong><\/p>\n<p>Sympatyk Organizacji ma prawo do udzia\u0142u w pracach Organizacji, korzystania ze wszystkich urz\u0105dze\u0144, obiekt\u00f3w i stwarzanych przez Organizacj\u0119 mo\u017cliwo\u015bci.<\/p>\n<p class=\"paragraf\" style=\"text-align: center;\"><a name=\"10\"><\/a><strong>\u00a0\u00a710<\/strong><\/p>\n<p>Do obowi\u0105zk\u00f3w cz\u0142onk\u00f3w nale\u017cy:<\/p>\n<ul type=\"disc\">\n<li>aktywne uczestniczenie w pracach i realizacji cel\u00f3w Organizacji,<\/li>\n<li>stosowanie si\u0119 w swojej dzia\u0142alno\u015bci do uchwa\u0142 oraz wytycznych w\u0142adz Organizacji,<\/li>\n<li>regularne op\u0142acanie sk\u0142adek cz\u0142onkowskich na rzecz Organizacji.<\/li>\n<\/ul>\n<p class=\"sekcja\" style=\"text-align: center;\"><strong>W\u0142adze Organizacji: powo\u0142ywanie, odwo\u0142ywanie, kompetencje<\/strong><\/p>\n<p class=\"paragraf\" style=\"text-align: center;\"><strong><a name=\"11\"><\/a>\u00a0\u00a711<\/strong><\/p>\n<p>Do w\u0142adz Organizacji nale\u017cy:<\/p>\n<ul type=\"disc\">\n<li>Walne Zgromadzenie Cz\u0142onk\u00f3w<\/li>\n<li>Zarz\u0105d<\/li>\n<\/ul>\n<p class=\"paragraf\" style=\"text-align: center;\"><a name=\"12\"><\/a><strong>\u00a0\u00a712<\/strong><\/p>\n<p>Do kompetencji Walnego Zgromadzenia Cz\u0142onk\u00f3w nale\u017cy:<\/p>\n<ul type=\"disc\">\n<li>uchwalanie i zmiany Regulaminu Organizacji,<\/li>\n<li>wyb\u00f3r Prezesa, a na jego wniosek innych cz\u0142onk\u00f3w Zarz\u0105du,<\/li>\n<li>rozpatrywanie sprawozda\u0144 z dzia\u0142alno\u015bci Zarz\u0105du,<\/li>\n<li>podejmowanie decyzji o rozwi\u0105zaniu Organizacji,<\/li>\n<li>rozpatrywanie innych spraw wniesionych przez cz\u0142onk\u00f3w Organizacji.<\/li>\n<\/ul>\n<p class=\"paragraf\" style=\"text-align: center;\"><a name=\"13\"><\/a><strong>\u00a0\u00a713<\/strong><\/p>\n<ol start=\"1\" type=\"1\">\n<li>Walne Zgromadzenie Cz\u0142onk\u00f3w zwo\u0142ywane jest przez prezesa Zarz\u0105du Organizacji co najmniej raz w roku oraz na \u017c\u0105danie co najmniej po\u0142owy cz\u0142onk\u00f3w Organizacji.<\/li>\n<li>W Walnym Zgromadzeniu Cz\u0142onk\u00f3w uczestnicz\u0105 wszyscy cz\u0142onkowie Organizacji.<\/li>\n<\/ol>\n<p class=\"paragraf\" style=\"text-align: center;\"><a name=\"14\"><\/a><strong>\u00a0\u00a714<\/strong><\/p>\n<p>Walne Zgromadzenie Cz\u0142onk\u00f3w podejmuje decyzje wi\u0119kszo\u015bci\u0105 bezwzgl\u0119dn\u0105 g\u0142os\u00f3w w obecno\u015bci co najmniej po\u0142owy uprawnionych.<\/p>\n<p class=\"paragraf\" style=\"text-align: center;\"><a name=\"15\"><\/a><strong>\u00a0\u00a715<\/strong><\/p>\n<p>Zarz\u0105d Organizacji sk\u0142ada si\u0119 z prezesa, wiceprezesa, sekretarza, skarbnika oraz innych cz\u0142onk\u00f3w, je\u017celi Walne Zgromadzenie Cz\u0142onk\u00f3w tak postanowi.<\/p>\n<p class=\"paragraf\" style=\"text-align: center;\"><a name=\"16\"><\/a><strong>\u00a0\u00a716<\/strong><\/p>\n<p>Zarz\u0105d podejmuje decyzje wi\u0119kszo\u015bci\u0105 g\u0142os\u00f3w swoich cz\u0142onk\u00f3w we wszystkich sprawach nie zastrze\u017conych do kompetencji Walnego Zgromadzenia Cz\u0142onk\u00f3w.<\/p>\n<p class=\"paragraf\" style=\"text-align: center;\"><a name=\"17\"><\/a><strong>\u00a0\u00a717<\/strong><\/p>\n<ol start=\"1\" type=\"1\">\n<li>Prezes Zarz\u0105du kieruje pracami Zarz\u0105du oraz reprezentuje Organizacj\u0119 na zewn\u0105trz.<\/li>\n<li>Prezes Zarz\u0105du sk\u0142ada Rektorowi corocznie sprawozdanie z dzia\u0142alno\u015bci Organizacji. Niez\u0142o\u017cenie sprawozdania powoduje wykre\u015blenie Organizacji z rejestru uczelnianych organizacji studenckich.<\/li>\n<li>Prezes Organizacji zobowi\u0105zany jest przedk\u0142ada\u0107 Rektorowi wszelkie zmiany w Regulaminie Organizacji, zmiany we w\u0142adzach Organizacji, i aktualny wykaz cz\u0142onk\u00f3w Organizacji.<\/li>\n<\/ol>\n","protected":false},"excerpt":{"rendered":"<p>Regulamin Ko\u0142a Naukowego Astronom\u00f3w Uniwersytetu Warszawskiego Nazwa i siedziba Organizacji \u00a0\u00a71 Ko\u0142o Naukowe Astronom\u00f3w Uniwersytetu Warszawskiego, zwane dalej Organizacj\u0105, dzia\u0142a na podstawie ustawy o szkolnictwie wy\u017cszym, Statutu Uniwersytetu Warszawskiego oraz niniejszego Regulaminu. Siedzib\u0105 Organizacji&#46;&#46;&#46;<\/p>\n","protected":false},"author":1,"featured_media":0,"parent":27,"menu_order":0,"comment_status":"closed","ping_status":"closed","template":"","meta":{"footnotes":""},"_links":{"self":[{"href":"https:\/\/www.astrouw.edu.pl\/knastr\/wp-json\/wp\/v2\/pages\/29"}],"collection":[{"href":"https:\/\/www.astrouw.edu.pl\/knastr\/wp-json\/wp\/v2\/pages"}],"about":[{"href":"https:\/\/www.astrouw.edu.pl\/knastr\/wp-json\/wp\/v2\/types\/page"}],"author":[{"embeddable":true,"href":"https:\/\/www.astrouw.edu.pl\/knastr\/wp-json\/wp\/v2\/users\/1"}],"replies":[{"embeddable":true,"href":"https:\/\/www.astrouw.edu.pl\/knastr\/wp-json\/wp\/v2\/comments?post=29"}],"version-history":[{"count":4,"href":"https:\/\/www.astrouw.edu.pl\/knastr\/wp-json\/wp\/v2\/pages\/29\/revisions"}],"predecessor-version":[{"id":100,"href":"https:\/\/www.astrouw.edu.pl\/knastr\/wp-json\/wp\/v2\/pages\/29\/revisions\/100"}],"up":[{"embeddable":true,"href":"https:\/\/www.astrouw.edu.pl\/knastr\/wp-json\/wp\/v2\/pages\/27"}],"wp:attachment":[{"href":"https:\/\/www.astrouw.edu.pl\/knastr\/wp-json\/wp\/v2\/media?parent=29"}],"curies":[{"name":"wp","href":"https:\/\/api.w.org\/{rel}","templated":true}]}}