{"id":469,"date":"2019-08-11T15:50:19","date_gmt":"2019-08-11T13:50:19","guid":{"rendered":"http:\/\/www.astrouw.edu.pl\/knastr\/?page_id=469"},"modified":"2019-09-24T21:18:59","modified_gmt":"2019-09-24T19:18:59","slug":"ossa-2019","status":"publish","type":"page","link":"https:\/\/www.astrouw.edu.pl\/knastr\/ossa-2019\/","title":{"rendered":"Og\u00f3lnopolskie Seminarium Student\u00f3w Astronomii 2019"},"content":{"rendered":"<p><a href=\"http:\/\/www.astrouw.edu.pl\/knastr\/wp-content\/uploads\/2019\/08\/ossa-2019.png\"><img loading=\"lazy\" decoding=\"async\" class=\"size-full wp-image-479 aligncenter\" src=\"http:\/\/www.astrouw.edu.pl\/knastr\/wp-content\/uploads\/2019\/08\/ossa-2019.png\" alt=\"\" width=\"416\" height=\"387\" srcset=\"https:\/\/www.astrouw.edu.pl\/knastr\/wp-content\/uploads\/2019\/08\/ossa-2019.png 416w, https:\/\/www.astrouw.edu.pl\/knastr\/wp-content\/uploads\/2019\/08\/ossa-2019-300x279.png 300w\" sizes=\"(max-width: 416px) 100vw, 416px\" \/><\/a><\/p>\n<menu>\n<ol>\n<li><strong><a href=\"http:\/\/www.astrouw.edu.pl\/knastr\/ossa-2019\/informacje\/\">Informacje<\/a><\/strong><\/li>\n<li><strong><a href=\"http:\/\/www.astrouw.edu.pl\/knastr\/ossa-2019\/harmonogram\/\">Harmonogram<\/a><\/strong><\/li>\n<li><strong><a href=\"http:\/\/www.astrouw.edu.pl\/knastr\/ossa-2019\/formularz-rejestracyjny\">Formularz rejestracyjny<\/a><\/strong><\/li>\n<li><strong><a href=\"http:\/\/www.astrouw.edu.pl\/knastr\/ossa-2019\/lista-uczestnikow\/\">Lista uczestnik\u00f3w<\/a><\/strong><\/li>\n<li><strong><a href=\"http:\/\/www.astrouw.edu.pl\/knastr\/ossa-2019\/ksiazkaabstraktow\/\">Ksi\u0105\u017cka abstrakt\u00f3w<\/a><\/strong><\/li>\n<li><strong><a href=\"https:\/\/photos.app.goo.gl\/2a64dugFEkVrt5676\">Galeria<\/a><\/strong><\/li>\n<\/ol>\n<\/menu>\n<p style=\"color: black;\">Og\u00f3lnopolskie Seminarium Student\u00f3w Astronomii 2019 odby\u0142o si\u0119 w dniach 12-14 wrze\u015bnia 2019r. w Olsztynie. Wszystkim bardzo serdecznie dzi\u0119kujemy za uczestnictwo, przedstawione referaty oraz plakaty. Szczeg\u00f3lne podzi\u0119kowania dla <a href=\"https:\/\/www.pta.edu.pl\/\" style=\"font-weight:bold;\">Polskiego Towarzystwa Astronomii<\/a> (PTA), kt\u00f3re wspar\u0142o inicjatyw\u0119 po\u0142\u0105czenia konferencji ze zjazdem PTA oraz przeprowadzi\u0142o wyk\u0142ady eksperckie. <\/p>\n<p><strong style=\"color:black\">Wyr\u00f3\u017cnione wyst\u0105pienia:<\/strong><\/p>\n<p style=\"color:black\">Referat<\/p>\n<ul style=\"color:black\">\n<li>I miejsce &#8211; Katarzyna Kowalska UWr <\/br>&#8222;Czy wszystkie erupcje protuberancji s\u0142onecznych nale\u017c\u0105 do udanych?&#8221;<\/li>\n<li>II miejsce &#8211; Joachim Kr\u00fcger UAM <\/br>&#8222;\u015amieci kosmiczne i kolizje na orbicie wok\u00f3\u0142 Ziemi.&#8221;<\/li>\n<li>III miejsce &#8211; Zofia Kaczmarek UW <\/br>&#8222;Fantastyczne czarne dziury i jak je znale\u017a\u0107&#8221;<\/li>\n<\/ul>\n<p style=\"color:black\">Poster:<\/p>\n<ul style=\"color:black\">\n<li>Oliwia Zi\u00f3\u0142kowska UW <\/br>&#8222;Low-amplitude periodicities in the first overtone classical Cepheids.&#8221;<\/li>\n<\/ul>\n<p><\/br><\/br><\/p>\n<h4>Archiwalne:<\/h4>\n<p style=\"color: black;\">Mamy przyjemno\u015b\u0107 og\u0142osi\u0107, \u017ce Og\u00f3lnopolskie Seminarium Student\u00f3w Astronomii 2019 odb\u0119dzie w Olsztynie w dniach <strong style=\"color:dimgray;\">12-14 wrze\u015bnia br.<\/strong><\/p>\n<p style=\"color: black;\">Skierowane jest ono przede wszystkim do student\u00f3w i doktorant\u00f3w astronomii, ale mile widziane s\u0105 r\u00f3wnie\u017c osoby innych specjalno\u015bci. W pierwszym przypadku zalecamy poinformowanie o zamiarze wyjazdu przedstawicieli ko\u0142a naukowego funkcjonuj\u0105cego na uczelni uczestnika &#8211; mo\u017ce to u\u0142atwi\u0107 organizacj\u0119 podr\u00f3\u017cy, ale w szczeg\u00f3lno\u015bci pozwoli delegatowi sprawniej uzyska\u0107 zwrot jej koszt\u00f3w.<\/p>\n<p style=\"color: black;\">Tegoroczna OSSA organizowana jest w porozumieniu z Polskim Towarzystwem Astronomicznym (PTA) i nak\u0142ada si\u0119 terminem na zjazd PTA (9-12 wrze\u015bnia). Dzi\u0119ki temu podwy\u017cszamy rang\u0119 konferencji i dajemy mo\u017cliwo\u015b\u0107 wybitnym naukowcom zaprezentowania prowadzonych przez nich bie\u017c\u0105cych projekt\u00f3w naukowych, do kt\u00f3rych jako studenci w przysz\u0142o\u015bci b\u0119dziemy mogli do\u0142\u0105czy\u0107.<\/p>\n<p style=\"color: black;\">Udzia\u0142 w konferencji mo\u017cna wzi\u0105\u0107 w spos\u00f3b czynny &#8211; wyg\u0142aszaj\u0105c referat lub prezentuj\u0105c sw\u00f3j plakat promuj\u0105cy zagadnienie lub przedsi\u0119wzi\u0119cie z zakresu profesjonalnej astronomii &#8211; albo biernie uczestniczy\u0107 w charakterze wolnego s\u0142uchacza.<\/p>\n<p><strong>Nie obowi\u0105zuje op\u0142ata konferencyjna.<\/strong><\/p>\n<p style=\"color: black;\">Jako organizatorzy zapewniamy nocleg dla prelegent\u00f3w w ci\u0105gu ca\u0142ego czasu trwania konferencji &#8211; w zale\u017cno\u015bci od liczby uczestnik\u00f3w mo\u017ce to zosta\u0107 rozszerzone o osoby bior\u0105ce udzia\u0142 bierny. Poza cz\u0119\u015bci\u0105 stricte naukow\u0105, przewidziano r\u00f3wnie\u017c inne atrakcje takie jak seans w Planetarium oraz zwiedzanie Obserwatorium.<\/p>\n<p style=\"color: black;\">W celu zg\u0142oszenia ch\u0119ci przyjazdu na OSSA&#8217;\u0119 nale\u017cy wype\u0142ni\u0107 <a href=\"http:\/\/www.astrouw.edu.pl\/knastr\/ossa-2019\/formularz-rejestracyjny\" style=\"font-weight:bold;\">formularz rejestracyjny<\/a> do <strong>28 sierpnia<\/strong> (w\u0142\u0105cznie).<\/p>\n<p style=\"color: black;\">\nZach\u0119camy do \u015bledzenia fanpage&#8217;u na stronie:<br \/>\n<a href=\"https:\/\/www.facebook.com\/ossa.astro\/\">https:\/\/www.facebook.com\/ossa.astro\/<\/a><\/p>\n<p style=\"color: black;\">\nZ wszelkimi pytaniami prosz\u0119 zg\u0142asza\u0107 si\u0119 do prezesa KNAstr:<br \/>\nStefania Wolf<br \/>\n<a href=\"mailto:s.wolf@student.uw.edu.pl\">s.wolf@student.uw.edu.pl<\/a><br \/>\n<a href=\"mailto:knastr@astrouw.edu.pl\">knastr@astrouw.edu.pl<\/a><br \/>\nZwracam uwag\u0119 na to, \u017ce wszystkie informacje b\u0119d\u0105 na bie\u017c\u0105co zamieszczane na stronie.\n<\/p>\n<h3>Partner<\/h3>\n<p><img loading=\"lazy\" decoding=\"async\" class=\"size-full wp-image-479 \" src=\"http:\/\/www.astrouw.edu.pl\/knastr\/wp-content\/uploads\/2019\/09\/LogoPolynomial.png\" alt=\"\" width=\"416\" height=\"387\" \/><\/p>\n<p><\/br><\/p>\n<h3>Patroni medialni<\/h3>\n<p><\/br><br \/>\n<a href=\"http:\/\/astronomia.media.pl\/\"><img loading=\"lazy\" decoding=\"async\" class=\"size-full wp-image-479 \" src=\"http:\/\/www.astrouw.edu.pl\/knastr\/wp-content\/uploads\/2019\/08\/logo_astronomia.png\" alt=\"\" width=\"416\" height=\"387\" \/><\/a><br \/>\n<\/br><br \/>\n<a href=\"https:\/\/www.urania.edu.pl\/\"><img loading=\"lazy\" decoding=\"async\" class=\"size-full wp-image-479 \" src=\"http:\/\/www.astrouw.edu.pl\/knastr\/wp-content\/uploads\/2019\/09\/Urania-winieta-czarna.png\" alt=\"\" width=\"416\" height=\"387\" \/><\/a><br \/>\n<\/br><\/p>\n<h3>Projekt logo<\/h3>\n<p><a href=\"https:\/\/www.ma-concept.pl\/\"><img loading=\"lazy\" decoding=\"async\" class=\"size-full wp-image-479 \" src=\"http:\/\/www.astrouw.edu.pl\/knastr\/wp-content\/uploads\/2019\/09\/ma-concept.jpg\" alt=\"\" width=\"416\" height=\"387\" \/><\/a><\/p>\n<p>&nbsp;<\/p>\n","protected":false},"excerpt":{"rendered":"<p>Informacje Harmonogram Formularz rejestracyjny Lista uczestnik\u00f3w Ksi\u0105\u017cka abstrakt\u00f3w Galeria Og\u00f3lnopolskie Seminarium Student\u00f3w Astronomii 2019 odby\u0142o si\u0119 w dniach 12-14 wrze\u015bnia 2019r. w Olsztynie. Wszystkim bardzo serdecznie dzi\u0119kujemy za uczestnictwo, przedstawione referaty oraz plakaty. Szczeg\u00f3lne&#46;&#46;&#46;<\/p>\n","protected":false},"author":1,"featured_media":0,"parent":0,"menu_order":0,"comment_status":"closed","ping_status":"closed","template":"","meta":{"footnotes":""},"_links":{"self":[{"href":"https:\/\/www.astrouw.edu.pl\/knastr\/wp-json\/wp\/v2\/pages\/469"}],"collection":[{"href":"https:\/\/www.astrouw.edu.pl\/knastr\/wp-json\/wp\/v2\/pages"}],"about":[{"href":"https:\/\/www.astrouw.edu.pl\/knastr\/wp-json\/wp\/v2\/types\/page"}],"author":[{"embeddable":true,"href":"https:\/\/www.astrouw.edu.pl\/knastr\/wp-json\/wp\/v2\/users\/1"}],"replies":[{"embeddable":true,"href":"https:\/\/www.astrouw.edu.pl\/knastr\/wp-json\/wp\/v2\/comments?post=469"}],"version-history":[{"count":49,"href":"https:\/\/www.astrouw.edu.pl\/knastr\/wp-json\/wp\/v2\/pages\/469\/revisions"}],"predecessor-version":[{"id":717,"href":"https:\/\/www.astrouw.edu.pl\/knastr\/wp-json\/wp\/v2\/pages\/469\/revisions\/717"}],"wp:attachment":[{"href":"https:\/\/www.astrouw.edu.pl\/knastr\/wp-json\/wp\/v2\/media?parent=469"}],"curies":[{"name":"wp","href":"https:\/\/api.w.org\/{rel}","templated":true}]}}