{"id":47,"date":"2016-11-15T17:10:07","date_gmt":"2016-11-15T16:10:07","guid":{"rendered":"http:\/\/www.astrouw.edu.pl\/knastr\/beta\/?page_id=47"},"modified":"2025-10-30T11:59:29","modified_gmt":"2025-10-30T10:59:29","slug":"lista-czlonkow-i-sympatykow","status":"publish","type":"page","link":"https:\/\/www.astrouw.edu.pl\/knastr\/lista-czlonkow-i-sympatykow\/","title":{"rendered":"Lista cz\u0142onk\u00f3w"},"content":{"rendered":"<h2>Cz\u0142onkowie<\/h2>\n<ol>\n<li>Barbara Bia\u0142ek<\/li>\n<li>Ksawery G\u0142owacki<\/li>\n<li>Arkadiusz Hess<\/li>\n<li>Wojciech Knop<\/li>\n<li>Pawe\u0142 Kubiak<\/li>\n<li>Micha\u0142 Ma\u0142kowski<\/li>\n<li>Piotr P\u0142onka<\/li>\n<li>Kacper Rutkowski<\/li>\n<li>Hanna Str\u00f3\u017cyk<\/li>\n<li>Zosia Szczechla<\/li>\n<li>Jakub Szyndler<\/li>\n<li>Maks Celi\u0144ski<\/li>\n<li>Patryk Matera<\/li>\n<li>Kajetan Komar<\/li>\n<li>Maria Koper<\/li>\n<li>Piotr J\u0119drzejczyk<\/li>\n<li>Zofia Piszczek<\/li>\n<\/ol>\n","protected":false},"excerpt":{"rendered":"<p>Cz\u0142onkowie Barbara Bia\u0142ek Ksawery G\u0142owacki Arkadiusz Hess Wojciech Knop Pawe\u0142 Kubiak Micha\u0142 Ma\u0142kowski Piotr P\u0142onka Kacper Rutkowski Hanna Str\u00f3\u017cyk Zosia Szczechla Jakub Szyndler Maks Celi\u0144ski Patryk Matera Kajetan Komar Maria Koper Piotr J\u0119drzejczyk Zofia&#46;&#46;&#46;<\/p>\n","protected":false},"author":1,"featured_media":0,"parent":0,"menu_order":0,"comment_status":"closed","ping_status":"closed","template":"","meta":{"footnotes":""},"_links":{"self":[{"href":"https:\/\/www.astrouw.edu.pl\/knastr\/wp-json\/wp\/v2\/pages\/47"}],"collection":[{"href":"https:\/\/www.astrouw.edu.pl\/knastr\/wp-json\/wp\/v2\/pages"}],"about":[{"href":"https:\/\/www.astrouw.edu.pl\/knastr\/wp-json\/wp\/v2\/types\/page"}],"author":[{"embeddable":true,"href":"https:\/\/www.astrouw.edu.pl\/knastr\/wp-json\/wp\/v2\/users\/1"}],"replies":[{"embeddable":true,"href":"https:\/\/www.astrouw.edu.pl\/knastr\/wp-json\/wp\/v2\/comments?post=47"}],"version-history":[{"count":20,"href":"https:\/\/www.astrouw.edu.pl\/knastr\/wp-json\/wp\/v2\/pages\/47\/revisions"}],"predecessor-version":[{"id":1401,"href":"https:\/\/www.astrouw.edu.pl\/knastr\/wp-json\/wp\/v2\/pages\/47\/revisions\/1401"}],"wp:attachment":[{"href":"https:\/\/www.astrouw.edu.pl\/knastr\/wp-json\/wp\/v2\/media?parent=47"}],"curies":[{"name":"wp","href":"https:\/\/api.w.org\/{rel}","templated":true}]}}