{"id":472,"date":"2019-08-11T15:55:47","date_gmt":"2019-08-11T13:55:47","guid":{"rendered":"http:\/\/www.astrouw.edu.pl\/knastr\/?page_id=472"},"modified":"2019-09-11T11:11:22","modified_gmt":"2019-09-11T09:11:22","slug":"lista-uczestnikow","status":"publish","type":"page","link":"https:\/\/www.astrouw.edu.pl\/knastr\/ossa-2019\/lista-uczestnikow\/","title":{"rendered":"OSSA 2019 &#8211; Lista uczestnik\u00f3w"},"content":{"rendered":"<h3>Wyk\u0142ady eksperckie<\/h3>\n<ul>\n<div><strong>Uniwersytet Opolski<\/strong><\/div>\n<li style=\"margin-left: 36px;\">dr hab. W\u0142odzimierz God\u0142owski<\/li>\n<div><strong>Centrum Astronomiczne im. Miko\u0142aja Kopernika PAN<\/strong><\/div>\n<li style=\"margin-left: 36px;\">dr hab. Rodolfo Smiljanic<\/li>\n<div><strong>Narodowe Centrum Bada\u0144 J\u0105drowych<\/strong><\/div>\n<li style=\"margin-left: 36px;\">dr Katarzyna Ma\u0142ek<\/li>\n<div><strong>Urania \/ European Southern Observatory<\/strong><\/div>\n<li style=\"margin-left: 36px;\">dr Krzysztof Czart<\/li>\n<div><strong>Uniwersytet Wroc\u0142awski<\/strong><\/div>\n<li style=\"margin-left: 36px;\">dr hab. Joanna Molenda-\u017bakowicz<\/li>\n<div><strong>Centrum Fizyki Teoretycznej PAN<\/strong><\/div>\n<li style=\"margin-left: 36px;\">dr Maciej Bilicki<\/li>\n<div><strong>Uniwersytet Warmi\u0144sko-Mazurski<\/strong><\/div>\n<li style=\"margin-left: 36px;\">dr Leszek B\u0142aszkiewicz<\/li>\n<div><strong>Fundacja Blisko Wszech\u015bwiata<\/strong><\/div>\n<li style=\"margin-left: 36px;\">pil. in\u017c. Grzegorz Marzec<\/li>\n<div><strong>Obserwatorium Astronomiczne Kr\u00f3lowej Jadwigi w Rzepienniku Biskupim<\/strong><\/div>\n<li style=\"margin-left: 36px;\">dr Bogdan Wszo\u0142ek<\/li>\n<div><strong>Centrum Fizyki Teoretycznej PAN<\/strong><\/div>\n<li style=\"margin-left: 36px;\">dr Wojciech Hellwing<\/li>\n<div><strong>Uniwersytet Jagiello\u0144ski<\/strong><\/div>\n<li style=\"margin-left: 36px;\">Julia Piotrowska<\/li>\n<p><\/p>\n<\/ul>\n<h3>Delegowani studenci i pozostali go\u015bcie<\/h3>\n<ol>\n<div><strong>Uniwersytet Jagiello\u0144ski<\/strong><\/div>\n<li style=\"margin-left: 36px;\">Justyna Put<\/li>\n<li style=\"margin-left: 36px;\">Adam Tu\u017cnik<\/li>\n<p><\/p>\n<div><strong>Uniwersytet im. Adama Mickiewicza w Poznaniu<\/strong><\/div>\n<li style=\"margin-left: 36px;\">Pawe\u0142 Kole\u0144czuk<\/li>\n<li style=\"margin-left: 36px;\">Joachim Kr\u00fcger<\/li>\n<p><\/p>\n<div><strong>Uniwersytet Miko\u0142aja Kopernika w Toruniu<\/strong><\/div>\n<li style=\"margin-left: 36px;\">Dominika Itrich<\/li>\n<li style=\"margin-left: 36px;\">Robert Jaros<\/li>\n<li style=\"margin-left: 36px;\">Agnieszka Kobak<\/li>\n<li style=\"margin-left: 36px;\">Jakub Lipi\u0144ski<\/li>\n<li style=\"margin-left: 36px;\">Krzysztof Lisiecki<\/li>\n<li style=\"margin-left: 36px;\">Szymon \u017bywica<\/li>\n<p><\/p>\n<div><strong>Uniwersytet Warszawski<\/strong><\/div>\n<li style=\"margin-left: 36px;\">Agnieszka Gurgul<\/li>\n<li style=\"margin-left: 36px;\">Zofia Kaczmarek<\/li>\n<li style=\"margin-left: 36px;\">Piotr \u0141ubis<\/li>\n<li style=\"margin-left: 36px;\">Maksymilian Suwara<\/li>\n<li style=\"margin-left: 36px;\">Pawe\u0142 Szewczyk<\/li>\n<li style=\"margin-left: 36px;\">Cezary Turski<\/li>\n<li style=\"margin-left: 36px;\">Stefania Wolf<\/li>\n<li style=\"margin-left: 36px;\">Mateusz Zieli\u0144ski<\/li>\n<li style=\"margin-left: 36px;\">Oliwia Zi\u00f3\u0142kowska<\/li>\n<p><\/p>\n<div><strong>Uniwersytet Wroc\u0142awski<\/strong><\/div>\n<li style=\"margin-left: 36px;\">Katarzyna Kowalska<\/li>\n<li style=\"margin-left: 36px;\">Wojciech Niewiadomski<\/li>\n<p><\/p>\n<div><strong>Uniwersytet Warmi\u0144sko-Mazurski<\/strong><\/div>\n<li style=\"margin-left: 36px;\">Karolina Borek<\/li>\n<div><strong>Instytut Technologiczny w Dublinie<\/strong><\/div>\n<li style=\"margin-left: 36px;\">Barbara Dudko<\/li>\n<p><\/p>\n<div><strong>Polskie Towarzystwo Mi\u0142o\u015bnik\u00f3w Astronomii<\/strong><\/div>\n<li style=\"margin-left: 36px;\">Piotr Skonieczka<\/li>\n<\/ol>\n","protected":false},"excerpt":{"rendered":"<p>Wyk\u0142ady eksperckie Uniwersytet Opolski dr hab. W\u0142odzimierz God\u0142owski Centrum Astronomiczne im. Miko\u0142aja Kopernika PAN dr hab. Rodolfo Smiljanic Narodowe Centrum Bada\u0144 J\u0105drowych dr Katarzyna Ma\u0142ek Urania \/ European Southern Observatory dr Krzysztof Czart Uniwersytet&#46;&#46;&#46;<\/p>\n","protected":false},"author":1,"featured_media":0,"parent":469,"menu_order":0,"comment_status":"closed","ping_status":"closed","template":"","meta":{"footnotes":""},"_links":{"self":[{"href":"https:\/\/www.astrouw.edu.pl\/knastr\/wp-json\/wp\/v2\/pages\/472"}],"collection":[{"href":"https:\/\/www.astrouw.edu.pl\/knastr\/wp-json\/wp\/v2\/pages"}],"about":[{"href":"https:\/\/www.astrouw.edu.pl\/knastr\/wp-json\/wp\/v2\/types\/page"}],"author":[{"embeddable":true,"href":"https:\/\/www.astrouw.edu.pl\/knastr\/wp-json\/wp\/v2\/users\/1"}],"replies":[{"embeddable":true,"href":"https:\/\/www.astrouw.edu.pl\/knastr\/wp-json\/wp\/v2\/comments?post=472"}],"version-history":[{"count":70,"href":"https:\/\/www.astrouw.edu.pl\/knastr\/wp-json\/wp\/v2\/pages\/472\/revisions"}],"predecessor-version":[{"id":694,"href":"https:\/\/www.astrouw.edu.pl\/knastr\/wp-json\/wp\/v2\/pages\/472\/revisions\/694"}],"up":[{"embeddable":true,"href":"https:\/\/www.astrouw.edu.pl\/knastr\/wp-json\/wp\/v2\/pages\/469"}],"wp:attachment":[{"href":"https:\/\/www.astrouw.edu.pl\/knastr\/wp-json\/wp\/v2\/media?parent=472"}],"curies":[{"name":"wp","href":"https:\/\/api.w.org\/{rel}","templated":true}]}}