{"id":475,"date":"2019-08-11T16:23:39","date_gmt":"2019-08-11T14:23:39","guid":{"rendered":"http:\/\/www.astrouw.edu.pl\/knastr\/?page_id=475"},"modified":"2019-09-02T11:24:22","modified_gmt":"2019-09-02T09:24:22","slug":"formularz-rejestracyjny","status":"publish","type":"page","link":"https:\/\/www.astrouw.edu.pl\/knastr\/ossa-2019\/formularz-rejestracyjny\/","title":{"rendered":"OSSA 2019 &#8211; Formularz rejestracyjny"},"content":{"rendered":"<p><strong>Rejestracja zosta\u0142a zako\u0144czona, dzi\u0119kujemy za zainteresowanie. Polecamy \u015bledzi\u0107 przysz\u0142e edycje konferencji.<\/strong><\/p>\n","protected":false},"excerpt":{"rendered":"<p>Rejestracja zosta\u0142a zako\u0144czona, dzi\u0119kujemy za zainteresowanie. Polecamy \u015bledzi\u0107 przysz\u0142e edycje konferencji.<\/p>\n","protected":false},"author":1,"featured_media":0,"parent":469,"menu_order":0,"comment_status":"closed","ping_status":"closed","template":"","meta":{"footnotes":""},"_links":{"self":[{"href":"https:\/\/www.astrouw.edu.pl\/knastr\/wp-json\/wp\/v2\/pages\/475"}],"collection":[{"href":"https:\/\/www.astrouw.edu.pl\/knastr\/wp-json\/wp\/v2\/pages"}],"about":[{"href":"https:\/\/www.astrouw.edu.pl\/knastr\/wp-json\/wp\/v2\/types\/page"}],"author":[{"embeddable":true,"href":"https:\/\/www.astrouw.edu.pl\/knastr\/wp-json\/wp\/v2\/users\/1"}],"replies":[{"embeddable":true,"href":"https:\/\/www.astrouw.edu.pl\/knastr\/wp-json\/wp\/v2\/comments?post=475"}],"version-history":[{"count":3,"href":"https:\/\/www.astrouw.edu.pl\/knastr\/wp-json\/wp\/v2\/pages\/475\/revisions"}],"predecessor-version":[{"id":644,"href":"https:\/\/www.astrouw.edu.pl\/knastr\/wp-json\/wp\/v2\/pages\/475\/revisions\/644"}],"up":[{"embeddable":true,"href":"https:\/\/www.astrouw.edu.pl\/knastr\/wp-json\/wp\/v2\/pages\/469"}],"wp:attachment":[{"href":"https:\/\/www.astrouw.edu.pl\/knastr\/wp-json\/wp\/v2\/media?parent=475"}],"curies":[{"name":"wp","href":"https:\/\/api.w.org\/{rel}","templated":true}]}}