{"id":658,"date":"2019-09-04T19:54:06","date_gmt":"2019-09-04T17:54:06","guid":{"rendered":"http:\/\/www.astrouw.edu.pl\/knastr\/?page_id=658"},"modified":"2019-09-05T03:21:44","modified_gmt":"2019-09-05T01:21:44","slug":"ksiazkaabstraktow","status":"publish","type":"page","link":"https:\/\/www.astrouw.edu.pl\/knastr\/ossa-2019\/ksiazkaabstraktow\/","title":{"rendered":"OSSA 2019 &#8211; Ksi\u0105\u017cka abstrakt\u00f3w"},"content":{"rendered":"<p><iframe loading=\"lazy\" src=\"http:\/\/www.astrouw.edu.pl\/knastr\/wp-content\/uploads\/2019\/09\/ksiazkaAbstraktowOSSA2019.pdf\" width=\"800\" height=\"800\"><\/iframe><\/p>\n","protected":false},"excerpt":{"rendered":"","protected":false},"author":6,"featured_media":0,"parent":469,"menu_order":0,"comment_status":"closed","ping_status":"closed","template":"","meta":{"footnotes":""},"_links":{"self":[{"href":"https:\/\/www.astrouw.edu.pl\/knastr\/wp-json\/wp\/v2\/pages\/658"}],"collection":[{"href":"https:\/\/www.astrouw.edu.pl\/knastr\/wp-json\/wp\/v2\/pages"}],"about":[{"href":"https:\/\/www.astrouw.edu.pl\/knastr\/wp-json\/wp\/v2\/types\/page"}],"author":[{"embeddable":true,"href":"https:\/\/www.astrouw.edu.pl\/knastr\/wp-json\/wp\/v2\/users\/6"}],"replies":[{"embeddable":true,"href":"https:\/\/www.astrouw.edu.pl\/knastr\/wp-json\/wp\/v2\/comments?post=658"}],"version-history":[{"count":9,"href":"https:\/\/www.astrouw.edu.pl\/knastr\/wp-json\/wp\/v2\/pages\/658\/revisions"}],"predecessor-version":[{"id":678,"href":"https:\/\/www.astrouw.edu.pl\/knastr\/wp-json\/wp\/v2\/pages\/658\/revisions\/678"}],"up":[{"embeddable":true,"href":"https:\/\/www.astrouw.edu.pl\/knastr\/wp-json\/wp\/v2\/pages\/469"}],"wp:attachment":[{"href":"https:\/\/www.astrouw.edu.pl\/knastr\/wp-json\/wp\/v2\/media?parent=658"}],"curies":[{"name":"wp","href":"https:\/\/api.w.org\/{rel}","templated":true}]}}