{"id":741,"date":"2020-04-18T22:22:15","date_gmt":"2020-04-18T20:22:15","guid":{"rendered":"http:\/\/www.astrouw.edu.pl\/knastr\/?page_id=741"},"modified":"2020-05-17T22:09:50","modified_gmt":"2020-05-17T20:09:50","slug":"ksakn-2020","status":"publish","type":"page","link":"https:\/\/www.astrouw.edu.pl\/knastr\/ksakn-2020\/","title":{"rendered":"Konferencja Studenckich Astronomicznych K\u00f3\u0142 Naukowych 2020"},"content":{"rendered":"<p><a href=\"http:\/\/www.astrouw.edu.pl\/knastr\/wp-content\/uploads\/2020\/04\/logo_v2.png\"><img decoding=\"async\" class=\"size-full wp-image-479 aligncenter\" src=\"http:\/\/www.astrouw.edu.pl\/knastr\/wp-content\/uploads\/2020\/05\/logo_v2-1.png\" alt=\"\" width=\"600\" \/><\/a><br \/>\n<\/br><\/p>\n<menu>\n<ol>\n<li><strong><a href=\"http:\/\/www.astrouw.edu.pl\/knastr\/ksakn-2020\/informacje\/\">Informacje<\/a><\/strong><\/li>\n<li><strong><a href=\"http:\/\/www.astrouw.edu.pl\/knastr\/ksakn-2020\/plan\/\">Plan<\/a><\/strong><\/li>\n<li><strong><a href=\"http:\/\/www.astrouw.edu.pl\/knastr\/ksakn-2020\/formularz-rejestracyjny\/\">Formularz rejestracyjny<\/a><\/strong><\/li>\n<li><strong><a href=\"http:\/\/www.astrouw.edu.pl\/knastr\/ksakn-2020\/lista-uczestnikow\/\">Lista uczestnik\u00f3w<\/a><\/strong><\/li>\n<\/ol>\n<\/menu>\n<p><\/br><\/p>\n<p style=\"color: black;\">Mamy przyjemno\u015b\u0107 og\u0142osi\u0107, \u017ce zdalna Konferencja Studenckich Astronomicznych K\u00f3\u0142 Naukowych odb\u0119dzie si\u0119 22-24 V 2020r.<\/strong><\/p>\n<p style=\"color: black;\">Skierowane jest ona przede wszystkim do student\u00f3w i doktorant\u00f3w astronomii, ale mile widziane s\u0105 r\u00f3wnie\u017c osoby innych specjalno\u015bci. <\/p>\n<p style=\"color: black;\">Udzia\u0142 w konferencji mo\u017cna wzi\u0105\u0107 w spos\u00f3b czynny &#8211; wyg\u0142aszaj\u0105c referat lub prezentuj\u0105c sw\u00f3j plakat promuj\u0105cy zagadnienie czy przedsi\u0119wzi\u0119cie z zakresu zar\u00f3wno profesjonalnej, jak i amatorskiej astronomii &#8211; albo biernie uczestniczy\u0107 w charakterze wolnego s\u0142uchacza.<\/p>\n<p><strong>Nie obowi\u0105zuje op\u0142ata konferencyjna.<\/strong><\/p>\n<p style=\"color: black;\">Z uwagi na panuj\u0105cy kryzys epidemiologiczny konferencja odb\u0119dzie si\u0119 ca\u0142kowicie zdalnie.<br \/>\nLinki do e-spotka\u0144 w czasie, kt\u00f3rych wyg\u0142aszane b\u0119d\u0105 referaty i prezentowane plakaty zostan\u0105 przesy\u0142ane drog\u0105 mailow\u0105. Dodatkowo przewidziane s\u0105 e-spotkania integracyjne i inne rozrywki. Nie gwarantujemy nocleg\u00f3w ani posi\u0142k\u00f3w.<\/p>\n<p style=\"color: black;\">W celu zg\u0142oszenia ch\u0119ci udzia\u0142u w KSAKN&#8217;ie nale\u017cy wype\u0142ni\u0107 <a href=\"http:\/\/www.astrouw.edu.pl\/knastr\/ksakn-2020\/formularz-rejestracyjny\" style=\"font-weight:bold;\">formularz rejestracyjny<\/a> do 10 V <strong><\/strong> (w\u0142\u0105cznie). Prosimy pilnowa\u0107 tego terminu, <strong>rejestracja nie b\u0119dzie przed\u0142u\u017cana!<\/strong><\/p>\n<p style=\"color: black;\">\nZach\u0119camy do \u015bledzenia fanpage&#8217;u na stronie:<br \/>\nhttps:\/\/www.facebook.com\/niezlykosmos<\/p>\n<p style=\"color: black;\">\nZ wszelkimi pytaniami prosz\u0119 zg\u0142asza\u0107 si\u0119 do prezesa KNAstr:<br \/>\nStefania Wolf<br \/>\n<a href=\"mailto:s.wolf@student.uw.edu.pl\">s.wolf@student.uw.edu.pl<\/a><br \/>\n<a href=\"mailto:knastr@astrouw.edu.pl\">knastr@astrouw.edu.pl<\/a><br \/>\nZwracam uwag\u0119 na to, \u017ce wszystkie informacje b\u0119d\u0105 na bie\u017c\u0105co zamieszczane na stronie.\n<\/p>\n<p><\/br><\/p>\n<h3>Patroni medialni<\/h3>\n<p><\/br><br \/>\n<a href=\"https:\/\/www.urania.edu.pl\/\"><img decoding=\"async\" class=\"size-full wp-image-479 aligncenter\" src=\"http:\/\/www.astrouw.edu.pl\/knastr\/wp-content\/uploads\/2019\/09\/Urania-winieta-czarna.png\" alt=\"\" width=\"400\" \/><\/a><br \/>\n<\/br><br \/>\n<a href=\"http:\/\/www.astronarium.pl\/\"><img decoding=\"async\" class=\"size-full wp-image-479 aligncenter\" src=\"http:\/\/www.astrouw.edu.pl\/knastr\/wp-content\/uploads\/2020\/04\/astronarium.png\" alt=\"\" width=\"500\" \/><\/a><br \/>\n<\/br><br \/>\n<a href=\"https:\/\/www.pta.edu.pl\/\"><img decoding=\"async\" class=\"size-full wp-image-479 aligncenter\" src=\"http:\/\/www.astrouw.edu.pl\/knastr\/wp-content\/uploads\/2020\/04\/logo_PTA_wariant_A.png\" alt=\"\" width=\"300\" \/><\/a><br \/>\n<\/br><br \/>\n<a href=\"https:\/\/www.almukantarat.pl\/\"><img decoding=\"async\" class=\"size-full wp-image-479 aligncenter\" src=\"http:\/\/www.astrouw.edu.pl\/knastr\/wp-content\/uploads\/2020\/04\/Logo_Almukantarat.png\" alt=\"\" width=\"500\" \/><\/a><br \/>\n<\/br><br \/>\n<a href=\"https:\/\/news.astronet.pl\/\"><img decoding=\"async\" class=\"size-full wp-image-479 aligncenter\" src=\"http:\/\/www.astrouw.edu.pl\/knastr\/wp-content\/uploads\/2020\/04\/Logo_AstroNET.png\" alt=\"\" width=\"500\" \/><\/a><\/p>\n<p>&nbsp;<\/p>\n","protected":false},"excerpt":{"rendered":"<p>Informacje Plan Formularz rejestracyjny Lista uczestnik\u00f3w Mamy przyjemno\u015b\u0107 og\u0142osi\u0107, \u017ce zdalna Konferencja Studenckich Astronomicznych K\u00f3\u0142 Naukowych odb\u0119dzie si\u0119 22-24 V 2020r. Skierowane jest ona przede wszystkim do student\u00f3w i doktorant\u00f3w astronomii, ale mile widziane&#46;&#46;&#46;<\/p>\n","protected":false},"author":1,"featured_media":0,"parent":0,"menu_order":0,"comment_status":"closed","ping_status":"closed","template":"","meta":{"footnotes":""},"_links":{"self":[{"href":"https:\/\/www.astrouw.edu.pl\/knastr\/wp-json\/wp\/v2\/pages\/741"}],"collection":[{"href":"https:\/\/www.astrouw.edu.pl\/knastr\/wp-json\/wp\/v2\/pages"}],"about":[{"href":"https:\/\/www.astrouw.edu.pl\/knastr\/wp-json\/wp\/v2\/types\/page"}],"author":[{"embeddable":true,"href":"https:\/\/www.astrouw.edu.pl\/knastr\/wp-json\/wp\/v2\/users\/1"}],"replies":[{"embeddable":true,"href":"https:\/\/www.astrouw.edu.pl\/knastr\/wp-json\/wp\/v2\/comments?post=741"}],"version-history":[{"count":30,"href":"https:\/\/www.astrouw.edu.pl\/knastr\/wp-json\/wp\/v2\/pages\/741\/revisions"}],"predecessor-version":[{"id":989,"href":"https:\/\/www.astrouw.edu.pl\/knastr\/wp-json\/wp\/v2\/pages\/741\/revisions\/989"}],"wp:attachment":[{"href":"https:\/\/www.astrouw.edu.pl\/knastr\/wp-json\/wp\/v2\/media?parent=741"}],"curies":[{"name":"wp","href":"https:\/\/api.w.org\/{rel}","templated":true}]}}