{"id":743,"date":"2020-04-19T00:00:42","date_gmt":"2020-04-18T22:00:42","guid":{"rendered":"http:\/\/www.astrouw.edu.pl\/knastr\/?page_id=743"},"modified":"2020-05-11T00:01:22","modified_gmt":"2020-05-10T22:01:22","slug":"formularz-rejestracyjny","status":"publish","type":"page","link":"https:\/\/www.astrouw.edu.pl\/knastr\/ksakn-2020\/formularz-rejestracyjny\/","title":{"rendered":"KSAKN 2020 &#8211; Formularz rejestracyjny"},"content":{"rendered":"<p>Rejestracja zosta\u0142a zako\u0144czona, dzi\u0119kujemy za zainteresowanie. Polecamy \u015bledzi\u0107 przysz\u0142e edycje konferencji.<\/p>\n","protected":false},"excerpt":{"rendered":"<p>Rejestracja zosta\u0142a zako\u0144czona, dzi\u0119kujemy za zainteresowanie. Polecamy \u015bledzi\u0107 przysz\u0142e edycje konferencji.<\/p>\n","protected":false},"author":1,"featured_media":0,"parent":741,"menu_order":0,"comment_status":"closed","ping_status":"closed","template":"","meta":{"footnotes":""},"_links":{"self":[{"href":"https:\/\/www.astrouw.edu.pl\/knastr\/wp-json\/wp\/v2\/pages\/743"}],"collection":[{"href":"https:\/\/www.astrouw.edu.pl\/knastr\/wp-json\/wp\/v2\/pages"}],"about":[{"href":"https:\/\/www.astrouw.edu.pl\/knastr\/wp-json\/wp\/v2\/types\/page"}],"author":[{"embeddable":true,"href":"https:\/\/www.astrouw.edu.pl\/knastr\/wp-json\/wp\/v2\/users\/1"}],"replies":[{"embeddable":true,"href":"https:\/\/www.astrouw.edu.pl\/knastr\/wp-json\/wp\/v2\/comments?post=743"}],"version-history":[{"count":5,"href":"https:\/\/www.astrouw.edu.pl\/knastr\/wp-json\/wp\/v2\/pages\/743\/revisions"}],"predecessor-version":[{"id":946,"href":"https:\/\/www.astrouw.edu.pl\/knastr\/wp-json\/wp\/v2\/pages\/743\/revisions\/946"}],"up":[{"embeddable":true,"href":"https:\/\/www.astrouw.edu.pl\/knastr\/wp-json\/wp\/v2\/pages\/741"}],"wp:attachment":[{"href":"https:\/\/www.astrouw.edu.pl\/knastr\/wp-json\/wp\/v2\/media?parent=743"}],"curies":[{"name":"wp","href":"https:\/\/api.w.org\/{rel}","templated":true}]}}