{"id":746,"date":"2020-04-19T17:52:27","date_gmt":"2020-04-19T15:52:27","guid":{"rendered":"http:\/\/www.astrouw.edu.pl\/knastr\/?page_id=746"},"modified":"2020-05-15T23:21:02","modified_gmt":"2020-05-15T21:21:02","slug":"informacje","status":"publish","type":"page","link":"https:\/\/www.astrouw.edu.pl\/knastr\/ksakn-2020\/informacje\/","title":{"rendered":"KSAKN 2020 &#8211; Informacje"},"content":{"rendered":"<menu>\n<ul>\n<li><a href=\"#referaty\">Referaty<\/a><\/li>\n<li><a href=\"#postery\">Sesja posterowa<\/a><\/li>\n<li><a href=\"#abstrakty\">Abstrakty<\/a><\/li>\n<li><a href=\"#webex\">Sesje referatowe &#8211; Cisco Webex<\/a><\/li>\n<li><a href=\"#discord\">Przerwy kawowe \u2013 Discord<\/a><\/li>\n<li><a href=\"#komitet\">Komitet Organizacyjny<\/a><\/li>\n<\/ul>\n<\/menu>\n<h3 id=\"referaty\">Referaty<\/h3>\n<p style=\"color: black\">Referaty powinny trwa\u0107 <strong style=\"color:dimgray\">20 min &#8211; w\u0142\u0105cznie z pytaniami<\/strong> (18 min wyk\u0142adu + 2 min pyta\u0144). Ze wzgl\u0119du na okoliczno\u015bci uczestnicy b\u0119d\u0105 musieli prowadzi\u0107 referat z w\u0142asnego komputera lub innego urz\u0105dzenia zdolnego do strumieniowania prezentacji przez wskazan\u0105 przez organizator\u00f3w aplikacj\u0119. Niesie to za sob\u0105 jednak naturaln\u0105 korzy\u015b\u0107, polegaj\u0105c\u0105 na braku odg\u00f3rnych ogranicze\u0144 co do formatu plik\u00f3w.<\/p>\n<h3 id=\"postery\">Sesja posterowa<\/h3>\n<p style=\"color: black\">Przewidujemy przeprowadzenie sesji posterowej, w trakcie kt\u00f3rej osoby przygotowuj\u0105ce plakaty b\u0119d\u0105 mog\u0142y kr\u00f3tko zaprezentowa\u0107 swoj\u0105 prac\u0119. Ka\u017cdy poster zostanie udost\u0119pniony na naszej stronie internetowej. Prosimy o przesy\u0142anie plakat\u00f3w w formacie .pdf <strong style=\"color:dimgray\">najp\u00f3\u017aniej do 20 V<\/strong>.<br \/>\nDla ka\u017cdego autora posteru zostanie stworzony kana\u0142 tekstowy oraz g\u0142osowy w aplikacji Discord (patrz &#8222;<a href=\"#discord\">Przerwy kawowe \u2013 Discord<\/a>&#8222;). Pytania tekstowe b\u0119dzie mo\u017cna zadawa\u0107 w ci\u0105gu ca\u0142ej konferencj\u0119. Dodatkowo zostanie wyznaczony termin przeznaczony na dyskusj\u0119 dotycz\u0105c\u0105 poster\u00f3w w dedykowanych kana\u0142ach g\u0142osowych.<\/p>\n<h3 id=\"abstrakty\">Abstrakty<\/h3>\n<p style=\"color: black\">Prosimy o przesy\u0142anie abstrakt\u00f3w zar\u00f3wno referat\u00f3w, jak i abstrakt\u00f3w poster\u00f3w, drog\u0105 mailow\u0105 (<a href=\"mailto: knastr@astrouw.edu.pl\">knastr@astrouw.edu.pl<\/a> lub <a href=\"mailto:s.wolf@student.uw.edu.pl\">s.wolf@student.uw.edu.pl<\/a>), bezpo\u015brednio w mailu lub w za\u0142\u0105czniku &#8211; <strong style=\"color:dimgray\">najp\u00f3\u017aniej do 15 V<\/strong>.<\/p>\n<h3 id=\"webex\">Sesje referatowe &#8211; Cisco Webex<\/h3>\n<p style=\"color: black\">Sesje referatowe b\u0119d\u0105 odbywa\u0142y si\u0119 przez aplikacj\u0119 <a href=\"https:\/\/www.webex.com\/\"><strong>CiscoWebex<\/strong><\/a>. Linki do spotka\u0144 udost\u0119pnimy drog\u0105 mailow\u0105. Zach\u0119camy Was do wcze\u015bniejszego zainstalowania i zapoznania si\u0119 z ni\u0105 w celu ograniczenia problem\u00f3w technicznych. Narz\u0119dzie to umo\u017cliwia udost\u0119pnianie ekranu, z czego korzysta\u0107 b\u0119d\u0105 prelegenci w celu wy\u015bwietlenia swoich prezentacji. Dost\u0119pny jest tam r\u00f3wnie\u017c czat oraz opcja podniesienia r\u0119ki \u2013 b\u0119d\u0105 to szczeg\u00f3lnie wa\u017cne funkcje w czasie pyta\u0144 do referat\u00f3w.<\/br><br \/>\nPo do\u0142\u0105czeniu do spotkania nale\u017cy poczeka\u0107 na autoryzacj\u0119 przez hosta (jednego z organizator\u00f3w).<strong style=\"color:dimgray\"> Dost\u0119p b\u0119dzie mo\u017cliwy tylko przez osoby zarejestrowane na konferencj\u0119. Zwracamy si\u0119 z pro\u015bb\u0105 o u\u017cycie pe\u0142nego imienia i nazwiska w celu u\u0142atwienia nam identyfikacji uczestnik\u00f3w.<\/strong>\n<\/p>\n<h3 id=\"discord\">Przerwy kawowe \u2013 Discord<\/h3>\n<p style=\"color: black\">Wiemy, \u017ce jednym z wa\u017cniejszych aspekt\u00f3w konferencji jest nawi\u0105zywanie nowych znajomo\u015bci. Wi\u0119kszo\u015b\u0107 debat prowadzona jest poza sesjami referatowymi, w trakcie przerw kawowych. Natura naszej tegorocznej konferencji zmusza nas do zastosowania nowych rozwi\u0105za\u0144. Do cel\u00f3w \u201esocial networkingu\u201d skorzystamy z aplikacji <a href=\"https:\/\/discord.com\/\"><strong>Discord<\/strong><\/a>. Gor\u0105co zach\u0119camy wszystkich uczestnik\u00f3w do zapoznania si\u0119 z ni\u0105 przed rozpocz\u0119ciem konferencji.<\/br><br \/>\nPrzed rozpocz\u0119ciem konferencji prze\u015blemy Wam link do serwera za\u0142o\u017conego w owej aplikacji. Znajdziecie tam zar\u00f3wno kana\u0142y g\u0142osowe, jak i tekstowe. Poni\u017cej zamieszczamy list\u0119 kana\u0142\u00f3w i ich przeznaczenie.<\/p>\n<ul style=\"color: black\">\n<li>og\u0142oszenia \u2013 Kana\u0142 tekstowy, na kt\u00f3rym mog\u0105 publikowa\u0107 wy\u0142\u0105cznie organizatorzy. B\u0119d\u0105 tam zamieszczane bie\u017c\u0105ce informacje.<\/li>\n<li>pytania-do-organizator\u00f3w \u2013 Kana\u0142 tekstowy gdzie mo\u017cecie wysy\u0142a\u0107 do nas pytania. Zach\u0119camy jednak do wcze\u015bniejszego zapoznania si\u0119 z informacjami znajduj\u0105cymi si\u0119 na kanale \u201eog\u0142oszenia\u201d oraz na naszej stronie internetowej.<\/li>\n<li>kontakt z organizatorami \u2013 Jest to kana\u0142 g\u0142osowy, w kt\u00f3rym b\u0119dziemy rozwi\u0105zywa\u0107 bardziej z\u0142o\u017cone problemy pojawiaj\u0105ce si\u0119 w kanale \u201epytania-do-organizator\u00f3w\u201d.<\/li>\n<li>Kana\u0142y w kategorii \u201eprzerwa kawowa\u201d \u2013 Znajduj\u0105 si\u0119 tutaj kana\u0142y do rozm\u00f3w w trakcie przerw kawowych. Owa sekcja umo\u017cliwia prowadzenie kilku niezale\u017cnych rozm\u00f3w jednocze\u015bnie. Zach\u0119camy, aby w trakcie przerwy kawowej, prelegenci, kt\u00f3rzy wyg\u0142aszali swoje referaty przed ow\u0105 przerw\u0105, korzystali z r\u00f3\u017cnych kana\u0142\u00f3w. Pozwoli to pozosta\u0142ym uczestnikom na swobodne zadawanie pyta\u0144 do wyk\u0142adu.<\/li>\n<li>Kana\u0142y w kategorii \u201esesja posterowa\u201d \u2013 W tym miejscu zostan\u0105 stworzone kana\u0142y dedykowane ka\u017cdemu posterowi. B\u0119d\u0105 one dost\u0119pne przez ca\u0142y okres trwania konferencji. Tutaj mo\u017cecie kierowa\u0107 pytania tekstowe do autor\u00f3w danego postera. Znajduj\u0105 si\u0119 tam r\u00f3wnie\u017c trzy kana\u0142y g\u0142osowe gdzie b\u0119dziecie mogli przekierowa\u0107 bardziej skomplikowane dyskusje.<\/li>\n<p><\/br><\/p>\n<p  style=\"color: black\">Program Discord umo\u017cliwia r\u00f3wnie\u017c wywo\u0142ywanie u\u017cytkownik\u00f3w u\u017cywaj\u0105c symbolu @ (wzmianka). Dany u\u017cytkownik otrzyma w\u00f3wczas powiadomienie i zostanie odes\u0142any do konkretnego kana\u0142u tekstowego. Mo\u017cecie z tego korzysta\u0107, aby poinformowa\u0107 organizator\u00f3w o powsta\u0142ym problemie b\u0105d\u017a np. zwr\u00f3ci\u0107 uwag\u0119 autora posteru na zadane do niego pytanie. Mo\u017cliwe jest r\u00f3wnie\u017c wywo\u0142anie wszystkich organizator\u00f3w jednocze\u015bnie u\u017cywaj\u0105c: @organizatorzy . Zwracamy si\u0119 jednak z pro\u015bb\u0105 o nienadu\u017cywanie tej funkcji.<\/br><br \/>\n<strong style=\"color:dimgray\">Apelujemy o u\u017cycie pe\u0142nego imienia z nazwiskiem, jako pseudonimu. U\u017cytkownicy, kt\u00f3rych nie b\u0119dziemy mogli zidentyfikowa\u0107 b\u0119d\u0105 usuwani z serwera.<\/strong><\/br><br \/>\n<a href=\"http:\/\/www.astrouw.edu.pl\/knastr\/wp-content\/uploads\/2020\/05\/instrukcjaDiscordKSAKN2020.pdf\"><strong>Szczeg\u00f3\u0142owa instrukcja obs\u0142ugi Discord w .pdf<\/strong><\/a>\n<\/p>\n<h3 id=\"komitet\">Komitet Organizacyjny<\/h3>\n<p style=\"margin-left:24px; color:black\">Stefania Wolf (<a href=\"mailto:s.wolf@student.uw.edu.pl\">s.wolf@student.uw.edu.pl<\/a>)<br \/>\nCezary Turski<br \/>\nMaksymilian Suwara<br \/>\nPiotr Trzcionkowski<br \/>\nDamian Kawka<\/p>\n","protected":false},"excerpt":{"rendered":"<p>Referaty Sesja posterowa Abstrakty Sesje referatowe &#8211; Cisco Webex Przerwy kawowe \u2013 Discord Komitet Organizacyjny Referaty Referaty powinny trwa\u0107 20 min &#8211; w\u0142\u0105cznie z pytaniami (18 min wyk\u0142adu + 2 min pyta\u0144). Ze wzgl\u0119du&#46;&#46;&#46;<\/p>\n","protected":false},"author":1,"featured_media":0,"parent":741,"menu_order":0,"comment_status":"closed","ping_status":"closed","template":"","meta":{"footnotes":""},"_links":{"self":[{"href":"https:\/\/www.astrouw.edu.pl\/knastr\/wp-json\/wp\/v2\/pages\/746"}],"collection":[{"href":"https:\/\/www.astrouw.edu.pl\/knastr\/wp-json\/wp\/v2\/pages"}],"about":[{"href":"https:\/\/www.astrouw.edu.pl\/knastr\/wp-json\/wp\/v2\/types\/page"}],"author":[{"embeddable":true,"href":"https:\/\/www.astrouw.edu.pl\/knastr\/wp-json\/wp\/v2\/users\/1"}],"replies":[{"embeddable":true,"href":"https:\/\/www.astrouw.edu.pl\/knastr\/wp-json\/wp\/v2\/comments?post=746"}],"version-history":[{"count":31,"href":"https:\/\/www.astrouw.edu.pl\/knastr\/wp-json\/wp\/v2\/pages\/746\/revisions"}],"predecessor-version":[{"id":980,"href":"https:\/\/www.astrouw.edu.pl\/knastr\/wp-json\/wp\/v2\/pages\/746\/revisions\/980"}],"up":[{"embeddable":true,"href":"https:\/\/www.astrouw.edu.pl\/knastr\/wp-json\/wp\/v2\/pages\/741"}],"wp:attachment":[{"href":"https:\/\/www.astrouw.edu.pl\/knastr\/wp-json\/wp\/v2\/media?parent=746"}],"curies":[{"name":"wp","href":"https:\/\/api.w.org\/{rel}","templated":true}]}}