{"id":747,"date":"2020-04-19T17:48:46","date_gmt":"2020-04-19T15:48:46","guid":{"rendered":"http:\/\/www.astrouw.edu.pl\/knastr\/?page_id=747"},"modified":"2020-05-16T19:47:07","modified_gmt":"2020-05-16T17:47:07","slug":"lista-uczestnikow","status":"publish","type":"page","link":"https:\/\/www.astrouw.edu.pl\/knastr\/ksakn-2020\/lista-uczestnikow\/","title":{"rendered":"KSAKN 2020 &#8211; Lista uczestnik\u00f3w"},"content":{"rendered":"<h3>Wyk\u0142ady go\u015bcinne<\/h3>\n<p><\/br><\/p>\n<ul>\n<div><strong>Ameryka\u0144skie Muzeum Historii Naturalnej w Nowym Jorku<\/strong><\/div>\n<li style=\"margin-left: 36px;\">Dr Michael M. Shara<\/li>\n<p><\/br><\/p>\n<div><strong>Uniwersytet im. Radbouda w Nijmegen<\/strong><\/div>\n<li style=\"margin-left: 36px;\">Dr Monika Mo\u015bcibrodzka<\/li>\n<p><\/br><\/p>\n<div><strong>Obserwatorium Astronomiczne Uniwersytetu Warszawskiego<\/strong><\/div>\n<li style=\"margin-left: 36px;\">Prof. dr hab. Tomasz Bulik<\/li>\n<p><\/br><\/p>\n<div><strong>Planetarium Centrum Nauki Kopernik<\/strong><\/div>\n<li style=\"margin-left: 36px;\">Mateusz Wyszy\u0144ski<\/li>\n<\/ul>\n<p><\/br><\/p>\n<h3>Delegowani studenci i pozostali go\u015bcie<\/h3>\n<ol>\n<p><\/br><\/p>\n<div><strong>Instytut Astrofizyki Wysp Kanaryjskich<\/strong><\/div>\n<li style=\"margin-left: 36px;\">Monika Stangret<\/li>\n<p><\/br><\/p>\n<div><strong>Politechnika Warszawska<\/strong><\/div>\n<li style=\"margin-left: 36px;\">Mateusz Ozimek<\/li>\n<p><\/br><\/p>\n<div><strong>Politechnika Wroc\u0142awska<\/strong><\/div>\n<li style=\"margin-left: 36px;\">Tomasz Czy\u017c<\/li>\n<p><\/br><\/p>\n<div><strong>Polskie Towarzystwo Mi\u0142o\u015bnik\u00f3w Astronomii<\/strong><\/div>\n<li style=\"margin-left: 36px;\">Dawid Gondek<\/li>\n<li style=\"margin-left: 36px;\">Krzysztof Klimorowski<\/li>\n<li style=\"margin-left: 36px;\">Piotr Skonieczka<\/li>\n<p><\/br><\/p>\n<div><strong>Uniwersytet Artystyczny w Poznaniu<\/strong><\/div>\n<li style=\"margin-left: 36px;\">Pola Nowicka<\/li>\n<p><\/br><\/p>\n<div><strong>Uniwersytet im. Adama Mickiewicza w Poznaniu<\/strong><\/div>\n<li style=\"margin-left: 36px;\">Karolina Dombek<\/li>\n<li style=\"margin-left: 36px;\">Karolina Dziadura<\/li>\n<li style=\"margin-left: 36px;\">Joachim Kr\u00fcger<\/li>\n<li style=\"margin-left: 36px;\">Aleksandra Le\u015bniewska<\/li>\n<li style=\"margin-left: 36px;\">Julia Matysiak<\/li>\n<li style=\"margin-left: 36px;\">Justyna Olszewska<\/li>\n<li style=\"margin-left: 36px;\">Micha\u0142 Paw\u0142owski<\/li>\n<li style=\"margin-left: 36px;\">Julia Per\u0142a<\/li>\n<li style=\"margin-left: 36px;\">Patrycja P\u00f3\u017aniak<\/li>\n<li style=\"margin-left: 36px;\">Jakub Tokarek<\/li>\n<p><\/br><\/p>\n<div><strong>Uniwersytet Jagiello\u0144ski<\/strong><\/div>\n<li style=\"margin-left: 36px;\">Ma\u0142gorzata Bankowicz<\/li>\n<li style=\"margin-left: 36px;\">Magdalena Bochnak<\/li>\n<li style=\"margin-left: 36px;\">Dawid Chudy<\/li>\n<li style=\"margin-left: 36px;\">Karolina D\u0105dela<\/li>\n<li style=\"margin-left: 36px;\">Pawe\u0142 Hady<\/li>\n<li style=\"margin-left: 36px;\">Aleksander Herzig<\/li>\n<li style=\"margin-left: 36px;\">Karolina Jarosik<\/li>\n<li style=\"margin-left: 36px;\">Kamil Kalinowski<\/li>\n<li style=\"margin-left: 36px;\">Weronika Kie\u0142pi\u0144ska<\/li>\n<li style=\"margin-left: 36px;\">Gabriel Kr\u0119\u017cel<\/li>\n<li style=\"margin-left: 36px;\">Patryk Liniewicz<\/li>\n<li style=\"margin-left: 36px;\">Tomasz \u0141aguz<\/li>\n<li style=\"margin-left: 36px;\">Gabriela Opi\u0142a<\/li>\n<li style=\"margin-left: 36px;\">Julia Os\u0119ka<\/li>\n<li style=\"margin-left: 36px;\">Julia Piotrowska<\/li>\n<li style=\"margin-left: 36px;\">Justyna Put<\/li>\n<li style=\"margin-left: 36px;\">Aleksandra Rab\u0119da<\/li>\n<li style=\"margin-left: 36px;\">Katarzyna Smolarek<\/li>\n<li style=\"margin-left: 36px;\">Sara Str\u0105czek<\/li>\n<li style=\"margin-left: 36px;\">Adam Tu\u017cnik<\/li>\n<li style=\"margin-left: 36px;\">Joanna \u017bak<\/li>\n<p><\/br><\/p>\n<div><strong>Uniwersytet Medyczny w Bia\u0142ymstoku<\/strong><\/div>\n<li style=\"margin-left: 36px;\">Gabriel Murawski<\/li>\n<p><\/br><\/p>\n<div><strong>Uniwersytet Miko\u0142aja Kopernika w Toruniu<\/strong><\/div>\n<li style=\"margin-left: 36px;\">Dominika Itrich<\/li>\n<li style=\"margin-left: 36px;\">Dawid Jankowski<\/li>\n<li style=\"margin-left: 36px;\">Klaudia Kowalczyk<\/li>\n<li style=\"margin-left: 36px;\">Jakub Lipi\u0144ski<\/li>\n<li style=\"margin-left: 36px;\">Krzysztof Lisiecki<\/li>\n<li style=\"margin-left: 36px;\">Weronika Puchalska<\/li>\n<li style=\"margin-left: 36px;\">Sebastian Rudnicki<\/li>\n<li style=\"margin-left: 36px;\">Szymon \u017bywica<\/li>\n<p><\/br><\/p>\n<div><strong>Uniwersytet Wroc\u0142awski<\/strong><\/div>\n<li style=\"margin-left: 36px;\">Katarzyna Czy\u017c<\/li>\n<li style=\"margin-left: 36px;\">Katarzyna Kowalska<\/li>\n<p><\/br><\/p>\n<div><strong>Uniwersytet Warszawski<\/strong><\/div>\n<li style=\"margin-left: 36px;\">Mateusz Bronikowski<\/li>\n<li style=\"margin-left: 36px;\">Pawe\u0142 Drozda<\/li>\n<li style=\"margin-left: 36px;\">Barbara Dwu\u017cnik<\/li>\n<li style=\"margin-left: 36px;\">Agnieszka Gurgul<\/li>\n<li style=\"margin-left: 36px;\">Zofia Kaczmarek<\/li>\n<li style=\"margin-left: 36px;\">Damian Kawka<\/li>\n<li style=\"margin-left: 36px;\">Aleksandra Kiljan<\/li>\n<li style=\"margin-left: 36px;\">Julia Krajecka<\/li>\n<li style=\"margin-left: 36px;\">Magdalena Paw\u0142owska<\/li>\n<li style=\"margin-left: 36px;\">Anna Phung<\/li>\n<li style=\"margin-left: 36px;\">Piotr Trzcionkowski<\/li>\n<li style=\"margin-left: 36px;\">Maksymilian Suwara<\/li>\n<li style=\"margin-left: 36px;\">Cezary Turski<\/li>\n<li style=\"margin-left: 36px;\">Stefania Wolf<\/li>\n<li style=\"margin-left: 36px;\">Oliwia Zi\u00f3\u0142kowska<\/li>\n<p><\/br><\/p>\n<div><strong>I Liceum Og\u00f3lnokszta\u0142c\u0105ce w \u0141om\u017cy<\/strong><\/div>\n<li style=\"margin-left: 36px;\">Maria Pop\u0142awska<\/li>\n<p><\/br><\/p>\n<div><strong>Planety swobodne<\/strong><\/div>\n<li style=\"margin-left: 36px;\">Dariusz Dziadura<\/li>\n<li style=\"margin-left: 36px;\">Marcelina Rapacz<\/li>\n<li style=\"margin-left: 36px;\">Micha\u0142 Ostaszewski<\/li>\n<\/ol>\n","protected":false},"excerpt":{"rendered":"<p>Wyk\u0142ady go\u015bcinne Ameryka\u0144skie Muzeum Historii Naturalnej w Nowym Jorku Dr Michael M. Shara Uniwersytet im. Radbouda w Nijmegen Dr Monika Mo\u015bcibrodzka Obserwatorium Astronomiczne Uniwersytetu Warszawskiego Prof. dr hab. Tomasz Bulik Planetarium Centrum Nauki Kopernik&#46;&#46;&#46;<\/p>\n","protected":false},"author":6,"featured_media":0,"parent":741,"menu_order":0,"comment_status":"closed","ping_status":"closed","template":"","meta":{"footnotes":""},"_links":{"self":[{"href":"https:\/\/www.astrouw.edu.pl\/knastr\/wp-json\/wp\/v2\/pages\/747"}],"collection":[{"href":"https:\/\/www.astrouw.edu.pl\/knastr\/wp-json\/wp\/v2\/pages"}],"about":[{"href":"https:\/\/www.astrouw.edu.pl\/knastr\/wp-json\/wp\/v2\/types\/page"}],"author":[{"embeddable":true,"href":"https:\/\/www.astrouw.edu.pl\/knastr\/wp-json\/wp\/v2\/users\/6"}],"replies":[{"embeddable":true,"href":"https:\/\/www.astrouw.edu.pl\/knastr\/wp-json\/wp\/v2\/comments?post=747"}],"version-history":[{"count":54,"href":"https:\/\/www.astrouw.edu.pl\/knastr\/wp-json\/wp\/v2\/pages\/747\/revisions"}],"predecessor-version":[{"id":981,"href":"https:\/\/www.astrouw.edu.pl\/knastr\/wp-json\/wp\/v2\/pages\/747\/revisions\/981"}],"up":[{"embeddable":true,"href":"https:\/\/www.astrouw.edu.pl\/knastr\/wp-json\/wp\/v2\/pages\/741"}],"wp:attachment":[{"href":"https:\/\/www.astrouw.edu.pl\/knastr\/wp-json\/wp\/v2\/media?parent=747"}],"curies":[{"name":"wp","href":"https:\/\/api.w.org\/{rel}","templated":true}]}}