{"id":751,"date":"2020-04-19T18:08:32","date_gmt":"2020-04-19T16:08:32","guid":{"rendered":"http:\/\/www.astrouw.edu.pl\/knastr\/?page_id=751"},"modified":"2020-05-23T23:35:55","modified_gmt":"2020-05-23T21:35:55","slug":"plan","status":"publish","type":"page","link":"https:\/\/www.astrouw.edu.pl\/knastr\/ksakn-2020\/plan\/","title":{"rendered":"KSAKN 2020 &#8211; Plan"},"content":{"rendered":"<h3>Harmonogram<\/h3>\n<table>\n<tr>\n<th style=\"width: 3%\"><\/th>\n<th style=\"width: 30%\">pi\u0105tek 22 V<\/th>\n<th style=\"width: 3%\"><\/th>\n<th style=\"width: 30%\">sobota 23 V<\/th>\n<th style=\"width: 3%\"><\/th>\n<th style=\"width: 30%\">niedziela 24 V<\/th>\n<\/tr>\n<tr>\n<td><\/td>\n<td><\/td>\n<td>9<sup>00<\/sup><\/td>\n<td>Wyk\u0142ad go\u015bcinny<\/br>Dr Monika Mo\u015bcibrodzka<\/td>\n<td>9<sup>00<\/sup><\/td>\n<td>Wyk\u0142ad go\u015bcinny<\/br>Prof. dr hab. Tomasz Bulik<\/td>\n<\/tr>\n<tr>\n<td><\/td>\n<td><\/td>\n<th>10<sup>20<\/sup><\/td>\n<th>Przerwa kawowa<\/th>\n<th>10<sup>20<\/sup><\/td>\n<th>Przerwa kawowa<\/th>\n<\/tr>\n<tr>\n<td><\/td>\n<td><\/td>\n<th>10<sup>40<\/sup><\/td>\n<th>Przerwa na spacer<\/th>\n<th>10<sup>40<\/sup><\/td>\n<th>Przerwa na spacer<\/th>\n<\/tr>\n<tr>\n<td><\/td>\n<td><\/td>\n<td>11<sup>40<\/sup><\/td>\n<td>Sesja referatowa II<\/th>\n<td rowspan=\"3\">11<sup>40<\/sup><\/td>\n<td rowspan=\"3\">Sesja referatowa V<\/th>\n<\/tr>\n<tr>\n<td><\/td>\n<td><\/td>\n<th>12<sup>20<\/sup><\/td>\n<th>Szybka kawka<\/td>\n<\/tr>\n<tr>\n<td><\/td>\n<td><\/td>\n<td>12<sup>30<\/sup><\/td>\n<td>Sesja posterowa<\/td>\n<\/tr>\n<tr>\n<th><\/td>\n<th><\/th>\n<th>13<sup>00<\/sup><\/td>\n<th>Przerwa obiadowa<\/th>\n<th>13<sup>00<\/sup><\/td>\n<th>Przerwa obiadowa<\/th>\n<\/tr>\n<tr>\n<td>15<sup>00<\/sup><\/td>\n<td>Otwarcie i rejestracja<\/td>\n<td rowspan=\"2\">15<sup>00<\/sup><\/td>\n<td rowspan=\"2\">Sesja referatowa III<\/td>\n<td rowspan=\"2\">15<sup>00<\/sup><\/td>\n<td rowspan=\"2\">Sesja referatowa  VI<\/td>\n<\/tr>\n<tr>\n<td>15<sup>30<\/sup><\/td>\n<td>Wyk\u0142ad go\u015bcinny<\/br>Mateusz Wyszy\u0144ski<\/td>\n<\/tr>\n<tr>\n<th>16<sup>00<\/sup><\/td>\n<th>Przerwa kawowa<\/td>\n<th>16<sup>00<\/sup><\/td>\n<th>Przerwa kawowa<\/td>\n<th>16<sup>00<\/sup><\/td>\n<th>Przerwa kawowa<\/td>\n<\/tr>\n<tr>\n<td>16<sup>20<\/sup><\/td>\n<td>Sesja referatowa I<\/td>\n<td>16<sup>20<\/sup><\/td>\n<td>Sesja referatowa IV<\/td>\n<td>16<sup>20<\/sup><\/td>\n<td>Sesja referatowa VII<\/td>\n<\/tr>\n<tr>\n<th>17<sup>20<\/sup><\/td>\n<th>Przerwa kawowa<\/td>\n<td><\/td>\n<td><\/td>\n<td>17<sup>20<\/sup><\/td>\n<td>G\u0142osowanie<\/td>\n<\/tr>\n<tr>\n<td>17<sup>40<\/sup><\/td>\n<td>Wyk\u0142ad go\u015bcinny<\/br>Dr Michael Shara<\/td>\n<td><\/td>\n<td><\/td>\n<td><\/td>\n<td><\/td>\n<\/tr>\n<tr>\n<td>20<sup>00<\/sup><\/td>\n<td>e-spotkanie integracyjne<\/td>\n<td>18<sup>20<\/sup><\/td>\n<td>e-spotkanie integracyjne<\/td>\n<td>18<sup>20<\/sup><\/td>\n<td>Zako\u0144czenie konferencji<\/td>\n<\/tr>\n<\/table>\n<p><\/br><\/p>\n<h3>Plan szczeg\u00f3\u0142owy<\/h3>\n<p><iframe loading=\"lazy\" src=\"http:\/\/www.astrouw.edu.pl\/knastr\/wp-content\/uploads\/2020\/05\/planSzczegolowyKSAKN2020-v2-5.pdf\" width=\"800\" height=\"800\"><\/iframe><\/p>\n<p><\/br><\/p>\n<h3>Ksi\u0105\u017cka abstrakt\u00f3w<\/h3>\n<p><iframe loading=\"lazy\" src=\"http:\/\/www.astrouw.edu.pl\/knastr\/wp-content\/uploads\/2020\/05\/ksiazkaAbstraktowKSAKN2020-v1-4.pdf\" width=\"800\" height=\"800\"><\/iframe><\/p>\n","protected":false},"excerpt":{"rendered":"<p>Harmonogram pi\u0105tek 22 V sobota 23 V niedziela 24 V 900 Wyk\u0142ad go\u015bcinnyDr Monika Mo\u015bcibrodzka 900 Wyk\u0142ad go\u015bcinnyProf. dr hab. Tomasz Bulik 1020 Przerwa kawowa 1020 Przerwa kawowa 1040 Przerwa na spacer 1040 Przerwa&#46;&#46;&#46;<\/p>\n","protected":false},"author":6,"featured_media":0,"parent":741,"menu_order":0,"comment_status":"closed","ping_status":"closed","template":"","meta":{"footnotes":""},"_links":{"self":[{"href":"https:\/\/www.astrouw.edu.pl\/knastr\/wp-json\/wp\/v2\/pages\/751"}],"collection":[{"href":"https:\/\/www.astrouw.edu.pl\/knastr\/wp-json\/wp\/v2\/pages"}],"about":[{"href":"https:\/\/www.astrouw.edu.pl\/knastr\/wp-json\/wp\/v2\/types\/page"}],"author":[{"embeddable":true,"href":"https:\/\/www.astrouw.edu.pl\/knastr\/wp-json\/wp\/v2\/users\/6"}],"replies":[{"embeddable":true,"href":"https:\/\/www.astrouw.edu.pl\/knastr\/wp-json\/wp\/v2\/comments?post=751"}],"version-history":[{"count":38,"href":"https:\/\/www.astrouw.edu.pl\/knastr\/wp-json\/wp\/v2\/pages\/751\/revisions"}],"predecessor-version":[{"id":1041,"href":"https:\/\/www.astrouw.edu.pl\/knastr\/wp-json\/wp\/v2\/pages\/751\/revisions\/1041"}],"up":[{"embeddable":true,"href":"https:\/\/www.astrouw.edu.pl\/knastr\/wp-json\/wp\/v2\/pages\/741"}],"wp:attachment":[{"href":"https:\/\/www.astrouw.edu.pl\/knastr\/wp-json\/wp\/v2\/media?parent=751"}],"curies":[{"name":"wp","href":"https:\/\/api.w.org\/{rel}","templated":true}]}}